{"id":19538,"date":"2021-12-07T14:04:53","date_gmt":"2021-12-07T11:04:53","guid":{"rendered":"https:\/\/bimser.com\/beam-enterprise-asset-management-system\/facility-management-solutions\/"},"modified":"2025-04-11T14:58:08","modified_gmt":"2025-04-11T11:58:08","slug":"facility-management-solutions","status":"publish","type":"page","link":"https:\/\/bimser.com\/en\/beam-enterprise-asset-management-system\/facility-management-solutions\/","title":{"rendered":"Facility Management Solutions"},"content":{"rendered":"<div class=\"wpb-content-wrapper\"><p>[vc_section full_width=&#8221;stretch_row&#8221; pix_over_visibility=&#8221;&#8221;][vc_row pix_particles_check=&#8221;&#8221;][vc_column]<div class=\"pix-element-div w-100 text-center\"><span class=\"pix-badge-element h6 d-inline-flex mr-1 \"  ><span class=\"badge font-weight-bold secondary-font bg-red  vc_custom_1638326303054  \" style=\" \"><span class=\"text-white\" style=\"\">BEAM<\/span><\/span><\/span><\/div><div id=\"el1667459080041-cfb918ed-a9af\" class=\"mb-3 text-center \"><div class=\"d-inline-block\" style=\"max-width:650px;\"><h2 class=\"mb-32 pix-sliding-headline-2 animate-in font-weight-bold secondary-font \" data-anim-type=\"pix-sliding-text\" pix-anim-delay=\"500\" data-class=\"secondary-font text-gradient-primary\" style=\"\"><span class=\"slide-in-container \"><span class=\"pix-sliding-item secondary-font text-gradient-primary\" style=\"transition-delay: 0ms;\">Facility&#32;<\/span><\/span> <span class=\"slide-in-container \"><span class=\"pix-sliding-item secondary-font text-gradient-primary\" style=\"transition-delay: 150ms;\">Management&#32;<\/span><\/span> <span class=\"slide-in-container \"><span class=\"pix-sliding-item secondary-font text-gradient-primary\" style=\"transition-delay: 300ms;\">Solutions&#32;<\/span><\/span> <\/h2><\/div><\/div><div class=\"pix-el-text w-100 text-center \" ><div class=\"d-inline-block\" style=\"max-width:650px;\"><p class=\"text-20  text-body-default text-center font-weight-bold\" ><span class=\"text-body-default animate-in d-inline-block\" data-anim-delay=\"1000\" data-anim-type=\"fade-in-up\">Manage assets correctly and have detailed analytics on purchasing and procurement.<\/span><\/p><\/div><\/div>[vc_empty_space height=&#8221;20px&#8221;][vc_column_text el_class=&#8221;text-just&#8221;]<\/p>\n<p style=\"text-align: center;\"><strong>BEAM Facility Management<\/strong> solution, which offers a solution to meet the demand and service needs of facilities in order to meet their needs, meets the needs of managers who want to show high performance and control operations through these criteria.<\/p>\n<p>[\/vc_column_text][vc_empty_space height=&#8221;40px&#8221;][\/vc_column][\/vc_row][\/vc_section][vc_section full_width=&#8221;stretch_row&#8221; pix_over_visibility=&#8221;&#8221; css=&#8221;.vc_custom_1638327080102{padding-top: 20px !important;padding-bottom: 80px !important;background-color: #f8f9fa !important;}&#8221;][vc_row pix_particles_check=&#8221;&#8221;][vc_column]<div id=\"el1667459080162-26875825-b1ea\" class=\"mb-3 text-left \"><h4 class=\"mb-32 pix-sliding-headline-2 animate-in font-weight-bold secondary-font \" data-anim-type=\"pix-sliding-text\" pix-anim-delay=\"500\" data-class=\"secondary-font text-heading-default\" style=\"\"><span class=\"slide-in-container \"><span class=\"pix-sliding-item secondary-font text-heading-default\" style=\"transition-delay: 0ms;\">Facility&#32;<\/span><\/span> <span class=\"slide-in-container \"><span class=\"pix-sliding-item secondary-font text-heading-default\" style=\"transition-delay: 150ms;\">Management&#32;<\/span><\/span> <span class=\"slide-in-container \"><span class=\"pix-sliding-item secondary-font text-heading-default\" style=\"transition-delay: 300ms;\">Benefits&#32;<\/span><\/span> <\/h4><\/div><div id=\"duo-icon-57965066\" class=\"slide-in-container w-100  \" ><div class=\"py-2 \"  ><div class=\"pix-feature-list        py-2 d-flex align-items-center\" ><div class=\"d-inline-flex align-items-center pix-mr-10 text-red\" style=\"font-size:1.2em;position:relative;line-height:1em;text-align:center;\"><svg class=\"pixfort-icon \" width=\"24\" height=\"24\"  data-name=\"Line\/pixfort-icon-check-circle-1\" viewBox=\"2 2 20 20\"><path fill=\"none\" stroke=\"var(--pf-icon-color)\" stroke-linecap=\"round\" stroke-linejoin=\"round\" stroke-width=\"var(--pf-icon-stroke-width)\" d=\"M12,21 C16.9705627,21 21,16.9705627 21,12 C21,7.02943725 16.9705627,3 12,3 C7.02943725,3 3,7.02943725 3,12 C3,16.9705627 7.02943725,21 12,21 Z M8,12 L10.5,14.5 L16,9\"\/><\/svg><\/div><span class=\"text-primary\">It manages all guest requests and complaints, technical maintenance needs and workflows in a single system. With BEAM Facility Management Solution, data entry can be done via web, mobile phones or tablets. It automatically assigns the work to the appropriate staff, informs them and gives the necessary warnings to complete the work within the defined time limits.<\/span><\/div><div class=\"pix-feature-list        py-2 d-flex align-items-center\" ><div class=\"d-inline-flex align-items-center pix-mr-10 text-red\" style=\"font-size:1.2em;position:relative;line-height:1em;text-align:center;\"><svg class=\"pixfort-icon \" width=\"24\" height=\"24\"  data-name=\"Line\/pixfort-icon-check-circle-1\" viewBox=\"2 2 20 20\"><path fill=\"none\" stroke=\"var(--pf-icon-color)\" stroke-linecap=\"round\" stroke-linejoin=\"round\" stroke-width=\"var(--pf-icon-stroke-width)\" d=\"M12,21 C16.9705627,21 21,16.9705627 21,12 C21,7.02943725 16.9705627,3 12,3 C7.02943725,3 3,7.02943725 3,12 C3,16.9705627 7.02943725,21 12,21 Z M8,12 L10.5,14.5 L16,9\"\/><\/svg><\/div><span class=\"text-primary\">According to feedback from customers, it has been observed that service and solution times have improved by 30%-50% in facilities that manage their processes with BEAM Facility Management Solution.<\/span><\/div><\/div><\/div>[\/vc_column][\/vc_row][\/vc_section]<\/p>\n<\/div>","protected":false},"excerpt":{"rendered":"[vc_section full_width=&#8221;stretch_row&#8221; pix_over_visibility=&#8221;&#8221;][vc_row pix_particles_check=&#8221;&#8221;][vc_column][vc_empty_space height=&#8221;20px&#8221;][vc_column_text el_class=&#8221;text-just&#8221;] BEAM Facility Management solution, which offers a solution to meet the demand and service needs of facilities in order to meet their needs, meets the needs of managers who want to show high performance&#8230;","protected":false},"author":2,"featured_media":24090,"parent":19515,"menu_order":0,"comment_status":"closed","ping_status":"closed","template":"","meta":{"inline_featured_image":false,"footnotes":""},"class_list":["post-19538","page","type-page","status-publish","has-post-thumbnail","hentry"],"yoast_head":"<!-- This site is optimized with the Yoast SEO Premium plugin v19.7 (Yoast SEO v27.3) - https:\/\/yoast.com\/product\/yoast-seo-premium-wordpress\/ -->\n<title>&quot;Facility Management&quot; for Effective, Agile Management and Detailed Analysis<\/title>\n<meta name=\"description\" content=\"BEAM Facility Management Solution Providing a Solution to Meet the Demand and Service Needs of Facilities to Meet Their Needs\" \/>\n<meta name=\"robots\" content=\"index, follow, max-snippet:-1, max-image-preview:large, max-video-preview:-1\" \/>\n<link rel=\"canonical\" href=\"https:\/\/bimser.com\/en\/beam-enterprise-asset-management-system\/facility-management-solutions\/\" \/>\n<meta property=\"og:locale\" content=\"en_US\" \/>\n<meta property=\"og:type\" content=\"article\" \/>\n<meta property=\"og:title\" content=\"&quot;Facility Management&quot; for Effective, Agile Management and Detailed Analysis\" \/>\n<meta property=\"og:description\" content=\"Manage Assets Accurately, Have Detailed Analyses on Purchasing and Procurement with BEAM Facility Management Solution, Which Provides a Solution to Meet the Demand and Service Needs of Facilities to Meet Their Needs.\" \/>\n<meta property=\"og:url\" content=\"https:\/\/bimser.com\/en\/beam-enterprise-asset-management-system\/facility-management-solutions\/\" \/>\n<meta property=\"og:site_name\" content=\"Bimser \u00c7\u00f6z\u00fcm\" \/>\n<meta property=\"article:publisher\" content=\"https:\/\/www.facebook.com\/bmsercozum\/\" \/>\n<meta property=\"article:modified_time\" content=\"2025-04-11T11:58:08+00:00\" \/>\n<meta property=\"og:image\" content=\"https:\/\/bimser.com\/wp-content\/uploads\/2022\/10\/Tesis-Yo\u0308netimni-C\u0327o\u0308zu\u0308mleri.jpg\" \/>\n\t<meta property=\"og:image:width\" content=\"2000\" \/>\n\t<meta property=\"og:image:height\" content=\"1200\" \/>\n\t<meta property=\"og:image:type\" content=\"image\/jpeg\" \/>\n<meta name=\"twitter:card\" content=\"summary_large_image\" \/>\n<meta name=\"twitter:title\" content=\"&quot;Facility Management&quot; for Effective, Agile Management and Detailed Analysis\" \/>\n<meta name=\"twitter:description\" content=\"Manage Assets Accurately, Have Detailed Analyses on Purchasing and Procurement with BEAM Facility Management Solution, Which Provides a Solution to Meet the Demand and Service Needs of Facilities to Meet Their Needs.\" \/>\n<meta name=\"twitter:site\" content=\"@Bimser_\" \/>\n<meta name=\"twitter:label1\" content=\"Est. reading time\" \/>\n\t<meta name=\"twitter:data1\" content=\"2 minutes\" \/>\n<script type=\"application\/ld+json\" class=\"yoast-schema-graph\">{\"@context\":\"https:\\\/\\\/schema.org\",\"@graph\":[{\"@type\":\"WebPage\",\"@id\":\"https:\\\/\\\/bimser.com\\\/en\\\/beam-enterprise-asset-management-system\\\/facility-management-solutions\\\/\",\"url\":\"https:\\\/\\\/bimser.com\\\/en\\\/beam-enterprise-asset-management-system\\\/facility-management-solutions\\\/\",\"name\":\"\\\"Facility Management\\\" for Effective, Agile Management and Detailed Analysis\",\"isPartOf\":{\"@id\":\"https:\\\/\\\/bimser.com\\\/#website\"},\"primaryImageOfPage\":{\"@id\":\"https:\\\/\\\/bimser.com\\\/en\\\/beam-enterprise-asset-management-system\\\/facility-management-solutions\\\/#primaryimage\"},\"image\":{\"@id\":\"https:\\\/\\\/bimser.com\\\/en\\\/beam-enterprise-asset-management-system\\\/facility-management-solutions\\\/#primaryimage\"},\"thumbnailUrl\":\"https:\\\/\\\/bimser.com\\\/wp-content\\\/uploads\\\/2022\\\/10\\\/Tesis-Yo\u0308netimni-C\u0327o\u0308zu\u0308mleri.jpg\",\"datePublished\":\"2021-12-07T11:04:53+00:00\",\"dateModified\":\"2025-04-11T11:58:08+00:00\",\"description\":\"BEAM Facility Management Solution Providing a Solution to Meet the Demand and Service Needs of Facilities to Meet Their Needs\",\"breadcrumb\":{\"@id\":\"https:\\\/\\\/bimser.com\\\/en\\\/beam-enterprise-asset-management-system\\\/facility-management-solutions\\\/#breadcrumb\"},\"inLanguage\":\"en-US\",\"potentialAction\":[{\"@type\":\"ReadAction\",\"target\":[\"https:\\\/\\\/bimser.com\\\/en\\\/beam-enterprise-asset-management-system\\\/facility-management-solutions\\\/\"]}]},{\"@type\":\"ImageObject\",\"inLanguage\":\"en-US\",\"@id\":\"https:\\\/\\\/bimser.com\\\/en\\\/beam-enterprise-asset-management-system\\\/facility-management-solutions\\\/#primaryimage\",\"url\":\"https:\\\/\\\/bimser.com\\\/wp-content\\\/uploads\\\/2022\\\/10\\\/Tesis-Yo\u0308netimni-C\u0327o\u0308zu\u0308mleri.jpg\",\"contentUrl\":\"https:\\\/\\\/bimser.com\\\/wp-content\\\/uploads\\\/2022\\\/10\\\/Tesis-Yo\u0308netimni-C\u0327o\u0308zu\u0308mleri.jpg\",\"width\":2000,\"height\":1200,\"caption\":\"Tesislerin, \u0130htiya\u00e7lar\u0131n\u0131 Kar\u015f\u0131layabilmek i\u00e7in Talep Ve Servis \u0130htiya\u00e7lar\u0131n\u0131 Gidermeye Y\u00f6nelik Bir \u00c7\u00f6z\u00fcm Sunan BEAM Tesis Y\u00f6netimi \u00c7\u00f6z\u00fcm\u00fc\"},{\"@type\":\"BreadcrumbList\",\"@id\":\"https:\\\/\\\/bimser.com\\\/en\\\/beam-enterprise-asset-management-system\\\/facility-management-solutions\\\/#breadcrumb\",\"itemListElement\":[{\"@type\":\"ListItem\",\"position\":1,\"name\":\"Anasayfa\",\"item\":\"https:\\\/\\\/bimser.com\\\/\"},{\"@type\":\"ListItem\",\"position\":2,\"name\":\"BEAM Computerized Maintenance Management System (CMMS)\",\"item\":\"https:\\\/\\\/bimser.com\\\/en\\\/beam-enterprise-asset-management-system\\\/\"},{\"@type\":\"ListItem\",\"position\":3,\"name\":\"Facility Management Solutions\"}]},{\"@type\":\"WebSite\",\"@id\":\"https:\\\/\\\/bimser.com\\\/#website\",\"url\":\"https:\\\/\\\/bimser.com\\\/\",\"name\":\"Bimser \u00c7\u00f6z\u00fcm\",\"description\":\"Dijital D\u00f6n\u00fc\u015f\u00fcmde Ak\u0131ll\u0131 \u00c7\u00f6z\u00fcmler ve \u00dcr\u00fcnler\",\"publisher\":{\"@id\":\"https:\\\/\\\/bimser.com\\\/#organization\"},\"potentialAction\":[{\"@type\":\"SearchAction\",\"target\":{\"@type\":\"EntryPoint\",\"urlTemplate\":\"https:\\\/\\\/bimser.com\\\/?s={search_term_string}\"},\"query-input\":{\"@type\":\"PropertyValueSpecification\",\"valueRequired\":true,\"valueName\":\"search_term_string\"}}],\"inLanguage\":\"en-US\"},{\"@type\":\"Organization\",\"@id\":\"https:\\\/\\\/bimser.com\\\/#organization\",\"name\":\"Bimser \u00c7\u00f6z\u00fcm\",\"alternateName\":\"Bimser Inc.\",\"url\":\"https:\\\/\\\/bimser.com\\\/\",\"logo\":{\"@type\":\"ImageObject\",\"inLanguage\":\"en-US\",\"@id\":\"https:\\\/\\\/bimser.com\\\/#\\\/schema\\\/logo\\\/image\\\/\",\"url\":\"https:\\\/\\\/bimser.com\\\/bimser\\\/wp-content\\\/uploads\\\/2021\\\/09\\\/Bimser-Logo-4-300x101-1.png\",\"contentUrl\":\"https:\\\/\\\/bimser.com\\\/bimser\\\/wp-content\\\/uploads\\\/2021\\\/09\\\/Bimser-Logo-4-300x101-1.png\",\"width\":300,\"height\":101,\"caption\":\"Bimser \u00c7\u00f6z\u00fcm\"},\"image\":{\"@id\":\"https:\\\/\\\/bimser.com\\\/#\\\/schema\\\/logo\\\/image\\\/\"},\"sameAs\":[\"https:\\\/\\\/www.facebook.com\\\/bmsercozum\\\/\",\"https:\\\/\\\/x.com\\\/Bimser_\",\"https:\\\/\\\/www.instagram.com\\\/bimsercozum\\\/\",\"https:\\\/\\\/www.linkedin.com\\\/company\\\/bimser-z-m\\\/mycompany\\\/\",\"https:\\\/\\\/www.youtube.com\\\/channel\\\/UCX_4PkXrhcp9Cweo5KTDCMQ\"]}]}<\/script>\n<!-- \/ Yoast SEO Premium plugin. -->","yoast_head_json":{"title":"\"Facility Management\" for Effective, Agile Management and Detailed Analysis","description":"BEAM Facility Management Solution Providing a Solution to Meet the Demand and Service Needs of Facilities to Meet Their Needs","robots":{"index":"index","follow":"follow","max-snippet":"max-snippet:-1","max-image-preview":"max-image-preview:large","max-video-preview":"max-video-preview:-1"},"canonical":"https:\/\/bimser.com\/en\/beam-enterprise-asset-management-system\/facility-management-solutions\/","og_locale":"en_US","og_type":"article","og_title":"\"Facility Management\" for Effective, Agile Management and Detailed Analysis","og_description":"Manage Assets Accurately, Have Detailed Analyses on Purchasing and Procurement with BEAM Facility Management Solution, Which Provides a Solution to Meet the Demand and Service Needs of Facilities to Meet Their Needs.","og_url":"https:\/\/bimser.com\/en\/beam-enterprise-asset-management-system\/facility-management-solutions\/","og_site_name":"Bimser \u00c7\u00f6z\u00fcm","article_publisher":"https:\/\/www.facebook.com\/bmsercozum\/","article_modified_time":"2025-04-11T11:58:08+00:00","og_image":[{"width":2000,"height":1200,"url":"https:\/\/bimser.com\/wp-content\/uploads\/2022\/10\/Tesis-Yo\u0308netimni-C\u0327o\u0308zu\u0308mleri.jpg","type":"image\/jpeg"}],"twitter_card":"summary_large_image","twitter_title":"\"Facility Management\" for Effective, Agile Management and Detailed Analysis","twitter_description":"Manage Assets Accurately, Have Detailed Analyses on Purchasing and Procurement with BEAM Facility Management Solution, Which Provides a Solution to Meet the Demand and Service Needs of Facilities to Meet Their Needs.","twitter_site":"@Bimser_","twitter_misc":{"Est. reading time":"2 minutes"},"schema":{"@context":"https:\/\/schema.org","@graph":[{"@type":"WebPage","@id":"https:\/\/bimser.com\/en\/beam-enterprise-asset-management-system\/facility-management-solutions\/","url":"https:\/\/bimser.com\/en\/beam-enterprise-asset-management-system\/facility-management-solutions\/","name":"\"Facility Management\" for Effective, Agile Management and Detailed Analysis","isPartOf":{"@id":"https:\/\/bimser.com\/#website"},"primaryImageOfPage":{"@id":"https:\/\/bimser.com\/en\/beam-enterprise-asset-management-system\/facility-management-solutions\/#primaryimage"},"image":{"@id":"https:\/\/bimser.com\/en\/beam-enterprise-asset-management-system\/facility-management-solutions\/#primaryimage"},"thumbnailUrl":"https:\/\/bimser.com\/wp-content\/uploads\/2022\/10\/Tesis-Yo\u0308netimni-C\u0327o\u0308zu\u0308mleri.jpg","datePublished":"2021-12-07T11:04:53+00:00","dateModified":"2025-04-11T11:58:08+00:00","description":"BEAM Facility Management Solution Providing a Solution to Meet the Demand and Service Needs of Facilities to Meet Their Needs","breadcrumb":{"@id":"https:\/\/bimser.com\/en\/beam-enterprise-asset-management-system\/facility-management-solutions\/#breadcrumb"},"inLanguage":"en-US","potentialAction":[{"@type":"ReadAction","target":["https:\/\/bimser.com\/en\/beam-enterprise-asset-management-system\/facility-management-solutions\/"]}]},{"@type":"ImageObject","inLanguage":"en-US","@id":"https:\/\/bimser.com\/en\/beam-enterprise-asset-management-system\/facility-management-solutions\/#primaryimage","url":"https:\/\/bimser.com\/wp-content\/uploads\/2022\/10\/Tesis-Yo\u0308netimni-C\u0327o\u0308zu\u0308mleri.jpg","contentUrl":"https:\/\/bimser.com\/wp-content\/uploads\/2022\/10\/Tesis-Yo\u0308netimni-C\u0327o\u0308zu\u0308mleri.jpg","width":2000,"height":1200,"caption":"Tesislerin, \u0130htiya\u00e7lar\u0131n\u0131 Kar\u015f\u0131layabilmek i\u00e7in Talep Ve Servis \u0130htiya\u00e7lar\u0131n\u0131 Gidermeye Y\u00f6nelik Bir \u00c7\u00f6z\u00fcm Sunan BEAM Tesis Y\u00f6netimi \u00c7\u00f6z\u00fcm\u00fc"},{"@type":"BreadcrumbList","@id":"https:\/\/bimser.com\/en\/beam-enterprise-asset-management-system\/facility-management-solutions\/#breadcrumb","itemListElement":[{"@type":"ListItem","position":1,"name":"Anasayfa","item":"https:\/\/bimser.com\/"},{"@type":"ListItem","position":2,"name":"BEAM Computerized Maintenance Management System (CMMS)","item":"https:\/\/bimser.com\/en\/beam-enterprise-asset-management-system\/"},{"@type":"ListItem","position":3,"name":"Facility Management Solutions"}]},{"@type":"WebSite","@id":"https:\/\/bimser.com\/#website","url":"https:\/\/bimser.com\/","name":"Bimser \u00c7\u00f6z\u00fcm","description":"Dijital D\u00f6n\u00fc\u015f\u00fcmde Ak\u0131ll\u0131 \u00c7\u00f6z\u00fcmler ve \u00dcr\u00fcnler","publisher":{"@id":"https:\/\/bimser.com\/#organization"},"potentialAction":[{"@type":"SearchAction","target":{"@type":"EntryPoint","urlTemplate":"https:\/\/bimser.com\/?s={search_term_string}"},"query-input":{"@type":"PropertyValueSpecification","valueRequired":true,"valueName":"search_term_string"}}],"inLanguage":"en-US"},{"@type":"Organization","@id":"https:\/\/bimser.com\/#organization","name":"Bimser \u00c7\u00f6z\u00fcm","alternateName":"Bimser Inc.","url":"https:\/\/bimser.com\/","logo":{"@type":"ImageObject","inLanguage":"en-US","@id":"https:\/\/bimser.com\/#\/schema\/logo\/image\/","url":"https:\/\/bimser.com\/bimser\/wp-content\/uploads\/2021\/09\/Bimser-Logo-4-300x101-1.png","contentUrl":"https:\/\/bimser.com\/bimser\/wp-content\/uploads\/2021\/09\/Bimser-Logo-4-300x101-1.png","width":300,"height":101,"caption":"Bimser \u00c7\u00f6z\u00fcm"},"image":{"@id":"https:\/\/bimser.com\/#\/schema\/logo\/image\/"},"sameAs":["https:\/\/www.facebook.com\/bmsercozum\/","https:\/\/x.com\/Bimser_","https:\/\/www.instagram.com\/bimsercozum\/","https:\/\/www.linkedin.com\/company\/bimser-z-m\/mycompany\/","https:\/\/www.youtube.com\/channel\/UCX_4PkXrhcp9Cweo5KTDCMQ"]}]}},"_links":{"self":[{"href":"https:\/\/bimser.com\/en\/wp-json\/wp\/v2\/pages\/19538","targetHints":{"allow":["GET"]}}],"collection":[{"href":"https:\/\/bimser.com\/en\/wp-json\/wp\/v2\/pages"}],"about":[{"href":"https:\/\/bimser.com\/en\/wp-json\/wp\/v2\/types\/page"}],"author":[{"embeddable":true,"href":"https:\/\/bimser.com\/en\/wp-json\/wp\/v2\/users\/2"}],"replies":[{"embeddable":true,"href":"https:\/\/bimser.com\/en\/wp-json\/wp\/v2\/comments?post=19538"}],"version-history":[{"count":9,"href":"https:\/\/bimser.com\/en\/wp-json\/wp\/v2\/pages\/19538\/revisions"}],"predecessor-version":[{"id":29318,"href":"https:\/\/bimser.com\/en\/wp-json\/wp\/v2\/pages\/19538\/revisions\/29318"}],"up":[{"embeddable":true,"href":"https:\/\/bimser.com\/en\/wp-json\/wp\/v2\/pages\/19515"}],"wp:featuredmedia":[{"embeddable":true,"href":"https:\/\/bimser.com\/en\/wp-json\/wp\/v2\/media\/24090"}],"wp:attachment":[{"href":"https:\/\/bimser.com\/en\/wp-json\/wp\/v2\/media?parent=19538"}],"curies":[{"name":"wp","href":"https:\/\/api.w.org\/{rel}","templated":true}]}}