{"id":19557,"date":"2021-12-07T16:46:02","date_gmt":"2021-12-07T13:46:02","guid":{"rendered":"https:\/\/bimser.com\/information-security-policy\/"},"modified":"2024-03-29T07:15:04","modified_gmt":"2024-03-29T04:15:04","slug":"information-security-policy","status":"publish","type":"page","link":"https:\/\/bimser.com\/en\/information-security-policy\/","title":{"rendered":"Information Security Policy"},"content":{"rendered":"<div class=\"wpb-content-wrapper\">[vc_row pix_particles_check=&#8221;&#8221;][vc_column][vc_column_text el_class=&#8221;text-just&#8221;]During the course of its activities, <strong>Bimser <\/strong>may have the <strong>private access\/connection information<\/strong> of the customers it provides services to <strong>, as well as the private configuration and communication information of critical devices<\/strong>. Our primary goal is to ensure the <strong>security of<\/strong> the institutions and organizations we serve and to ensure the <strong>security of our information assets <\/strong>that we use for the services we provide. In this context, our relationships with the customers, public and private institutions we cooperate with are very valuable. The continuity of the services we provide, the <strong>confidentiality of<\/strong> the <strong>information<\/strong> we hold, and the integrity of the information assets of customers or within ourselves are of high importance. As <strong>Bimser<\/strong>, in order to prevent and manage all kinds of information security risks that our internal and external stakeholders may face, we have established a <em>\n  <strong>Information Security Policy<\/strong>\n<\/em> Prepared.[\/vc_column_text][vc_empty_space height=&#8221;20px&#8221;][\/vc_column][\/vc_row][vc_row pix_particles_check=&#8221;&#8221;][vc_column]<div class=\"pix-content-box card      vc_custom_1637422405682    rounded-10 shadow shadow-hover-lg fly-sm bg- w-100  \"   ><div class=\"\" style=\"z-index:30;position:relative;\"><div  class=\"pix-heading-el text-center \"><h3 class=\"text-body-default font-weight-bold h3 heading-text el-title_custom_color mb-12\" style=\"\" data-anim-type=\"\" data-anim-delay=\"0\">OUR POLICY<\/h3><\/div>[vc_empty_space height=&#8221;20px&#8221;][vc_column_text css=&#8221;.vc_custom_1665478027793{padding-right: 20px !important;}&#8221;]\r\n<ol>\n \t<li>Documentation, certification, implementation, monitoring of the results and continuous improvement of the <strong>information security management system<\/strong> within the scope of <strong>ISO 27001<\/strong>,<\/li>\n \t<li><strong>Compliance with<\/strong> all legal requirements and contractual <strong>sanctions<\/strong>,<\/li>\n \t<li><strong>Managing information security risks<\/strong> by classifying, evaluating and recording information assets, continuously reviewing risks and providing <strong>controls<\/strong> for risks above the acceptable level,<\/li>\n \t<li>All activities to increase awareness within the organization and to <strong>provide<\/strong> the necessary <strong>trainings<\/strong> for the adoption of the information security management system <em>\n  <strong>ISO 9001<\/strong>\n<\/em> management system in an <strong>integrated<\/strong> manner with the management system and undertakes to carry out all necessary work in order to put it into practice.<\/li>\n<\/ol>\r\n[\/vc_column_text]<\/div><\/div>[vc_empty_space height=&#8221;40px&#8221;][\/vc_column][\/vc_row]<\/div>","protected":false},"excerpt":{"rendered":"[vc_row pix_particles_check=&#8221;&#8221;][vc_column][vc_column_text el_class=&#8221;text-just&#8221;]During the course of its activities, Bimser may have the private access\/connection information of the customers it provides services to , as well as the private configuration and communication information of critical devices. Our primary goal is to&#8230;","protected":false},"author":2,"featured_media":23531,"parent":0,"menu_order":0,"comment_status":"closed","ping_status":"closed","template":"","meta":{"inline_featured_image":false,"footnotes":""},"class_list":["post-19557","page","type-page","status-publish","has-post-thumbnail","hentry"],"yoast_head":"<!-- This site is optimized with the Yoast SEO Premium plugin v19.7 (Yoast SEO v27.4) - https:\/\/yoast.com\/product\/yoast-seo-premium-wordpress\/ -->\n<title>About the &quot;Information Security Policy&quot; Procedure - Bimser<\/title>\n<meta name=\"description\" content=\"An Information Security Policy to Prevent and Manage All Kinds of Information Security Risks that Our Internal and External Stakeholders May Face...\" \/>\n<meta name=\"robots\" content=\"index, follow, max-snippet:-1, max-image-preview:large, max-video-preview:-1\" \/>\n<link rel=\"canonical\" href=\"https:\/\/bimser.com\/en\/information-security-policy\/\" \/>\n<meta property=\"og:locale\" content=\"en_US\" \/>\n<meta property=\"og:type\" content=\"article\" \/>\n<meta property=\"og:title\" content=\"About the &quot;Information Security Policy&quot; Procedure - Bimser\" \/>\n<meta property=\"og:description\" content=\"Bimser has prepared an Information Security Policy in order to prevent and manage all kinds of information security risks that our internal and external stakeholders may encounter.\" \/>\n<meta property=\"og:url\" content=\"https:\/\/bimser.com\/en\/information-security-policy\/\" \/>\n<meta property=\"og:site_name\" content=\"Bimser \u00c7\u00f6z\u00fcm\" \/>\n<meta property=\"article:publisher\" content=\"https:\/\/www.facebook.com\/bmsercozum\/\" \/>\n<meta property=\"article:modified_time\" content=\"2024-03-29T04:15:04+00:00\" \/>\n<meta property=\"og:image\" content=\"https:\/\/bimser.com\/wp-content\/uploads\/2022\/09\/Bilgi-Gu\u0308venlig\u0306i-Politikasi-Prosedu\u0308ru\u0308-Hakkinda-Bimser.png\" \/>\n\t<meta property=\"og:image:width\" content=\"2048\" \/>\n\t<meta property=\"og:image:height\" content=\"1278\" \/>\n\t<meta property=\"og:image:type\" content=\"image\/png\" \/>\n<meta name=\"twitter:card\" content=\"summary_large_image\" \/>\n<meta name=\"twitter:title\" content=\"About the &quot;Information Security Policy&quot; Procedure - Bimser\" \/>\n<meta name=\"twitter:description\" content=\"Bimser has prepared an Information Security Policy in order to prevent and manage all kinds of information security risks that our internal and external stakeholders may encounter.\" \/>\n<meta name=\"twitter:site\" content=\"@Bimser_\" \/>\n<meta name=\"twitter:label1\" content=\"Est. reading time\" \/>\n\t<meta name=\"twitter:data1\" content=\"2 minutes\" \/>\n<script type=\"application\/ld+json\" class=\"yoast-schema-graph\">{\"@context\":\"https:\\\/\\\/schema.org\",\"@graph\":[{\"@type\":\"WebPage\",\"@id\":\"https:\\\/\\\/bimser.com\\\/en\\\/information-security-policy\\\/\",\"url\":\"https:\\\/\\\/bimser.com\\\/en\\\/information-security-policy\\\/\",\"name\":\"About the \\\"Information Security Policy\\\" Procedure - Bimser\",\"isPartOf\":{\"@id\":\"https:\\\/\\\/bimser.com\\\/#website\"},\"primaryImageOfPage\":{\"@id\":\"https:\\\/\\\/bimser.com\\\/en\\\/information-security-policy\\\/#primaryimage\"},\"image\":{\"@id\":\"https:\\\/\\\/bimser.com\\\/en\\\/information-security-policy\\\/#primaryimage\"},\"thumbnailUrl\":\"https:\\\/\\\/bimser.com\\\/wp-content\\\/uploads\\\/2022\\\/09\\\/Bilgi-Gu\u0308venlig\u0306i-Politikasi-Prosedu\u0308ru\u0308-Hakkinda-Bimser.png\",\"datePublished\":\"2021-12-07T13:46:02+00:00\",\"dateModified\":\"2024-03-29T04:15:04+00:00\",\"description\":\"An Information Security Policy to Prevent and Manage All Kinds of Information Security Risks that Our Internal and External Stakeholders May Face...\",\"breadcrumb\":{\"@id\":\"https:\\\/\\\/bimser.com\\\/en\\\/information-security-policy\\\/#breadcrumb\"},\"inLanguage\":\"en-US\",\"potentialAction\":[{\"@type\":\"ReadAction\",\"target\":[\"https:\\\/\\\/bimser.com\\\/en\\\/information-security-policy\\\/\"]}]},{\"@type\":\"ImageObject\",\"inLanguage\":\"en-US\",\"@id\":\"https:\\\/\\\/bimser.com\\\/en\\\/information-security-policy\\\/#primaryimage\",\"url\":\"https:\\\/\\\/bimser.com\\\/wp-content\\\/uploads\\\/2022\\\/09\\\/Bilgi-Gu\u0308venlig\u0306i-Politikasi-Prosedu\u0308ru\u0308-Hakkinda-Bimser.png\",\"contentUrl\":\"https:\\\/\\\/bimser.com\\\/wp-content\\\/uploads\\\/2022\\\/09\\\/Bilgi-Gu\u0308venlig\u0306i-Politikasi-Prosedu\u0308ru\u0308-Hakkinda-Bimser.png\",\"width\":2048,\"height\":1278,\"caption\":\"Bimser, I\u00e7 Ve D\u0131\u015f Payda\u015flar\u0131m\u0131z\u0131n Kar\u015f\u0131la\u015fabilece\u011fi Her T\u00fcrl\u00fc Bilgi G\u00fcvenli\u011fi Riskini \u00d6nlemek Ve Y\u00f6netmek Amac\u0131yla Bir Bilgi G\u00fcvenli\u011fi Politikas\u0131 Haz\u0131rlanm\u0131\u015ft\u0131r.\"},{\"@type\":\"BreadcrumbList\",\"@id\":\"https:\\\/\\\/bimser.com\\\/en\\\/information-security-policy\\\/#breadcrumb\",\"itemListElement\":[{\"@type\":\"ListItem\",\"position\":1,\"name\":\"Anasayfa\",\"item\":\"https:\\\/\\\/bimser.com\\\/\"},{\"@type\":\"ListItem\",\"position\":2,\"name\":\"Information Security Policy\"}]},{\"@type\":\"WebSite\",\"@id\":\"https:\\\/\\\/bimser.com\\\/#website\",\"url\":\"https:\\\/\\\/bimser.com\\\/\",\"name\":\"Bimser \u00c7\u00f6z\u00fcm\",\"description\":\"Dijital D\u00f6n\u00fc\u015f\u00fcmde Ak\u0131ll\u0131 \u00c7\u00f6z\u00fcmler ve \u00dcr\u00fcnler\",\"publisher\":{\"@id\":\"https:\\\/\\\/bimser.com\\\/#organization\"},\"potentialAction\":[{\"@type\":\"SearchAction\",\"target\":{\"@type\":\"EntryPoint\",\"urlTemplate\":\"https:\\\/\\\/bimser.com\\\/?s={search_term_string}\"},\"query-input\":{\"@type\":\"PropertyValueSpecification\",\"valueRequired\":true,\"valueName\":\"search_term_string\"}}],\"inLanguage\":\"en-US\"},{\"@type\":\"Organization\",\"@id\":\"https:\\\/\\\/bimser.com\\\/#organization\",\"name\":\"Bimser \u00c7\u00f6z\u00fcm\",\"alternateName\":\"Bimser Inc.\",\"url\":\"https:\\\/\\\/bimser.com\\\/\",\"logo\":{\"@type\":\"ImageObject\",\"inLanguage\":\"en-US\",\"@id\":\"https:\\\/\\\/bimser.com\\\/#\\\/schema\\\/logo\\\/image\\\/\",\"url\":\"https:\\\/\\\/bimser.com\\\/bimser\\\/wp-content\\\/uploads\\\/2021\\\/09\\\/Bimser-Logo-4-300x101-1.png\",\"contentUrl\":\"https:\\\/\\\/bimser.com\\\/bimser\\\/wp-content\\\/uploads\\\/2021\\\/09\\\/Bimser-Logo-4-300x101-1.png\",\"width\":300,\"height\":101,\"caption\":\"Bimser \u00c7\u00f6z\u00fcm\"},\"image\":{\"@id\":\"https:\\\/\\\/bimser.com\\\/#\\\/schema\\\/logo\\\/image\\\/\"},\"sameAs\":[\"https:\\\/\\\/www.facebook.com\\\/bmsercozum\\\/\",\"https:\\\/\\\/x.com\\\/Bimser_\",\"https:\\\/\\\/www.instagram.com\\\/bimsercozum\\\/\",\"https:\\\/\\\/www.linkedin.com\\\/company\\\/bimser-z-m\\\/mycompany\\\/\",\"https:\\\/\\\/www.youtube.com\\\/channel\\\/UCX_4PkXrhcp9Cweo5KTDCMQ\"]}]}<\/script>\n<!-- \/ Yoast SEO Premium plugin. -->","yoast_head_json":{"title":"About the \"Information Security Policy\" Procedure - Bimser","description":"An Information Security Policy to Prevent and Manage All Kinds of Information Security Risks that Our Internal and External Stakeholders May Face...","robots":{"index":"index","follow":"follow","max-snippet":"max-snippet:-1","max-image-preview":"max-image-preview:large","max-video-preview":"max-video-preview:-1"},"canonical":"https:\/\/bimser.com\/en\/information-security-policy\/","og_locale":"en_US","og_type":"article","og_title":"About the \"Information Security Policy\" Procedure - Bimser","og_description":"Bimser has prepared an Information Security Policy in order to prevent and manage all kinds of information security risks that our internal and external stakeholders may encounter.","og_url":"https:\/\/bimser.com\/en\/information-security-policy\/","og_site_name":"Bimser \u00c7\u00f6z\u00fcm","article_publisher":"https:\/\/www.facebook.com\/bmsercozum\/","article_modified_time":"2024-03-29T04:15:04+00:00","og_image":[{"width":2048,"height":1278,"url":"https:\/\/bimser.com\/wp-content\/uploads\/2022\/09\/Bilgi-Gu\u0308venlig\u0306i-Politikasi-Prosedu\u0308ru\u0308-Hakkinda-Bimser.png","type":"image\/png"}],"twitter_card":"summary_large_image","twitter_title":"About the \"Information Security Policy\" Procedure - Bimser","twitter_description":"Bimser has prepared an Information Security Policy in order to prevent and manage all kinds of information security risks that our internal and external stakeholders may encounter.","twitter_site":"@Bimser_","twitter_misc":{"Est. reading time":"2 minutes"},"schema":{"@context":"https:\/\/schema.org","@graph":[{"@type":"WebPage","@id":"https:\/\/bimser.com\/en\/information-security-policy\/","url":"https:\/\/bimser.com\/en\/information-security-policy\/","name":"About the \"Information Security Policy\" Procedure - Bimser","isPartOf":{"@id":"https:\/\/bimser.com\/#website"},"primaryImageOfPage":{"@id":"https:\/\/bimser.com\/en\/information-security-policy\/#primaryimage"},"image":{"@id":"https:\/\/bimser.com\/en\/information-security-policy\/#primaryimage"},"thumbnailUrl":"https:\/\/bimser.com\/wp-content\/uploads\/2022\/09\/Bilgi-Gu\u0308venlig\u0306i-Politikasi-Prosedu\u0308ru\u0308-Hakkinda-Bimser.png","datePublished":"2021-12-07T13:46:02+00:00","dateModified":"2024-03-29T04:15:04+00:00","description":"An Information Security Policy to Prevent and Manage All Kinds of Information Security Risks that Our Internal and External Stakeholders May Face...","breadcrumb":{"@id":"https:\/\/bimser.com\/en\/information-security-policy\/#breadcrumb"},"inLanguage":"en-US","potentialAction":[{"@type":"ReadAction","target":["https:\/\/bimser.com\/en\/information-security-policy\/"]}]},{"@type":"ImageObject","inLanguage":"en-US","@id":"https:\/\/bimser.com\/en\/information-security-policy\/#primaryimage","url":"https:\/\/bimser.com\/wp-content\/uploads\/2022\/09\/Bilgi-Gu\u0308venlig\u0306i-Politikasi-Prosedu\u0308ru\u0308-Hakkinda-Bimser.png","contentUrl":"https:\/\/bimser.com\/wp-content\/uploads\/2022\/09\/Bilgi-Gu\u0308venlig\u0306i-Politikasi-Prosedu\u0308ru\u0308-Hakkinda-Bimser.png","width":2048,"height":1278,"caption":"Bimser, I\u00e7 Ve D\u0131\u015f Payda\u015flar\u0131m\u0131z\u0131n Kar\u015f\u0131la\u015fabilece\u011fi Her T\u00fcrl\u00fc Bilgi G\u00fcvenli\u011fi Riskini \u00d6nlemek Ve Y\u00f6netmek Amac\u0131yla Bir Bilgi G\u00fcvenli\u011fi Politikas\u0131 Haz\u0131rlanm\u0131\u015ft\u0131r."},{"@type":"BreadcrumbList","@id":"https:\/\/bimser.com\/en\/information-security-policy\/#breadcrumb","itemListElement":[{"@type":"ListItem","position":1,"name":"Anasayfa","item":"https:\/\/bimser.com\/"},{"@type":"ListItem","position":2,"name":"Information Security Policy"}]},{"@type":"WebSite","@id":"https:\/\/bimser.com\/#website","url":"https:\/\/bimser.com\/","name":"Bimser \u00c7\u00f6z\u00fcm","description":"Dijital D\u00f6n\u00fc\u015f\u00fcmde Ak\u0131ll\u0131 \u00c7\u00f6z\u00fcmler ve \u00dcr\u00fcnler","publisher":{"@id":"https:\/\/bimser.com\/#organization"},"potentialAction":[{"@type":"SearchAction","target":{"@type":"EntryPoint","urlTemplate":"https:\/\/bimser.com\/?s={search_term_string}"},"query-input":{"@type":"PropertyValueSpecification","valueRequired":true,"valueName":"search_term_string"}}],"inLanguage":"en-US"},{"@type":"Organization","@id":"https:\/\/bimser.com\/#organization","name":"Bimser \u00c7\u00f6z\u00fcm","alternateName":"Bimser Inc.","url":"https:\/\/bimser.com\/","logo":{"@type":"ImageObject","inLanguage":"en-US","@id":"https:\/\/bimser.com\/#\/schema\/logo\/image\/","url":"https:\/\/bimser.com\/bimser\/wp-content\/uploads\/2021\/09\/Bimser-Logo-4-300x101-1.png","contentUrl":"https:\/\/bimser.com\/bimser\/wp-content\/uploads\/2021\/09\/Bimser-Logo-4-300x101-1.png","width":300,"height":101,"caption":"Bimser \u00c7\u00f6z\u00fcm"},"image":{"@id":"https:\/\/bimser.com\/#\/schema\/logo\/image\/"},"sameAs":["https:\/\/www.facebook.com\/bmsercozum\/","https:\/\/x.com\/Bimser_","https:\/\/www.instagram.com\/bimsercozum\/","https:\/\/www.linkedin.com\/company\/bimser-z-m\/mycompany\/","https:\/\/www.youtube.com\/channel\/UCX_4PkXrhcp9Cweo5KTDCMQ"]}]}},"_links":{"self":[{"href":"https:\/\/bimser.com\/en\/wp-json\/wp\/v2\/pages\/19557","targetHints":{"allow":["GET"]}}],"collection":[{"href":"https:\/\/bimser.com\/en\/wp-json\/wp\/v2\/pages"}],"about":[{"href":"https:\/\/bimser.com\/en\/wp-json\/wp\/v2\/types\/page"}],"author":[{"embeddable":true,"href":"https:\/\/bimser.com\/en\/wp-json\/wp\/v2\/users\/2"}],"replies":[{"embeddable":true,"href":"https:\/\/bimser.com\/en\/wp-json\/wp\/v2\/comments?post=19557"}],"version-history":[{"count":13,"href":"https:\/\/bimser.com\/en\/wp-json\/wp\/v2\/pages\/19557\/revisions"}],"predecessor-version":[{"id":27388,"href":"https:\/\/bimser.com\/en\/wp-json\/wp\/v2\/pages\/19557\/revisions\/27388"}],"wp:featuredmedia":[{"embeddable":true,"href":"https:\/\/bimser.com\/en\/wp-json\/wp\/v2\/media\/23531"}],"wp:attachment":[{"href":"https:\/\/bimser.com\/en\/wp-json\/wp\/v2\/media?parent=19557"}],"curies":[{"name":"wp","href":"https:\/\/api.w.org\/{rel}","templated":true}]}}