{"id":19660,"date":"2021-12-09T17:22:54","date_gmt":"2021-12-09T14:22:54","guid":{"rendered":"https:\/\/bimser.com\/change-management\/"},"modified":"2025-03-17T20:10:19","modified_gmt":"2025-03-17T17:10:19","slug":"change-management","status":"publish","type":"page","link":"https:\/\/bimser.com\/en\/change-management\/","title":{"rendered":"Change Management"},"content":{"rendered":"<div class=\"wpb-content-wrapper\"><p>[vc_section full_width=&#8221;stretch_row&#8221; pix_over_visibility=&#8221;&#8221; css=&#8221;.vc_custom_1638319166356{padding-top: 40px !important;padding-bottom: 80px !important;background-color: #f8f9fa !important;}&#8221;][vc_row content_placement=&#8221;middle&#8221; pix_particles_check=&#8221;&#8221; css=&#8221;.vc_custom_1637790264042{padding-top: 20px !important;padding-bottom: 20px !important;}&#8221;][vc_column content_align=&#8221;text-center&#8221;]<span class=\"pix-badge-element h6 d-inline-flex mr-1 animate-in\" data-anim-type=\"fade-in-left\" data-anim-delay=\"600\"><span class=\"badge font-weight-bold bg-primary  vc_custom_1637784586107  \" style=\" \"><span class=\"text-white\" style=\"\">BIMSER<\/span><\/span><\/span><div id=\"el1665651347143-9d0b2dac-0a61\" class=\"mb-3 text-center  vc_custom_1637843353088\"><div class=\"d-inline-block\" style=\"max-width:600px;\"><h3 class=\"mb-32 pix-sliding-headline-2 animate-in font-weight-bold secondary-font \" data-anim-type=\"pix-sliding-text\" pix-anim-delay=\"500\" data-class=\"secondary-font text-heading-default\" style=\"\"><span class=\"slide-in-container \"><span class=\"pix-sliding-item secondary-font text-heading-default\" style=\"transition-delay: 0ms;\">What&#32;<\/span><\/span> <span class=\"slide-in-container \"><span class=\"pix-sliding-item secondary-font text-heading-default\" style=\"transition-delay: 150ms;\">is&#32;<\/span><\/span> <span class=\"slide-in-container \"><span class=\"pix-sliding-item secondary-font text-heading-default\" style=\"transition-delay: 300ms;\">Change&#32;<\/span><\/span> <span class=\"slide-in-container \"><span class=\"pix-sliding-item secondary-font text-heading-default\" style=\"transition-delay: 450ms;\">Management?&#32;<\/span><\/span> <\/h3><\/div><\/div>[vc_column_text css=&#8221;&#8221; el_class=&#8221;text-just&#8221;]We can define <strong>change management<\/strong> as an approach that enables retrospective traceability to understand changes and decisions made over time as products and processes evolve and need to change. You can manage your changes with <strong>Bimser&#8217;s eBA Plus <\/strong>software solution.[\/vc_column_text][\/vc_column][\/vc_row][vc_row content_placement=&#8221;middle&#8221; pix_particles_check=&#8221;&#8221; css=&#8221;.vc_custom_1591077939360{padding-top: 20px !important;padding-bottom: 20px !important;}&#8221;][vc_column content_align=&#8221;text-center&#8221;]<div class=\"accordion w-100 accordion-card bg-white2 rounded-lg2 \" id=\"accordion-1591077829086-6260079b-b0ef\"><div class=\"card \">\n   <div class=\"card-header bg-white pix-mb-10 shadow-sm rounded-lg\" id=\"heading1591077829087-664dbaef-925be64c-6f6d\">\n       <button class=\"btn btn-link text-left rounded-lg bg-white\" type=\"button\" data-toggle=\"collapse\" data-target=\"#collapse1591077829087-664dbaef-925be64c-6f6d\" aria-expanded=\"true\" aria-controls=\"collapse1591077829087-664dbaef-925be64c-6f6d\" ><span class=\"d-inline-block text-gradient-primary svg-20 pix-mr-10\" ><svg class=\"pixfort-icon \" width=\"24\" height=\"24\"  data-name=\"Duotone\/pixfort-icon-plate-1\" viewBox=\"2 2 20 20\"><g fill=\"none\" fill-rule=\"evenodd\"><path fill=\"var(--pf-icon-color)\" fill-opacity=\".25\" d=\"M12,2 C6.4771525,2 2,6.4771525 2,12 C2,17.5228475 6.4771525,22 12,22 C17.5228475,22 22,17.5228475 22,12 C22,6.4771525 17.5228475,2 12,2 Z\"\/><path fill=\"var(--pf-icon-color)\" d=\"M12,4 C7.581722,4 4,7.581722 4,12 C4,16.418278 7.581722,20 12,20 C16.418278,20 20,16.418278 20,12 C20,7.581722 16.418278,4 12,4 Z M12,5 C15.8659932,5 19,8.13400675 19,12 C19,15.8659932 15.8659932,19 12,19 C8.13400675,19 5,15.8659932 5,12 C5,8.13400675 8.13400675,5 12,5 Z\"\/><\/g><\/svg><\/span><span class=\"font-weight-bold secondary-font text-heading-default\" >Change Management Procedure<\/span><\/button>\n   <\/div>\n   <div id=\"collapse1591077829087-664dbaef-925be64c-6f6d\" class=\"collapse show \" aria-labelledby=\"heading1591077829087-664dbaef-925be64c-6f6d\">\n     <div class=\"card-body\">\n         [vc_column_text el_class=&#8221;text-2&#8243;]<\/p>\n<section class=\"av_tab_section\">\n<div class=\"tab_inner_content invers-color\">\n<section class=\"av_textblock_section \">\n<div class=\"avia_textblock \">\n<p>We call the<strong> change management procedure the<\/strong> documented procedure that ensures the integration and management of all changes to be made during the activities of an organization in accordance<strong> with the management system standards<\/strong>, to improve the desired outputs, to reduce unwanted effects, to improve customer satisfaction, product or service quality, to improve the quality management system requirements.<\/div>\n<\/section>\n<\/div>\n<\/section>\n<p>[\/vc_column_text]\n     <\/div>\n   <\/div>\n <\/div><div class=\"card \">\n   <div class=\"card-header bg-white pix-mb-10 shadow-sm rounded-lg\" id=\"heading1591077829088-114d97ea-6ea1e64c-6f6d\">\n       <button class=\"btn btn-link text-left rounded-lg bg-white\" type=\"button\" data-toggle=\"collapse\" data-target=\"#collapse1591077829088-114d97ea-6ea1e64c-6f6d\" aria-expanded=\"true\" aria-controls=\"collapse1591077829088-114d97ea-6ea1e64c-6f6d\" ><span class=\"d-inline-block text-gradient-primary svg-20 pix-mr-10\" ><svg class=\"pixfort-icon \" width=\"24\" height=\"24\"  data-name=\"Duotone\/pixfort-icon-plate-1\" viewBox=\"2 2 20 20\"><g fill=\"none\" fill-rule=\"evenodd\"><path fill=\"var(--pf-icon-color)\" fill-opacity=\".25\" d=\"M12,2 C6.4771525,2 2,6.4771525 2,12 C2,17.5228475 6.4771525,22 12,22 C17.5228475,22 22,17.5228475 22,12 C22,6.4771525 17.5228475,2 12,2 Z\"\/><path fill=\"var(--pf-icon-color)\" d=\"M12,4 C7.581722,4 4,7.581722 4,12 C4,16.418278 7.581722,20 12,20 C16.418278,20 20,16.418278 20,12 C20,7.581722 16.418278,4 12,4 Z M12,5 C15.8659932,5 19,8.13400675 19,12 C19,15.8659932 15.8659932,19 12,19 C8.13400675,19 5,15.8659932 5,12 C5,8.13400675 8.13400675,5 12,5 Z\"\/><\/g><\/svg><\/span><span class=\"font-weight-bold secondary-font text-heading-default\" >Change Management Process<\/span><\/button>\n   <\/div>\n   <div id=\"collapse1591077829088-114d97ea-6ea1e64c-6f6d\" class=\"collapse  \" aria-labelledby=\"heading1591077829088-114d97ea-6ea1e64c-6f6d\">\n     <div class=\"card-body\">\n         [vc_column_text el_class=&#8221;text-2&#8243;]<\/p>\n<section class=\"av_tab_section\">\n<div class=\"tab_inner_content invers-color\">\n<section class=\"av_textblock_section \">\n<div class=\"avia_textblock \">\n<p><strong>Bimser &#8220;Change Management<\/strong>&#8221; software addresses 2 main issues:<\/p>\n<ul>\n<li style=\"list-style-type: none;\">\n<ul>\n<li style=\"text-align: left;\">Identifying changes<\/li>\n<li style=\"text-align: left;\">Planning changes<\/li>\n<\/ul>\n<\/li>\n<\/ul>\n<p><strong>At the stage of identifying changes,<\/strong>it is extremely important to identify changes that may affect the quality management system. Here, changes that may affect the system should be addressed in depth, and changes that may occur in all processes should be examined in terms of their impact on the quality management system.<\/p>\n<p>After identifying the changes that may affect the quality management system, another important issue is the planning of these changes.<\/p>\n<p><strong>Planning<\/strong> is critical for managing change, as an input for risk-based thinking and for proactive thinking.<\/div>\n<\/section>\n<\/div>\n<\/section>\n<p>[\/vc_column_text]\n     <\/div>\n   <\/div>\n <\/div><div class=\"card \">\n   <div class=\"card-header bg-white pix-mb-10 shadow-sm rounded-lg\" id=\"heading1591077829090-037a07ad-f3eee64c-6f6d\">\n       <button class=\"btn btn-link text-left rounded-lg bg-white\" type=\"button\" data-toggle=\"collapse\" data-target=\"#collapse1591077829090-037a07ad-f3eee64c-6f6d\" aria-expanded=\"true\" aria-controls=\"collapse1591077829090-037a07ad-f3eee64c-6f6d\" ><span class=\"d-inline-block text-gradient-primary svg-20 pix-mr-10\" ><svg class=\"pixfort-icon \" width=\"24\" height=\"24\"  data-name=\"Duotone\/pixfort-icon-plate-1\" viewBox=\"2 2 20 20\"><g fill=\"none\" fill-rule=\"evenodd\"><path fill=\"var(--pf-icon-color)\" fill-opacity=\".25\" d=\"M12,2 C6.4771525,2 2,6.4771525 2,12 C2,17.5228475 6.4771525,22 12,22 C17.5228475,22 22,17.5228475 22,12 C22,6.4771525 17.5228475,2 12,2 Z\"\/><path fill=\"var(--pf-icon-color)\" d=\"M12,4 C7.581722,4 4,7.581722 4,12 C4,16.418278 7.581722,20 12,20 C16.418278,20 20,16.418278 20,12 C20,7.581722 16.418278,4 12,4 Z M12,5 C15.8659932,5 19,8.13400675 19,12 C19,15.8659932 15.8659932,19 12,19 C8.13400675,19 5,15.8659932 5,12 C5,8.13400675 8.13400675,5 12,5 Z\"\/><\/g><\/svg><\/span><span class=\"font-weight-bold secondary-font text-heading-default\" >Project Change Management<\/span><\/button>\n   <\/div>\n   <div id=\"collapse1591077829090-037a07ad-f3eee64c-6f6d\" class=\"collapse  \" aria-labelledby=\"heading1591077829090-037a07ad-f3eee64c-6f6d\">\n     <div class=\"card-body\">\n         [vc_column_text el_class=&#8221;text-2&#8243;]<\/p>\n<section class=\"av_tab_section\">\n<div class=\"tab_inner_content invers-color\">\n<section class=\"av_textblock_section \">\n<div class=\"avia_textblock \">\n<p>It is an important issue to carefully handle, evaluate and manage change requests that may occur in ongoing projects. Due to the nature of the projects, change requests are inevitable. These requests may come from different participants and project stakeholders. At this point, it is necessary to apply the project change steps correctly. <strong>These steps in<\/strong> <strong> Bimser&#8217;s<\/strong> <strong>project change management<\/strong> <strong>practice<\/strong> can be listed as <strong>:<\/strong> preventing the cause of the change, identifying the change, looking at the impact of the change, requesting the change, implementing the integrated change control system, editing the project management plan, informing the stakeholders affected by the change, and revising the project management plan and documents.<\/div>\n<\/section>\n<\/div>\n<\/section>\n<p>[\/vc_column_text]\n     <\/div>\n   <\/div>\n <\/div><div class=\"card \">\n   <div class=\"card-header bg-white pix-mb-10 shadow-sm rounded-lg\" id=\"heading1637784905708-4c11ee7e-382d\">\n       <button class=\"btn btn-link text-left rounded-lg bg-white\" type=\"button\" data-toggle=\"collapse\" data-target=\"#collapse1637784905708-4c11ee7e-382d\" aria-expanded=\"true\" aria-controls=\"collapse1637784905708-4c11ee7e-382d\" ><span class=\"d-inline-block text-gradient-primary svg-20 pix-mr-10\" ><svg class=\"pixfort-icon \" width=\"24\" height=\"24\"  data-name=\"Duotone\/pixfort-icon-plate-1\" viewBox=\"2 2 20 20\"><g fill=\"none\" fill-rule=\"evenodd\"><path fill=\"var(--pf-icon-color)\" fill-opacity=\".25\" d=\"M12,2 C6.4771525,2 2,6.4771525 2,12 C2,17.5228475 6.4771525,22 12,22 C17.5228475,22 22,17.5228475 22,12 C22,6.4771525 17.5228475,2 12,2 Z\"\/><path fill=\"var(--pf-icon-color)\" d=\"M12,4 C7.581722,4 4,7.581722 4,12 C4,16.418278 7.581722,20 12,20 C16.418278,20 20,16.418278 20,12 C20,7.581722 16.418278,4 12,4 Z M12,5 C15.8659932,5 19,8.13400675 19,12 C19,15.8659932 15.8659932,19 12,19 C8.13400675,19 5,15.8659932 5,12 C5,8.13400675 8.13400675,5 12,5 Z\"\/><\/g><\/svg><\/span><span class=\"font-weight-bold secondary-font text-heading-default\" >Change Management Software<\/span><\/button>\n   <\/div>\n   <div id=\"collapse1637784905708-4c11ee7e-382d\" class=\"collapse  \" aria-labelledby=\"heading1637784905708-4c11ee7e-382d\">\n     <div class=\"card-body\">\n         [vc_column_text el_class=&#8221;text-2&#8243;]<\/p>\n<section class=\"av_tab_section\">\n<div class=\"tab_inner_content invers-color\">\n<section class=\"av_textblock_section \">\n<div class=\"avia_textblock \">\n<section class=\"av_tab_section\">\n<div class=\"tab_inner_content invers-color\">\n<section class=\"av_textblock_section \">\n<div class=\"avia_textblock \">\n<p>The change to be made can be communicated to the service desk or help desk group through a <strong>change request,<\/strong> a problem, a malfunction or interruption, a legal obligation, a system, software, hardware or authorization request. The emergence of the change request and its classification, approval, evaluation, SLA management, change tests, assignments, disaster recovery plans and go live should be planned and executed from a project management perspective.<\/p>\n<p>Processes such as change management, incident management, problem management, request management, configuration management, release management and service desk activities, adding value to the organization and continuous service improvements are achieved with a proactive approach and perspective instead of a reactive approach in service management.<\/div>\n<\/section>\n<\/div>\n<\/section>\n<\/div>\n<\/section>\n<\/div>\n<\/section>\n<p>[\/vc_column_text]\n     <\/div>\n   <\/div>\n <\/div><\/div>[\/vc_column][\/vc_row][vc_row content_placement=&#8221;middle&#8221; pix_particles_check=&#8221;&#8221; css=&#8221;.vc_custom_1591077931457{padding-top: 20px !important;}&#8221;][vc_column content_align=&#8221;text-center&#8221;][vc_empty_space][\/vc_column][\/vc_row][\/vc_section]<\/p>\n<\/div>","protected":false},"excerpt":{"rendered":"[vc_section full_width=&#8221;stretch_row&#8221; pix_over_visibility=&#8221;&#8221; css=&#8221;.vc_custom_1638319166356{padding-top: 40px !important;padding-bottom: 80px !important;background-color: #f8f9fa !important;}&#8221;][vc_row content_placement=&#8221;middle&#8221; pix_particles_check=&#8221;&#8221; css=&#8221;.vc_custom_1637790264042{padding-top: 20px !important;padding-bottom: 20px !important;}&#8221;][vc_column content_align=&#8221;text-center&#8221;][vc_column_text css=&#8221;&#8221; el_class=&#8221;text-just&#8221;]We can define change management as an approach that enables retrospective traceability to understand changes and decisions made over time as&#8230;","protected":false},"author":2,"featured_media":23807,"parent":0,"menu_order":0,"comment_status":"closed","ping_status":"closed","template":"","meta":{"inline_featured_image":false,"footnotes":""},"class_list":["post-19660","page","type-page","status-publish","has-post-thumbnail","hentry"],"yoast_head":"<!-- This site is optimized with the Yoast SEO Premium plugin v19.7 (Yoast SEO v27.4) - https:\/\/yoast.com\/product\/yoast-seo-premium-wordpress\/ -->\n<title>Ensure all retrospective tracking with Change Management<\/title>\n<meta name=\"description\" content=\"Change Management Procedure, Change Management Process, Project Change Management, IT Change Management, Change Management with eBA\" \/>\n<meta name=\"robots\" content=\"index, follow, max-snippet:-1, max-image-preview:large, max-video-preview:-1\" \/>\n<link rel=\"canonical\" href=\"https:\/\/bimser.com\/degisiklik-yonetimi\/\" \/>\n<meta property=\"og:locale\" content=\"en_US\" \/>\n<meta property=\"og:type\" content=\"article\" \/>\n<meta property=\"og:title\" content=\"Ensure all retrospective tracking with Change Management\" \/>\n<meta property=\"og:description\" content=\"Manage All Your Processes Effectively with eBA Change Management Procedure, Change Management Process, Project Change Management, IT Change Management, Change Management Software.\" \/>\n<meta property=\"og:url\" content=\"https:\/\/bimser.com\/degisiklik-yonetimi\/\" \/>\n<meta property=\"og:site_name\" content=\"Bimser \u00c7\u00f6z\u00fcm\" \/>\n<meta property=\"article:publisher\" content=\"https:\/\/www.facebook.com\/bmsercozum\/\" \/>\n<meta property=\"article:modified_time\" content=\"2025-03-17T17:10:19+00:00\" \/>\n<meta property=\"og:image\" content=\"https:\/\/bimser.com\/wp-content\/uploads\/2022\/09\/Deg\u0306is\u0327iklik-Yo\u0308netimi-ile-Geriye-Do\u0308nu\u0308k-tu\u0308m-takibinizi-Sag\u0306layin-1.png\" \/>\n\t<meta property=\"og:image:width\" content=\"2048\" \/>\n\t<meta property=\"og:image:height\" content=\"1278\" \/>\n\t<meta property=\"og:image:type\" content=\"image\/png\" \/>\n<meta name=\"twitter:card\" content=\"summary_large_image\" \/>\n<meta name=\"twitter:title\" content=\"Ensure all retrospective tracking with Change Management\" \/>\n<meta name=\"twitter:description\" content=\"Manage All Your Processes Effectively with eBA Change Management Procedure, Change Management Process, Project Change Management, IT Change Management, Change Management Software.\" \/>\n<meta name=\"twitter:site\" content=\"@Bimser_\" \/>\n<meta name=\"twitter:label1\" content=\"Est. reading time\" \/>\n\t<meta name=\"twitter:data1\" content=\"4 minutes\" \/>\n<script type=\"application\/ld+json\" class=\"yoast-schema-graph\">{\"@context\":\"https:\\\/\\\/schema.org\",\"@graph\":[{\"@type\":\"WebPage\",\"@id\":\"https:\\\/\\\/bimser.com\\\/degisiklik-yonetimi\\\/\",\"url\":\"https:\\\/\\\/bimser.com\\\/degisiklik-yonetimi\\\/\",\"name\":\"Ensure all retrospective tracking with Change Management\",\"isPartOf\":{\"@id\":\"https:\\\/\\\/bimser.com\\\/#website\"},\"primaryImageOfPage\":{\"@id\":\"https:\\\/\\\/bimser.com\\\/degisiklik-yonetimi\\\/#primaryimage\"},\"image\":{\"@id\":\"https:\\\/\\\/bimser.com\\\/degisiklik-yonetimi\\\/#primaryimage\"},\"thumbnailUrl\":\"https:\\\/\\\/bimser.com\\\/wp-content\\\/uploads\\\/2022\\\/09\\\/Deg\u0306is\u0327iklik-Yo\u0308netimi-ile-Geriye-Do\u0308nu\u0308k-tu\u0308m-takibinizi-Sag\u0306layin-1.png\",\"datePublished\":\"2021-12-09T14:22:54+00:00\",\"dateModified\":\"2025-03-17T17:10:19+00:00\",\"description\":\"Change Management Procedure, Change Management Process, Project Change Management, IT Change Management, Change Management with eBA\",\"breadcrumb\":{\"@id\":\"https:\\\/\\\/bimser.com\\\/degisiklik-yonetimi\\\/#breadcrumb\"},\"inLanguage\":\"en-US\",\"potentialAction\":[{\"@type\":\"ReadAction\",\"target\":[\"https:\\\/\\\/bimser.com\\\/degisiklik-yonetimi\\\/\"]}]},{\"@type\":\"ImageObject\",\"inLanguage\":\"en-US\",\"@id\":\"https:\\\/\\\/bimser.com\\\/degisiklik-yonetimi\\\/#primaryimage\",\"url\":\"https:\\\/\\\/bimser.com\\\/wp-content\\\/uploads\\\/2022\\\/09\\\/Deg\u0306is\u0327iklik-Yo\u0308netimi-ile-Geriye-Do\u0308nu\u0308k-tu\u0308m-takibinizi-Sag\u0306layin-1.png\",\"contentUrl\":\"https:\\\/\\\/bimser.com\\\/wp-content\\\/uploads\\\/2022\\\/09\\\/Deg\u0306is\u0327iklik-Yo\u0308netimi-ile-Geriye-Do\u0308nu\u0308k-tu\u0308m-takibinizi-Sag\u0306layin-1.png\",\"width\":2048,\"height\":1278,\"caption\":\"eBA ile De\u011fi\u015fiklik Y\u00f6netimi Prosed\u00fcr\u00fc, De\u011fi\u015fiklik Y\u00f6netim S\u00fcreci, Proje De\u011fi\u015fiklik Y\u00f6netimi, BT De\u011fi\u015fiklik Y\u00f6netimi, De\u011fi\u015fiklik Y\u00f6netimi Yaz\u0131l\u0131m\u0131 ile T\u00fcm S\u00fcre\u00e7lerinizi Etkin Y\u00f6netin.\"},{\"@type\":\"BreadcrumbList\",\"@id\":\"https:\\\/\\\/bimser.com\\\/degisiklik-yonetimi\\\/#breadcrumb\",\"itemListElement\":[{\"@type\":\"ListItem\",\"position\":1,\"name\":\"Anasayfa\",\"item\":\"https:\\\/\\\/bimser.com\\\/\"},{\"@type\":\"ListItem\",\"position\":2,\"name\":\"Change Management\"}]},{\"@type\":\"WebSite\",\"@id\":\"https:\\\/\\\/bimser.com\\\/#website\",\"url\":\"https:\\\/\\\/bimser.com\\\/\",\"name\":\"Bimser \u00c7\u00f6z\u00fcm\",\"description\":\"Dijital D\u00f6n\u00fc\u015f\u00fcmde Ak\u0131ll\u0131 \u00c7\u00f6z\u00fcmler ve \u00dcr\u00fcnler\",\"publisher\":{\"@id\":\"https:\\\/\\\/bimser.com\\\/#organization\"},\"potentialAction\":[{\"@type\":\"SearchAction\",\"target\":{\"@type\":\"EntryPoint\",\"urlTemplate\":\"https:\\\/\\\/bimser.com\\\/?s={search_term_string}\"},\"query-input\":{\"@type\":\"PropertyValueSpecification\",\"valueRequired\":true,\"valueName\":\"search_term_string\"}}],\"inLanguage\":\"en-US\"},{\"@type\":\"Organization\",\"@id\":\"https:\\\/\\\/bimser.com\\\/#organization\",\"name\":\"Bimser \u00c7\u00f6z\u00fcm\",\"alternateName\":\"Bimser Inc.\",\"url\":\"https:\\\/\\\/bimser.com\\\/\",\"logo\":{\"@type\":\"ImageObject\",\"inLanguage\":\"en-US\",\"@id\":\"https:\\\/\\\/bimser.com\\\/#\\\/schema\\\/logo\\\/image\\\/\",\"url\":\"https:\\\/\\\/bimser.com\\\/bimser\\\/wp-content\\\/uploads\\\/2021\\\/09\\\/Bimser-Logo-4-300x101-1.png\",\"contentUrl\":\"https:\\\/\\\/bimser.com\\\/bimser\\\/wp-content\\\/uploads\\\/2021\\\/09\\\/Bimser-Logo-4-300x101-1.png\",\"width\":300,\"height\":101,\"caption\":\"Bimser \u00c7\u00f6z\u00fcm\"},\"image\":{\"@id\":\"https:\\\/\\\/bimser.com\\\/#\\\/schema\\\/logo\\\/image\\\/\"},\"sameAs\":[\"https:\\\/\\\/www.facebook.com\\\/bmsercozum\\\/\",\"https:\\\/\\\/x.com\\\/Bimser_\",\"https:\\\/\\\/www.instagram.com\\\/bimsercozum\\\/\",\"https:\\\/\\\/www.linkedin.com\\\/company\\\/bimser-z-m\\\/mycompany\\\/\",\"https:\\\/\\\/www.youtube.com\\\/channel\\\/UCX_4PkXrhcp9Cweo5KTDCMQ\"]}]}<\/script>\n<!-- \/ Yoast SEO Premium plugin. -->","yoast_head_json":{"title":"Ensure all retrospective tracking with Change Management","description":"Change Management Procedure, Change Management Process, Project Change Management, IT Change Management, Change Management with eBA","robots":{"index":"index","follow":"follow","max-snippet":"max-snippet:-1","max-image-preview":"max-image-preview:large","max-video-preview":"max-video-preview:-1"},"canonical":"https:\/\/bimser.com\/degisiklik-yonetimi\/","og_locale":"en_US","og_type":"article","og_title":"Ensure all retrospective tracking with Change Management","og_description":"Manage All Your Processes Effectively with eBA Change Management Procedure, Change Management Process, Project Change Management, IT Change Management, Change Management Software.","og_url":"https:\/\/bimser.com\/degisiklik-yonetimi\/","og_site_name":"Bimser \u00c7\u00f6z\u00fcm","article_publisher":"https:\/\/www.facebook.com\/bmsercozum\/","article_modified_time":"2025-03-17T17:10:19+00:00","og_image":[{"width":2048,"height":1278,"url":"https:\/\/bimser.com\/wp-content\/uploads\/2022\/09\/Deg\u0306is\u0327iklik-Yo\u0308netimi-ile-Geriye-Do\u0308nu\u0308k-tu\u0308m-takibinizi-Sag\u0306layin-1.png","type":"image\/png"}],"twitter_card":"summary_large_image","twitter_title":"Ensure all retrospective tracking with Change Management","twitter_description":"Manage All Your Processes Effectively with eBA Change Management Procedure, Change Management Process, Project Change Management, IT Change Management, Change Management Software.","twitter_site":"@Bimser_","twitter_misc":{"Est. reading time":"4 minutes"},"schema":{"@context":"https:\/\/schema.org","@graph":[{"@type":"WebPage","@id":"https:\/\/bimser.com\/degisiklik-yonetimi\/","url":"https:\/\/bimser.com\/degisiklik-yonetimi\/","name":"Ensure all retrospective tracking with Change Management","isPartOf":{"@id":"https:\/\/bimser.com\/#website"},"primaryImageOfPage":{"@id":"https:\/\/bimser.com\/degisiklik-yonetimi\/#primaryimage"},"image":{"@id":"https:\/\/bimser.com\/degisiklik-yonetimi\/#primaryimage"},"thumbnailUrl":"https:\/\/bimser.com\/wp-content\/uploads\/2022\/09\/Deg\u0306is\u0327iklik-Yo\u0308netimi-ile-Geriye-Do\u0308nu\u0308k-tu\u0308m-takibinizi-Sag\u0306layin-1.png","datePublished":"2021-12-09T14:22:54+00:00","dateModified":"2025-03-17T17:10:19+00:00","description":"Change Management Procedure, Change Management Process, Project Change Management, IT Change Management, Change Management with eBA","breadcrumb":{"@id":"https:\/\/bimser.com\/degisiklik-yonetimi\/#breadcrumb"},"inLanguage":"en-US","potentialAction":[{"@type":"ReadAction","target":["https:\/\/bimser.com\/degisiklik-yonetimi\/"]}]},{"@type":"ImageObject","inLanguage":"en-US","@id":"https:\/\/bimser.com\/degisiklik-yonetimi\/#primaryimage","url":"https:\/\/bimser.com\/wp-content\/uploads\/2022\/09\/Deg\u0306is\u0327iklik-Yo\u0308netimi-ile-Geriye-Do\u0308nu\u0308k-tu\u0308m-takibinizi-Sag\u0306layin-1.png","contentUrl":"https:\/\/bimser.com\/wp-content\/uploads\/2022\/09\/Deg\u0306is\u0327iklik-Yo\u0308netimi-ile-Geriye-Do\u0308nu\u0308k-tu\u0308m-takibinizi-Sag\u0306layin-1.png","width":2048,"height":1278,"caption":"eBA ile De\u011fi\u015fiklik Y\u00f6netimi Prosed\u00fcr\u00fc, De\u011fi\u015fiklik Y\u00f6netim S\u00fcreci, Proje De\u011fi\u015fiklik Y\u00f6netimi, BT De\u011fi\u015fiklik Y\u00f6netimi, De\u011fi\u015fiklik Y\u00f6netimi Yaz\u0131l\u0131m\u0131 ile T\u00fcm S\u00fcre\u00e7lerinizi Etkin Y\u00f6netin."},{"@type":"BreadcrumbList","@id":"https:\/\/bimser.com\/degisiklik-yonetimi\/#breadcrumb","itemListElement":[{"@type":"ListItem","position":1,"name":"Anasayfa","item":"https:\/\/bimser.com\/"},{"@type":"ListItem","position":2,"name":"Change Management"}]},{"@type":"WebSite","@id":"https:\/\/bimser.com\/#website","url":"https:\/\/bimser.com\/","name":"Bimser \u00c7\u00f6z\u00fcm","description":"Dijital D\u00f6n\u00fc\u015f\u00fcmde Ak\u0131ll\u0131 \u00c7\u00f6z\u00fcmler ve \u00dcr\u00fcnler","publisher":{"@id":"https:\/\/bimser.com\/#organization"},"potentialAction":[{"@type":"SearchAction","target":{"@type":"EntryPoint","urlTemplate":"https:\/\/bimser.com\/?s={search_term_string}"},"query-input":{"@type":"PropertyValueSpecification","valueRequired":true,"valueName":"search_term_string"}}],"inLanguage":"en-US"},{"@type":"Organization","@id":"https:\/\/bimser.com\/#organization","name":"Bimser \u00c7\u00f6z\u00fcm","alternateName":"Bimser Inc.","url":"https:\/\/bimser.com\/","logo":{"@type":"ImageObject","inLanguage":"en-US","@id":"https:\/\/bimser.com\/#\/schema\/logo\/image\/","url":"https:\/\/bimser.com\/bimser\/wp-content\/uploads\/2021\/09\/Bimser-Logo-4-300x101-1.png","contentUrl":"https:\/\/bimser.com\/bimser\/wp-content\/uploads\/2021\/09\/Bimser-Logo-4-300x101-1.png","width":300,"height":101,"caption":"Bimser \u00c7\u00f6z\u00fcm"},"image":{"@id":"https:\/\/bimser.com\/#\/schema\/logo\/image\/"},"sameAs":["https:\/\/www.facebook.com\/bmsercozum\/","https:\/\/x.com\/Bimser_","https:\/\/www.instagram.com\/bimsercozum\/","https:\/\/www.linkedin.com\/company\/bimser-z-m\/mycompany\/","https:\/\/www.youtube.com\/channel\/UCX_4PkXrhcp9Cweo5KTDCMQ"]}]}},"_links":{"self":[{"href":"https:\/\/bimser.com\/en\/wp-json\/wp\/v2\/pages\/19660","targetHints":{"allow":["GET"]}}],"collection":[{"href":"https:\/\/bimser.com\/en\/wp-json\/wp\/v2\/pages"}],"about":[{"href":"https:\/\/bimser.com\/en\/wp-json\/wp\/v2\/types\/page"}],"author":[{"embeddable":true,"href":"https:\/\/bimser.com\/en\/wp-json\/wp\/v2\/users\/2"}],"replies":[{"embeddable":true,"href":"https:\/\/bimser.com\/en\/wp-json\/wp\/v2\/comments?post=19660"}],"version-history":[{"count":12,"href":"https:\/\/bimser.com\/en\/wp-json\/wp\/v2\/pages\/19660\/revisions"}],"predecessor-version":[{"id":29174,"href":"https:\/\/bimser.com\/en\/wp-json\/wp\/v2\/pages\/19660\/revisions\/29174"}],"wp:featuredmedia":[{"embeddable":true,"href":"https:\/\/bimser.com\/en\/wp-json\/wp\/v2\/media\/23807"}],"wp:attachment":[{"href":"https:\/\/bimser.com\/en\/wp-json\/wp\/v2\/media?parent=19660"}],"curies":[{"name":"wp","href":"https:\/\/api.w.org\/{rel}","templated":true}]}}