{"id":19827,"date":"2021-09-28T16:06:58","date_gmt":"2021-09-28T13:06:58","guid":{"rendered":"https:\/\/bimser.com\/hakkimizda\/"},"modified":"2025-11-06T13:29:34","modified_gmt":"2025-11-06T10:29:34","slug":"about-us","status":"publish","type":"page","link":"https:\/\/bimser.com\/en\/about-us\/","title":{"rendered":"About Us"},"content":{"rendered":"<div class=\"wpb-content-wrapper\"><p>[vc_section full_width=&#8221;stretch_row&#8221; pix_over_visibility=&#8221;&#8221; css=&#8221;.vc_custom_1638326937582{padding-top: 50px !important;padding-bottom: 50px !important;}&#8221;][vc_row pix_particles_check=&#8221;&#8221;][vc_column]<div id=\"el1637096029056-3e4ad75c-7a4b\" class=\"pix-highlighted-element text-center \"><h3 class=\"pix-highlighted-items \" style=\"\" data-anim-type=\"\" data-anim-delay=\"0\"><span id=\"el1637096029056-3e4ad75c-7a4b-0\"  class=\"\"><span   class=\"pix-highlighted-text d-inline-block  pix-highlight-item font-weight-normal  font-weight-bold heading-font text-heading-default\">About&nbsp;<\/span><span   class=\"pix-highlighted-text d-inline-block  pix-highlight-item font-weight-normal  font-weight-bold heading-font text-heading-default\"><\/span><\/span><span id=\"el1637096029056-3e4ad75c-7a4b-1\" class=\"pix-highlight-bg  animate-in\" data-anim-type=\"highlight-grow\" data-anim-delay=\"200\"><span   class=\"pix-highlighted-text d-inline-block pix-highlight-item font-weight-normal  font-weight-bold heading-font text-heading-default\">Bimser<\/span><\/span><\/h3><\/div>[vc_empty_space height=&#8221;20px&#8221;][vc_column_text css=&#8221;&#8221; el_class=&#8221;text-just&#8221;]<\/p>\n<section class=\"av_textblock_section \">\n<div class=\"avia_textblock \">\n<p>Founded in Kocaeli in 1998, <strong>BIMSER<\/strong> started its journey with people who came together to produce software solutions in the field of information technologies.<\/p>\n<p>For many years, <strong>BIMSER<\/strong> offers its users a wide range of products that can work in integration with each other and with other products, from software packages for companies of different sizes and sectors, to a complete solution development platform on which various business applications can be designed. <strong>BIMSER&#8217;s <\/strong>software products are used by more than a million professionals in more than <strong>1800<\/strong> distinguished companies in Turkey today; With the efficiency it provides, it brings <strong>competitive advantage<\/strong> and <strong>success<\/strong> to these companies.<\/p>\n<p><strong>BIMSER <\/strong>has exported its software to more than <strong>33<\/strong> countries so far. The <strong>New York<\/strong> and <b>Dubai <\/b>offices of the company, which was established in 2017, are the continuation of this development.<\/p>\n<p>With its software products, <strong>Bimser Synergy,<\/strong> <strong>eBA Plus, QDMS, BEAM,<\/strong> <strong>ENSEMBLE,<\/strong> all developed by Turkish engineers, it plays an important role in the digitalization and competitiveness of companies in Turkey. It continues to be the first choice of leading companies in its sector, especially with the solutions it offers in the fields of workflow and document management, process and performance management, quality management, information security management, risk management, maintenance management, asset and information technology management.<\/p>\n<\/div>\n<\/section>\n<p>[\/vc_column_text][\/vc_column][\/vc_row][vc_row pix_particles_check=&#8221;&#8221;][vc_column]<div class=\"d-block w-100 text-center\"><span  class=\"btn mb-2    vc_custom_1678547413705  shadow-sm shadow-hover text-white btn-blue d-inline-flex align-items-center pix-hover-item      btn-rounded pix-popup-link pix-btn-div btn-md\"     data-popup-link=\"https:\/\/bimser.com\/wp-admin\/admin-ajax.php?action=pix_popup_content&id=24802&nonce=39d736793c\" data-popup-id=\"24802\"><span class=\"font-weight-bold \" >Bimser Logos<\/span><svg class=\"pixfort-icon font-weight-bold  pix-hover-right  ml-2\" width=\"24\" height=\"24\"  data-name=\"Line\/pixfort-icon-arrow-right-circle-1\" viewBox=\"2 2 20 20\"><path fill=\"none\" stroke=\"var(--pf-icon-color)\" stroke-linecap=\"round\" stroke-linejoin=\"round\" stroke-width=\"var(--pf-icon-stroke-width)\" d=\"M12,21 C16.9705627,21 21,16.9705627 21,12 C21,7.02943725 16.9705627,3 12,3 C7.02943725,3 3,7.02943725 3,12 C3,16.9705627 7.02943725,21 12,21 Z M7,12 L16,12 M12,17 L17,12 L12,7\"\/><\/svg><\/span><\/div>[\/vc_column][\/vc_row][\/vc_section][vc_section full_width=&#8221;stretch_row&#8221; pix_over_visibility=&#8221;&#8221;][vc_row pix_particles_check=&#8221;&#8221;][vc_column]<div class=\"pix-content-box card      vc_custom_1637101008088    rounded-10 shadow shadow-hover-lg fly-sm bg- w-100  \"   ><div class=\"\" style=\"z-index:30;position:relative;\"><div class=\"clients row   vc_custom_1762424960155\"><div class=\"d-none d-md-block clearfix w-100 col-12\"><\/div><div class=\"col-md col-12 -3  text-center client2 d-inline-block2 d-inline-flex client\"><a target=\"_blank\" href=\"https:\/\/bimser.com\/wp-content\/uploads\/2025\/05\/STD-02_2-ISO-9001-2015-Kalite-Yonetim-Sistemi-Belgesi.pdf\" class=\"client2 align-self-center py-3 d-inline-block w-100\" title=\"\"><img loading=\"lazy\" decoding=\"async\" src=\"https:\/\/bimser.com\/wp-content\/uploads\/2021\/11\/iso-9001.fw_.png\" srcset=\"https:\/\/bimser.com\/wp-content\/uploads\/2021\/11\/iso-9001.fw_-300x150.png 300w, https:\/\/bimser.com\/wp-content\/uploads\/2021\/11\/iso-9001.fw_.png 400w\" sizes=\"auto, (max-width: 400px) 100vw, 400px\" width=\"400\" height=\"200\" class=\"animate-in\" alt=\"\" data-anim-type=\"fade-in-up\" data-anim-delay=\"300\"><\/a><\/div><div class=\"col-md col-12 -3  text-center client2 d-inline-block2 d-inline-flex client\"><a target=\"_self\" href=\"https:\/\/bimser.com\/wp-content\/uploads\/2025\/11\/BIMSER-27001.pdf\" class=\"client2 align-self-center py-3 d-inline-block w-100\" title=\"\"><img loading=\"lazy\" decoding=\"async\" src=\"https:\/\/bimser.com\/wp-content\/uploads\/2021\/11\/iso-27001.fw_.png\" srcset=\"https:\/\/bimser.com\/wp-content\/uploads\/2021\/11\/iso-27001.fw_-300x150.png 300w, https:\/\/bimser.com\/wp-content\/uploads\/2021\/11\/iso-27001.fw_.png 400w\" sizes=\"auto, (max-width: 400px) 100vw, 400px\" width=\"400\" height=\"200\" class=\"animate-in\" alt=\"\" data-anim-type=\"fade-in-up\" data-anim-delay=\"300\"><\/a><\/div><div class=\"col-md col-12 -3  text-center client2 d-inline-block2 d-inline-flex client\"><a target=\"_blank\" href=\"https:\/\/bimser.com\/wp-content\/uploads\/2025\/07\/STD-04_0-ISO-15504-Spice-Sertifikasi.pdf\" class=\"client2 align-self-center py-3 d-inline-block w-100\" title=\"\"><img loading=\"lazy\" decoding=\"async\" src=\"https:\/\/bimser.com\/wp-content\/uploads\/2021\/11\/tse-spice.fw_.png\" srcset=\"https:\/\/bimser.com\/wp-content\/uploads\/2021\/11\/tse-spice.fw_-300x150.png 300w, https:\/\/bimser.com\/wp-content\/uploads\/2021\/11\/tse-spice.fw_.png 400w\" sizes=\"auto, (max-width: 400px) 100vw, 400px\" width=\"400\" height=\"200\" class=\"animate-in\" alt=\"\" data-anim-type=\"fade-in-up\" data-anim-delay=\"300\"><\/a><\/div><\/div>\n<\/div><\/div>[vc_empty_space height=&#8221;40px&#8221;][\/vc_column][\/vc_row][\/vc_section][vc_section full_width=&#8221;stretch_row&#8221; pix_over_visibility=&#8221;&#8221; css=&#8221;.vc_custom_1724324791644{padding-top: 50px !important;padding-bottom: 60px !important;background-color: #ffffff !important;}&#8221;][vc_row pix_particles_check=&#8221;&#8221;][vc_column][vc_empty_space height=&#8221;40px&#8221;]<div id=\"el1637095266240-70d6fd71-0add\" class=\"pix-highlighted-element text-center \"><h3 class=\"pix-highlighted-items \" style=\"\" data-anim-type=\"\" data-anim-delay=\"0\"><span id=\"el1637095266240-70d6fd71-0add-0\" class=\"pix-highlight-bg  animate-in\" data-anim-type=\"highlight-grow\" data-anim-delay=\"200\"><span   class=\"pix-highlighted-text d-inline-block pix-highlight-item font-weight-normal  font-weight-bold heading-font text-heading-default\">Bimser&nbsp;<\/span><span   class=\"pix-highlighted-text d-inline-block pix-highlight-item font-weight-normal  font-weight-bold heading-font text-heading-default\"><\/span><\/span><span id=\"el1637095266240-70d6fd71-0add-1\"  class=\"\"><span   class=\"pix-highlighted-text d-inline-block  pix-highlight-item font-weight-normal  font-weight-bold heading-font text-heading-default\">with&nbsp;<\/span><span   class=\"pix-highlighted-text d-inline-block  pix-highlight-item font-weight-normal  font-weight-bold heading-font text-heading-default\">Numbers<\/span><\/span><\/h3><\/div>[vc_empty_space height=&#8221;40px&#8221;][vc_row_inner][vc_column_inner width=&#8221;1\/3&#8243;]<div class=\"pix_numbers animate-math \"><div><h1 class=\"align-self-center text-center \"><span class=\"number-title font-weight-bold text-body-default\" style=\"\"><\/span><span class=\"number-title number font-weight-bold text-body-default\" style=\"\" data-duration=\"2000\" data-to=\"1800\">0<\/span><span class=\"number-title font-weight-bold text-body-default\" style=\"\">+<\/span><\/h1><\/div><div class=\"w-100 text-center\"><h3 class=\"number-content mt-0 text-body-default secondary-font\" style=\"\">Customers<\/h3><\/div><\/div>\n[\/vc_column_inner][vc_column_inner width=&#8221;1\/3&#8243;]<div class=\"pix_numbers animate-math \"><div><h1 class=\"align-self-center text-center \"><span class=\"number-title font-weight-bold text-body-default\" style=\"\"><\/span><span class=\"number-title number font-weight-bold text-body-default\" style=\"\" data-duration=\"2000\" data-to=\"1\">0<\/span><span class=\"number-title font-weight-bold text-body-default\" style=\"\">M+<\/span><\/h1><\/div><div class=\"w-100 text-center\"><h3 class=\"number-content mt-0 text-body-default secondary-font\" style=\"\">Licensed Users<\/h3><\/div><\/div>\n[\/vc_column_inner][vc_column_inner width=&#8221;1\/3&#8243;]<div class=\"pix_numbers animate-math \"><div><h1 class=\"align-self-center text-center \"><span class=\"number-title font-weight-bold text-body-default\" style=\"\"><\/span><span class=\"number-title number font-weight-bold text-body-default\" style=\"\" data-duration=\"2000\" data-to=\"225\">0<\/span><span class=\"number-title font-weight-bold text-body-default\" style=\"\"><\/span><\/h1><\/div><div class=\"w-100 text-center\"><h3 class=\"number-content mt-0 text-body-default secondary-font\" style=\"\">Workers<\/h3><\/div><\/div>\n[\/vc_column_inner][\/vc_row_inner][\/vc_column][\/vc_row][\/vc_section][vc_section full_width=&#8221;stretch_row&#8221; disable_element=&#8221;yes&#8221; pix_over_visibility=&#8221;&#8221;][vc_row full_width=&#8221;stretch_row&#8221; pix_particles_check=&#8221;&#8221;][vc_column]<div  class=\"pix-heading-el text-center \"><h3 class=\"text-body-default font-weight-bold h3 heading-text el-title_custom_color mb-12\" style=\"\" data-anim-type=\"\" data-anim-delay=\"0\">Our Company Informations<\/h3><\/div>[vc_empty_space height=&#8221;30px&#8221;][\/vc_column][\/vc_row][\/vc_section][vc_row disable_element=&#8221;yes&#8221; pix_particles_check=&#8221;&#8221;][vc_column width=&#8221;2\/3&#8243;]<div class=\"pix-content-box card      vc_custom_1637101265804    rounded-10 shadow shadow-hover-lg fly-sm bg- w-100  \"   ><div class=\"\" style=\"z-index:30;position:relative;\">[vc_column_text]<strong>Trade Name: Bimser Yaz\u0131l\u0131m Ticaret Anonim Sirketi<\/strong><\/p>\n<p><strong>Company Type: Inc.<\/strong><\/p>\n<p><strong>Mersis No: 0175008229500010<\/strong><\/p>\n<p><strong>Address: Yenik\u00f6y Merkez Mah. Vatan Cad. D Blok No:73D \u0130\u00e7 Kap\u0131 No: 305 Ba\u015fiskele\/KOCAEL\u0130<\/strong><\/p>\n<p><strong>PC: 41275<\/strong><\/p>\n<p><strong>Tax Office and Number: Tepecik V.D. 175 042 8594<\/strong><\/p>\n<p><strong>Trade Registry Office: Kocaeli<\/strong><\/p>\n<p><strong>Trade Register Number: 12313<\/strong><\/p>\n<p><strong>Register No: 2013<\/strong><\/p>\n<p><strong>Capital: 23.526.272 Turkish Liras<\/strong>[\/vc_column_text][vc_empty_space height=&#8221;50px&#8221;]<\/div><\/div>[vc_empty_space height=&#8221;50px&#8221;][\/vc_column][vc_column width=&#8221;1\/3&#8243;]<div class=\"pix-content-box card      vc_custom_1637101265804    rounded-10 shadow shadow-hover-lg fly-sm bg- w-100  \"   ><div class=\"\" style=\"z-index:30;position:relative;\">[vc_column_text]<strong>136 Medison Avenue, 6th Floor, #601, New York, NY 10016<\/strong>[\/vc_column_text]<\/div><\/div>[vc_empty_space height=&#8221;50px&#8221;]<div class=\"pix-content-box card      vc_custom_1637101265804    rounded-10 shadow shadow-hover-lg fly-sm bg- w-100  \"   ><div class=\"\" style=\"z-index:30;position:relative;\">[vc_column_text]<strong>Bimser B.V. Prinses Margrietplantsoen 33 2595 AM Den Haag World Trade Center \/ The Hague Netherlands<\/strong>[\/vc_column_text]<\/div><\/div>[vc_empty_space height=&#8221;50px&#8221;][\/vc_column][\/vc_row]<\/p>\n<\/div>","protected":false},"excerpt":{"rendered":"[vc_section full_width=&#8221;stretch_row&#8221; pix_over_visibility=&#8221;&#8221; css=&#8221;.vc_custom_1638326937582{padding-top: 50px !important;padding-bottom: 50px !important;}&#8221;][vc_row pix_particles_check=&#8221;&#8221;][vc_column][vc_empty_space height=&#8221;20px&#8221;][vc_column_text css=&#8221;&#8221; el_class=&#8221;text-just&#8221;] Founded in Kocaeli in 1998, BIMSER started its journey with people who came together to produce software solutions in the field of information technologies. For many years, BIMSER&#8230;","protected":false},"author":2,"featured_media":23587,"parent":0,"menu_order":0,"comment_status":"closed","ping_status":"closed","template":"","meta":{"inline_featured_image":false,"footnotes":""},"class_list":["post-19827","page","type-page","status-publish","has-post-thumbnail","hentry"],"yoast_head":"<!-- This site is optimized with the Yoast SEO Premium plugin v19.7 (Yoast SEO v27.3) - https:\/\/yoast.com\/product\/yoast-seo-premium-wordpress\/ -->\n<title>About Us - Bimser \u00c7\u00f6z\u00fcm<\/title>\n<meta name=\"robots\" content=\"index, follow, max-snippet:-1, max-image-preview:large, max-video-preview:-1\" \/>\n<link rel=\"canonical\" href=\"https:\/\/bimser.com\/en\/about-us\/\" \/>\n<meta property=\"og:locale\" content=\"en_US\" \/>\n<meta property=\"og:type\" content=\"article\" \/>\n<meta property=\"og:title\" content=\"About Us\" \/>\n<meta property=\"og:description\" content=\"[vc_section full_width=&#8221;stretch_row&#8221; pix_over_visibility=&#8221;&#8221; css=&#8221;.vc_custom_1638326937582{padding-top: 50px !important;padding-bottom: 50px !important;}&#8221;][vc_row pix_particles_check=&#8221;&#8221;][vc_column][vc_empty_space height=&#8221;20px&#8221;][vc_column_text css=&#8221;&#8221; el_class=&#8221;text-just&#8221;] Founded in Kocaeli in 1998, BIMSER started its journey with people who came together to produce software solutions in the field of information technologies. For many years, BIMSER...\" \/>\n<meta property=\"og:url\" content=\"https:\/\/bimser.com\/en\/about-us\/\" \/>\n<meta property=\"og:site_name\" content=\"Bimser \u00c7\u00f6z\u00fcm\" \/>\n<meta property=\"article:publisher\" content=\"https:\/\/www.facebook.com\/bmsercozum\/\" \/>\n<meta property=\"article:modified_time\" content=\"2025-11-06T10:29:34+00:00\" \/>\n<meta property=\"og:image\" content=\"https:\/\/bimser.com\/wp-content\/uploads\/2022\/09\/Bimser-Hakkinda-Dijital-Do\u0308nu\u0308s\u0327u\u0308mde-Yol-Arkadas\u0327iniz.png\" \/>\n\t<meta property=\"og:image:width\" content=\"2048\" \/>\n\t<meta property=\"og:image:height\" content=\"1278\" \/>\n\t<meta property=\"og:image:type\" content=\"image\/png\" \/>\n<meta name=\"twitter:card\" content=\"summary_large_image\" \/>\n<meta name=\"twitter:site\" content=\"@Bimser_\" \/>\n<meta name=\"twitter:label1\" content=\"Est. reading time\" \/>\n\t<meta name=\"twitter:data1\" content=\"4 minutes\" \/>\n<script type=\"application\/ld+json\" class=\"yoast-schema-graph\">{\"@context\":\"https:\\\/\\\/schema.org\",\"@graph\":[{\"@type\":\"WebPage\",\"@id\":\"https:\\\/\\\/bimser.com\\\/en\\\/about-us\\\/\",\"url\":\"https:\\\/\\\/bimser.com\\\/en\\\/about-us\\\/\",\"name\":\"About Us - Bimser \u00c7\u00f6z\u00fcm\",\"isPartOf\":{\"@id\":\"https:\\\/\\\/bimser.com\\\/#website\"},\"primaryImageOfPage\":{\"@id\":\"https:\\\/\\\/bimser.com\\\/en\\\/about-us\\\/#primaryimage\"},\"image\":{\"@id\":\"https:\\\/\\\/bimser.com\\\/en\\\/about-us\\\/#primaryimage\"},\"thumbnailUrl\":\"https:\\\/\\\/bimser.com\\\/wp-content\\\/uploads\\\/2022\\\/09\\\/Bimser-Hakkinda-Dijital-Do\u0308nu\u0308s\u0327u\u0308mde-Yol-Arkadas\u0327iniz.png\",\"datePublished\":\"2021-09-28T13:06:58+00:00\",\"dateModified\":\"2025-11-06T10:29:34+00:00\",\"breadcrumb\":{\"@id\":\"https:\\\/\\\/bimser.com\\\/en\\\/about-us\\\/#breadcrumb\"},\"inLanguage\":\"en-US\",\"potentialAction\":[{\"@type\":\"ReadAction\",\"target\":[\"https:\\\/\\\/bimser.com\\\/en\\\/about-us\\\/\"]}]},{\"@type\":\"ImageObject\",\"inLanguage\":\"en-US\",\"@id\":\"https:\\\/\\\/bimser.com\\\/en\\\/about-us\\\/#primaryimage\",\"url\":\"https:\\\/\\\/bimser.com\\\/wp-content\\\/uploads\\\/2022\\\/09\\\/Bimser-Hakkinda-Dijital-Do\u0308nu\u0308s\u0327u\u0308mde-Yol-Arkadas\u0327iniz.png\",\"contentUrl\":\"https:\\\/\\\/bimser.com\\\/wp-content\\\/uploads\\\/2022\\\/09\\\/Bimser-Hakkinda-Dijital-Do\u0308nu\u0308s\u0327u\u0308mde-Yol-Arkadas\u0327iniz.png\",\"width\":2048,\"height\":1278,\"caption\":\"Bimser'in Kurulu\u015fundan \u015euana Kadar Alm\u0131\u015f Oldu\u011fu Yolu Hakk\u0131m\u0131zda K\u0131sm\u0131ndan Detayl\u0131ca \u00d6\u011frenin.\"},{\"@type\":\"BreadcrumbList\",\"@id\":\"https:\\\/\\\/bimser.com\\\/en\\\/about-us\\\/#breadcrumb\",\"itemListElement\":[{\"@type\":\"ListItem\",\"position\":1,\"name\":\"Anasayfa\",\"item\":\"https:\\\/\\\/bimser.com\\\/\"},{\"@type\":\"ListItem\",\"position\":2,\"name\":\"About Us\"}]},{\"@type\":\"WebSite\",\"@id\":\"https:\\\/\\\/bimser.com\\\/#website\",\"url\":\"https:\\\/\\\/bimser.com\\\/\",\"name\":\"Bimser \u00c7\u00f6z\u00fcm\",\"description\":\"Dijital D\u00f6n\u00fc\u015f\u00fcmde Ak\u0131ll\u0131 \u00c7\u00f6z\u00fcmler ve \u00dcr\u00fcnler\",\"publisher\":{\"@id\":\"https:\\\/\\\/bimser.com\\\/#organization\"},\"potentialAction\":[{\"@type\":\"SearchAction\",\"target\":{\"@type\":\"EntryPoint\",\"urlTemplate\":\"https:\\\/\\\/bimser.com\\\/?s={search_term_string}\"},\"query-input\":{\"@type\":\"PropertyValueSpecification\",\"valueRequired\":true,\"valueName\":\"search_term_string\"}}],\"inLanguage\":\"en-US\"},{\"@type\":\"Organization\",\"@id\":\"https:\\\/\\\/bimser.com\\\/#organization\",\"name\":\"Bimser \u00c7\u00f6z\u00fcm\",\"alternateName\":\"Bimser Inc.\",\"url\":\"https:\\\/\\\/bimser.com\\\/\",\"logo\":{\"@type\":\"ImageObject\",\"inLanguage\":\"en-US\",\"@id\":\"https:\\\/\\\/bimser.com\\\/#\\\/schema\\\/logo\\\/image\\\/\",\"url\":\"https:\\\/\\\/bimser.com\\\/bimser\\\/wp-content\\\/uploads\\\/2021\\\/09\\\/Bimser-Logo-4-300x101-1.png\",\"contentUrl\":\"https:\\\/\\\/bimser.com\\\/bimser\\\/wp-content\\\/uploads\\\/2021\\\/09\\\/Bimser-Logo-4-300x101-1.png\",\"width\":300,\"height\":101,\"caption\":\"Bimser \u00c7\u00f6z\u00fcm\"},\"image\":{\"@id\":\"https:\\\/\\\/bimser.com\\\/#\\\/schema\\\/logo\\\/image\\\/\"},\"sameAs\":[\"https:\\\/\\\/www.facebook.com\\\/bmsercozum\\\/\",\"https:\\\/\\\/x.com\\\/Bimser_\",\"https:\\\/\\\/www.instagram.com\\\/bimsercozum\\\/\",\"https:\\\/\\\/www.linkedin.com\\\/company\\\/bimser-z-m\\\/mycompany\\\/\",\"https:\\\/\\\/www.youtube.com\\\/channel\\\/UCX_4PkXrhcp9Cweo5KTDCMQ\"]}]}<\/script>\n<!-- \/ Yoast SEO Premium plugin. -->","yoast_head_json":{"title":"About Us - Bimser \u00c7\u00f6z\u00fcm","robots":{"index":"index","follow":"follow","max-snippet":"max-snippet:-1","max-image-preview":"max-image-preview:large","max-video-preview":"max-video-preview:-1"},"canonical":"https:\/\/bimser.com\/en\/about-us\/","og_locale":"en_US","og_type":"article","og_title":"About Us","og_description":"[vc_section full_width=&#8221;stretch_row&#8221; pix_over_visibility=&#8221;&#8221; css=&#8221;.vc_custom_1638326937582{padding-top: 50px !important;padding-bottom: 50px !important;}&#8221;][vc_row pix_particles_check=&#8221;&#8221;][vc_column][vc_empty_space height=&#8221;20px&#8221;][vc_column_text css=&#8221;&#8221; el_class=&#8221;text-just&#8221;] Founded in Kocaeli in 1998, BIMSER started its journey with people who came together to produce software solutions in the field of information technologies. For many years, BIMSER...","og_url":"https:\/\/bimser.com\/en\/about-us\/","og_site_name":"Bimser \u00c7\u00f6z\u00fcm","article_publisher":"https:\/\/www.facebook.com\/bmsercozum\/","article_modified_time":"2025-11-06T10:29:34+00:00","og_image":[{"width":2048,"height":1278,"url":"https:\/\/bimser.com\/wp-content\/uploads\/2022\/09\/Bimser-Hakkinda-Dijital-Do\u0308nu\u0308s\u0327u\u0308mde-Yol-Arkadas\u0327iniz.png","type":"image\/png"}],"twitter_card":"summary_large_image","twitter_site":"@Bimser_","twitter_misc":{"Est. reading time":"4 minutes"},"schema":{"@context":"https:\/\/schema.org","@graph":[{"@type":"WebPage","@id":"https:\/\/bimser.com\/en\/about-us\/","url":"https:\/\/bimser.com\/en\/about-us\/","name":"About Us - Bimser \u00c7\u00f6z\u00fcm","isPartOf":{"@id":"https:\/\/bimser.com\/#website"},"primaryImageOfPage":{"@id":"https:\/\/bimser.com\/en\/about-us\/#primaryimage"},"image":{"@id":"https:\/\/bimser.com\/en\/about-us\/#primaryimage"},"thumbnailUrl":"https:\/\/bimser.com\/wp-content\/uploads\/2022\/09\/Bimser-Hakkinda-Dijital-Do\u0308nu\u0308s\u0327u\u0308mde-Yol-Arkadas\u0327iniz.png","datePublished":"2021-09-28T13:06:58+00:00","dateModified":"2025-11-06T10:29:34+00:00","breadcrumb":{"@id":"https:\/\/bimser.com\/en\/about-us\/#breadcrumb"},"inLanguage":"en-US","potentialAction":[{"@type":"ReadAction","target":["https:\/\/bimser.com\/en\/about-us\/"]}]},{"@type":"ImageObject","inLanguage":"en-US","@id":"https:\/\/bimser.com\/en\/about-us\/#primaryimage","url":"https:\/\/bimser.com\/wp-content\/uploads\/2022\/09\/Bimser-Hakkinda-Dijital-Do\u0308nu\u0308s\u0327u\u0308mde-Yol-Arkadas\u0327iniz.png","contentUrl":"https:\/\/bimser.com\/wp-content\/uploads\/2022\/09\/Bimser-Hakkinda-Dijital-Do\u0308nu\u0308s\u0327u\u0308mde-Yol-Arkadas\u0327iniz.png","width":2048,"height":1278,"caption":"Bimser'in Kurulu\u015fundan \u015euana Kadar Alm\u0131\u015f Oldu\u011fu Yolu Hakk\u0131m\u0131zda K\u0131sm\u0131ndan Detayl\u0131ca \u00d6\u011frenin."},{"@type":"BreadcrumbList","@id":"https:\/\/bimser.com\/en\/about-us\/#breadcrumb","itemListElement":[{"@type":"ListItem","position":1,"name":"Anasayfa","item":"https:\/\/bimser.com\/"},{"@type":"ListItem","position":2,"name":"About Us"}]},{"@type":"WebSite","@id":"https:\/\/bimser.com\/#website","url":"https:\/\/bimser.com\/","name":"Bimser \u00c7\u00f6z\u00fcm","description":"Dijital D\u00f6n\u00fc\u015f\u00fcmde Ak\u0131ll\u0131 \u00c7\u00f6z\u00fcmler ve \u00dcr\u00fcnler","publisher":{"@id":"https:\/\/bimser.com\/#organization"},"potentialAction":[{"@type":"SearchAction","target":{"@type":"EntryPoint","urlTemplate":"https:\/\/bimser.com\/?s={search_term_string}"},"query-input":{"@type":"PropertyValueSpecification","valueRequired":true,"valueName":"search_term_string"}}],"inLanguage":"en-US"},{"@type":"Organization","@id":"https:\/\/bimser.com\/#organization","name":"Bimser \u00c7\u00f6z\u00fcm","alternateName":"Bimser Inc.","url":"https:\/\/bimser.com\/","logo":{"@type":"ImageObject","inLanguage":"en-US","@id":"https:\/\/bimser.com\/#\/schema\/logo\/image\/","url":"https:\/\/bimser.com\/bimser\/wp-content\/uploads\/2021\/09\/Bimser-Logo-4-300x101-1.png","contentUrl":"https:\/\/bimser.com\/bimser\/wp-content\/uploads\/2021\/09\/Bimser-Logo-4-300x101-1.png","width":300,"height":101,"caption":"Bimser \u00c7\u00f6z\u00fcm"},"image":{"@id":"https:\/\/bimser.com\/#\/schema\/logo\/image\/"},"sameAs":["https:\/\/www.facebook.com\/bmsercozum\/","https:\/\/x.com\/Bimser_","https:\/\/www.instagram.com\/bimsercozum\/","https:\/\/www.linkedin.com\/company\/bimser-z-m\/mycompany\/","https:\/\/www.youtube.com\/channel\/UCX_4PkXrhcp9Cweo5KTDCMQ"]}]}},"_links":{"self":[{"href":"https:\/\/bimser.com\/en\/wp-json\/wp\/v2\/pages\/19827","targetHints":{"allow":["GET"]}}],"collection":[{"href":"https:\/\/bimser.com\/en\/wp-json\/wp\/v2\/pages"}],"about":[{"href":"https:\/\/bimser.com\/en\/wp-json\/wp\/v2\/types\/page"}],"author":[{"embeddable":true,"href":"https:\/\/bimser.com\/en\/wp-json\/wp\/v2\/users\/2"}],"replies":[{"embeddable":true,"href":"https:\/\/bimser.com\/en\/wp-json\/wp\/v2\/comments?post=19827"}],"version-history":[{"count":30,"href":"https:\/\/bimser.com\/en\/wp-json\/wp\/v2\/pages\/19827\/revisions"}],"predecessor-version":[{"id":29873,"href":"https:\/\/bimser.com\/en\/wp-json\/wp\/v2\/pages\/19827\/revisions\/29873"}],"wp:featuredmedia":[{"embeddable":true,"href":"https:\/\/bimser.com\/en\/wp-json\/wp\/v2\/media\/23587"}],"wp:attachment":[{"href":"https:\/\/bimser.com\/en\/wp-json\/wp\/v2\/media?parent=19827"}],"curies":[{"name":"wp","href":"https:\/\/api.w.org\/{rel}","templated":true}]}}