{"id":20072,"date":"2021-09-28T16:07:36","date_gmt":"2021-09-28T13:07:36","guid":{"rendered":"https:\/\/bimser.com\/sirket-degerleri\/"},"modified":"2024-12-13T17:42:56","modified_gmt":"2024-12-13T14:42:56","slug":"company-values","status":"publish","type":"page","link":"https:\/\/bimser.com\/en\/company-values\/","title":{"rendered":"Company Values"},"content":{"rendered":"<div class=\"wpb-content-wrapper\"><p>[vc_section full_width=&#8221;stretch_row&#8221; pix_over_visibility=&#8221;&#8221; top_divider_select=&#8221;8&#8243; t_1_color=&#8221;#f8f9fa&#8221; t_2_is_gradient=&#8221;true&#8221; t_2_color=&#8221;rgba(221,221,221,0.43)&#8221; t_2_color_2=&#8221;rgba(216,216,216,0.51)&#8221; t_3_is_gradient=&#8221;true&#8221; t_3_color=&#8221;rgba(221,221,221,0.57)&#8221; t_3_color_2=&#8221;rgba(216,216,216,0.6)&#8221; css=&#8221;.vc_custom_1637109328419{background-color: #ffffff !important;}&#8221;][vc_row pix_particles_check=&#8221;&#8221;][vc_column]<div  class=\"pix-heading-el text-center \"><h3 class=\"text-body-default font-weight-bold h3 heading-text el-title_custom_color mb-12\" style=\"\" data-anim-type=\"\" data-anim-delay=\"0\">Our Values<\/h3><\/div>[vc_empty_space height=&#8221;20px&#8221;]<div id=\"duo-icon-50661206\" class=\"slide-in-container w-100  \" ><div class=\"py-2 \"  ><div class=\"pix-feature-list     secondary-font   py-2 d-flex align-items-center\" ><div class=\"d-inline-flex align-items-center pix-mr-10 text-gradient-primary\" style=\"font-size:1.2em;position:relative;line-height:1em;text-align:center;\"><svg class=\"pixfort-icon \" width=\"24\" height=\"24\"  data-name=\"Duotone\/pixfort-icon-double-check-1\" viewBox=\"2 2 20 20\"><g fill=\"none\" fill-rule=\"evenodd\"><path fill=\"var(--pf-icon-color)\" fill-opacity=\".25\" d=\"M20.2928932,7.29289322 C20.6834175,6.90236893 21.3165825,6.90236893 21.7071068,7.29289322 C22.0976311,7.68341751 22.0976311,8.31658249 21.7071068,8.70710678 L13.2071068,17.2071068 C12.8165825,17.5976311 12.1834175,17.5976311 11.7928932,17.2071068 L7.29289322,12.7071068 C6.90236893,12.3165825 6.90236893,11.6834175 7.29289322,11.2928932 C7.68341751,10.9023689 8.31658249,10.9023689 8.70710678,11.2928932 L12.5,15.085 L20.2928932,7.29289322 Z\"\/><path fill=\"var(--pf-icon-color)\" d=\"M15.2928932,7.29289322 C15.6834175,6.90236893 16.3165825,6.90236893 16.7071068,7.29289322 C17.0976311,7.68341751 17.0976311,8.31658249 16.7071068,8.70710678 L8.20710678,17.2071068 C7.81658249,17.5976311 7.18341751,17.5976311 6.79289322,17.2071068 L2.29289322,12.7071068 C1.90236893,12.3165825 1.90236893,11.6834175 2.29289322,11.2928932 C2.68341751,10.9023689 3.31658249,10.9023689 3.70710678,11.2928932 L7.5,15.085 L15.2928932,7.29289322 Z\"\/><\/g><\/svg><\/div><span class=\"text-primary\"><b> Human-Centered Approach <\/b> We place people at the core of our relationships with employees, clients, and society, implementing policies that prioritize humanity and well-being.<\/span><\/div><div class=\"pix-feature-list     secondary-font   py-2 d-flex align-items-center\" ><div class=\"d-inline-flex align-items-center pix-mr-10 text-gradient-primary\" style=\"font-size:1.2em;position:relative;line-height:1em;text-align:center;\"><svg class=\"pixfort-icon \" width=\"24\" height=\"24\"  data-name=\"Duotone\/pixfort-icon-double-check-1\" viewBox=\"2 2 20 20\"><g fill=\"none\" fill-rule=\"evenodd\"><path fill=\"var(--pf-icon-color)\" fill-opacity=\".25\" d=\"M20.2928932,7.29289322 C20.6834175,6.90236893 21.3165825,6.90236893 21.7071068,7.29289322 C22.0976311,7.68341751 22.0976311,8.31658249 21.7071068,8.70710678 L13.2071068,17.2071068 C12.8165825,17.5976311 12.1834175,17.5976311 11.7928932,17.2071068 L7.29289322,12.7071068 C6.90236893,12.3165825 6.90236893,11.6834175 7.29289322,11.2928932 C7.68341751,10.9023689 8.31658249,10.9023689 8.70710678,11.2928932 L12.5,15.085 L20.2928932,7.29289322 Z\"\/><path fill=\"var(--pf-icon-color)\" d=\"M15.2928932,7.29289322 C15.6834175,6.90236893 16.3165825,6.90236893 16.7071068,7.29289322 C17.0976311,7.68341751 17.0976311,8.31658249 16.7071068,8.70710678 L8.20710678,17.2071068 C7.81658249,17.5976311 7.18341751,17.5976311 6.79289322,17.2071068 L2.29289322,12.7071068 C1.90236893,12.3165825 1.90236893,11.6834175 2.29289322,11.2928932 C2.68341751,10.9023689 3.31658249,10.9023689 3.70710678,11.2928932 L7.5,15.085 L15.2928932,7.29289322 Z\"\/><\/g><\/svg><\/div><span class=\"text-primary\"><b> Commitment to Quality <\/b> We are committed to delivering exceptional products and services, ensuring the highest quality standards to provide our clients with the best possible experience. Continuous improvement is at the heart of everything we do.<\/span><\/div><div class=\"pix-feature-list     secondary-font   py-2 d-flex align-items-center\" ><div class=\"d-inline-flex align-items-center pix-mr-10 text-gradient-primary\" style=\"font-size:1.2em;position:relative;line-height:1em;text-align:center;\"><svg class=\"pixfort-icon \" width=\"24\" height=\"24\"  data-name=\"Duotone\/pixfort-icon-double-check-1\" viewBox=\"2 2 20 20\"><g fill=\"none\" fill-rule=\"evenodd\"><path fill=\"var(--pf-icon-color)\" fill-opacity=\".25\" d=\"M20.2928932,7.29289322 C20.6834175,6.90236893 21.3165825,6.90236893 21.7071068,7.29289322 C22.0976311,7.68341751 22.0976311,8.31658249 21.7071068,8.70710678 L13.2071068,17.2071068 C12.8165825,17.5976311 12.1834175,17.5976311 11.7928932,17.2071068 L7.29289322,12.7071068 C6.90236893,12.3165825 6.90236893,11.6834175 7.29289322,11.2928932 C7.68341751,10.9023689 8.31658249,10.9023689 8.70710678,11.2928932 L12.5,15.085 L20.2928932,7.29289322 Z\"\/><path fill=\"var(--pf-icon-color)\" d=\"M15.2928932,7.29289322 C15.6834175,6.90236893 16.3165825,6.90236893 16.7071068,7.29289322 C17.0976311,7.68341751 17.0976311,8.31658249 16.7071068,8.70710678 L8.20710678,17.2071068 C7.81658249,17.5976311 7.18341751,17.5976311 6.79289322,17.2071068 L2.29289322,12.7071068 C1.90236893,12.3165825 1.90236893,11.6834175 2.29289322,11.2928932 C2.68341751,10.9023689 3.31658249,10.9023689 3.70710678,11.2928932 L7.5,15.085 L15.2928932,7.29289322 Z\"\/><\/g><\/svg><\/div><span class=\"text-primary\"><b> Innovation as a Guiding Principle <\/b>Innovation is the driving force behind Bimser. Our forward-thinking solutions are designed to shape the future and add measurable value to our clients' businesses.<\/span><\/div><div class=\"pix-feature-list     secondary-font   py-2 d-flex align-items-center\" ><div class=\"d-inline-flex align-items-center pix-mr-10 text-gradient-primary\" style=\"font-size:1.2em;position:relative;line-height:1em;text-align:center;\"><svg class=\"pixfort-icon \" width=\"24\" height=\"24\"  data-name=\"Duotone\/pixfort-icon-double-check-1\" viewBox=\"2 2 20 20\"><g fill=\"none\" fill-rule=\"evenodd\"><path fill=\"var(--pf-icon-color)\" fill-opacity=\".25\" d=\"M20.2928932,7.29289322 C20.6834175,6.90236893 21.3165825,6.90236893 21.7071068,7.29289322 C22.0976311,7.68341751 22.0976311,8.31658249 21.7071068,8.70710678 L13.2071068,17.2071068 C12.8165825,17.5976311 12.1834175,17.5976311 11.7928932,17.2071068 L7.29289322,12.7071068 C6.90236893,12.3165825 6.90236893,11.6834175 7.29289322,11.2928932 C7.68341751,10.9023689 8.31658249,10.9023689 8.70710678,11.2928932 L12.5,15.085 L20.2928932,7.29289322 Z\"\/><path fill=\"var(--pf-icon-color)\" d=\"M15.2928932,7.29289322 C15.6834175,6.90236893 16.3165825,6.90236893 16.7071068,7.29289322 C17.0976311,7.68341751 17.0976311,8.31658249 16.7071068,8.70710678 L8.20710678,17.2071068 C7.81658249,17.5976311 7.18341751,17.5976311 6.79289322,17.2071068 L2.29289322,12.7071068 C1.90236893,12.3165825 1.90236893,11.6834175 2.29289322,11.2928932 C2.68341751,10.9023689 3.31658249,10.9023689 3.70710678,11.2928932 L7.5,15.085 L15.2928932,7.29289322 Z\"\/><\/g><\/svg><\/div><span class=\"text-primary\"><b> Pursuit of Excellence <\/b> We embrace a culture of continuous improvement, ensuring that the services we provide exceed expectations. Our commitment to excellence drives us to deliver the best and maintain sustainable growth.<\/span><\/div><div class=\"pix-feature-list     secondary-font   py-2 d-flex align-items-center\" ><div class=\"d-inline-flex align-items-center pix-mr-10 text-gradient-primary\" style=\"font-size:1.2em;position:relative;line-height:1em;text-align:center;\"><svg class=\"pixfort-icon \" width=\"24\" height=\"24\"  data-name=\"Duotone\/pixfort-icon-double-check-1\" viewBox=\"2 2 20 20\"><g fill=\"none\" fill-rule=\"evenodd\"><path fill=\"var(--pf-icon-color)\" fill-opacity=\".25\" d=\"M20.2928932,7.29289322 C20.6834175,6.90236893 21.3165825,6.90236893 21.7071068,7.29289322 C22.0976311,7.68341751 22.0976311,8.31658249 21.7071068,8.70710678 L13.2071068,17.2071068 C12.8165825,17.5976311 12.1834175,17.5976311 11.7928932,17.2071068 L7.29289322,12.7071068 C6.90236893,12.3165825 6.90236893,11.6834175 7.29289322,11.2928932 C7.68341751,10.9023689 8.31658249,10.9023689 8.70710678,11.2928932 L12.5,15.085 L20.2928932,7.29289322 Z\"\/><path fill=\"var(--pf-icon-color)\" d=\"M15.2928932,7.29289322 C15.6834175,6.90236893 16.3165825,6.90236893 16.7071068,7.29289322 C17.0976311,7.68341751 17.0976311,8.31658249 16.7071068,8.70710678 L8.20710678,17.2071068 C7.81658249,17.5976311 7.18341751,17.5976311 6.79289322,17.2071068 L2.29289322,12.7071068 C1.90236893,12.3165825 1.90236893,11.6834175 2.29289322,11.2928932 C2.68341751,10.9023689 3.31658249,10.9023689 3.70710678,11.2928932 L7.5,15.085 L15.2928932,7.29289322 Z\"\/><\/g><\/svg><\/div><span class=\"text-primary\"><b> Sustainability <\/b> We conduct our business with an unwavering commitment to economic, environmental, and social responsibility. Our focus is on preserving resources for future generations while improving the quality of life for all.<\/span><\/div><div class=\"pix-feature-list     secondary-font   py-2 d-flex align-items-center\" ><div class=\"d-inline-flex align-items-center pix-mr-10 text-gradient-primary\" style=\"font-size:1.2em;position:relative;line-height:1em;text-align:center;\"><svg class=\"pixfort-icon \" width=\"24\" height=\"24\"  data-name=\"Duotone\/pixfort-icon-double-check-1\" viewBox=\"2 2 20 20\"><g fill=\"none\" fill-rule=\"evenodd\"><path fill=\"var(--pf-icon-color)\" fill-opacity=\".25\" d=\"M20.2928932,7.29289322 C20.6834175,6.90236893 21.3165825,6.90236893 21.7071068,7.29289322 C22.0976311,7.68341751 22.0976311,8.31658249 21.7071068,8.70710678 L13.2071068,17.2071068 C12.8165825,17.5976311 12.1834175,17.5976311 11.7928932,17.2071068 L7.29289322,12.7071068 C6.90236893,12.3165825 6.90236893,11.6834175 7.29289322,11.2928932 C7.68341751,10.9023689 8.31658249,10.9023689 8.70710678,11.2928932 L12.5,15.085 L20.2928932,7.29289322 Z\"\/><path fill=\"var(--pf-icon-color)\" d=\"M15.2928932,7.29289322 C15.6834175,6.90236893 16.3165825,6.90236893 16.7071068,7.29289322 C17.0976311,7.68341751 17.0976311,8.31658249 16.7071068,8.70710678 L8.20710678,17.2071068 C7.81658249,17.5976311 7.18341751,17.5976311 6.79289322,17.2071068 L2.29289322,12.7071068 C1.90236893,12.3165825 1.90236893,11.6834175 2.29289322,11.2928932 C2.68341751,10.9023689 3.31658249,10.9023689 3.70710678,11.2928932 L7.5,15.085 L15.2928932,7.29289322 Z\"\/><\/g><\/svg><\/div><span class=\"text-primary\"><b> Customer-Centricity <\/b> Our strategies and business processes are designed with a sharp focus on meeting and exceeding customer expectations. We build lasting relationships based on transparency, trust, and personalized service.<\/span><\/div><div class=\"pix-feature-list     secondary-font   py-2 d-flex align-items-center\" ><div class=\"d-inline-flex align-items-center pix-mr-10 text-gradient-primary\" style=\"font-size:1.2em;position:relative;line-height:1em;text-align:center;\"><svg class=\"pixfort-icon \" width=\"24\" height=\"24\"  data-name=\"Duotone\/pixfort-icon-double-check-1\" viewBox=\"2 2 20 20\"><g fill=\"none\" fill-rule=\"evenodd\"><path fill=\"var(--pf-icon-color)\" fill-opacity=\".25\" d=\"M20.2928932,7.29289322 C20.6834175,6.90236893 21.3165825,6.90236893 21.7071068,7.29289322 C22.0976311,7.68341751 22.0976311,8.31658249 21.7071068,8.70710678 L13.2071068,17.2071068 C12.8165825,17.5976311 12.1834175,17.5976311 11.7928932,17.2071068 L7.29289322,12.7071068 C6.90236893,12.3165825 6.90236893,11.6834175 7.29289322,11.2928932 C7.68341751,10.9023689 8.31658249,10.9023689 8.70710678,11.2928932 L12.5,15.085 L20.2928932,7.29289322 Z\"\/><path fill=\"var(--pf-icon-color)\" d=\"M15.2928932,7.29289322 C15.6834175,6.90236893 16.3165825,6.90236893 16.7071068,7.29289322 C17.0976311,7.68341751 17.0976311,8.31658249 16.7071068,8.70710678 L8.20710678,17.2071068 C7.81658249,17.5976311 7.18341751,17.5976311 6.79289322,17.2071068 L2.29289322,12.7071068 C1.90236893,12.3165825 1.90236893,11.6834175 2.29289322,11.2928932 C2.68341751,10.9023689 3.31658249,10.9023689 3.70710678,11.2928932 L7.5,15.085 L15.2928932,7.29289322 Z\"\/><\/g><\/svg><\/div><span class=\"text-primary\"><b>Environmental Responsibility <\/b> Since our inception, we have supported environmentally friendly digital transformation initiatives, focusing on reducing carbon footprints and promoting sustainable practices through\u00a0our\u00a0solutions.<\/span><\/div><\/div><\/div>[vc_empty_space height=&#8221;30px&#8221;][\/vc_column][\/vc_row][\/vc_section]<\/p>\r\n<\/div>","protected":false},"excerpt":{"rendered":"[vc_section full_width=&#8221;stretch_row&#8221; pix_over_visibility=&#8221;&#8221; top_divider_select=&#8221;8&#8243; t_1_color=&#8221;#f8f9fa&#8221; t_2_is_gradient=&#8221;true&#8221; t_2_color=&#8221;rgba(221,221,221,0.43)&#8221; t_2_color_2=&#8221;rgba(216,216,216,0.51)&#8221; t_3_is_gradient=&#8221;true&#8221; t_3_color=&#8221;rgba(221,221,221,0.57)&#8221; t_3_color_2=&#8221;rgba(216,216,216,0.6)&#8221; css=&#8221;.vc_custom_1637109328419{background-color: #ffffff !important;}&#8221;][vc_row pix_particles_check=&#8221;&#8221;][vc_column][vc_empty_space height=&#8221;20px&#8221;][vc_empty_space height=&#8221;30px&#8221;][\/vc_column][\/vc_row][\/vc_section]","protected":false},"author":2,"featured_media":22943,"parent":0,"menu_order":0,"comment_status":"closed","ping_status":"closed","template":"","meta":{"inline_featured_image":false,"footnotes":""},"class_list":["post-20072","page","type-page","status-publish","has-post-thumbnail","hentry"],"yoast_head":"<!-- This site is optimized with the Yoast SEO Premium plugin v19.7 (Yoast SEO v27.4) - https:\/\/yoast.com\/product\/yoast-seo-premium-wordpress\/ -->\n<title>&quot;Our Company Values&quot; with Customers, Stakeholders and Bimser Team<\/title>\n<meta name=\"description\" content=\"In our relationship with our customers and stakeholders, we also attach importance to our company values as Bimser and...\" \/>\n<meta name=\"robots\" content=\"index, follow, max-snippet:-1, max-image-preview:large, max-video-preview:-1\" \/>\n<link rel=\"canonical\" href=\"https:\/\/bimser.com\/en\/company-values\/\" \/>\n<meta property=\"og:locale\" content=\"en_US\" \/>\n<meta property=\"og:type\" content=\"article\" \/>\n<meta property=\"og:title\" content=\"&quot;Our Company Values&quot; with Customers, Stakeholders and Bimser Team\" \/>\n<meta property=\"og:description\" content=\"In our relationship with our customers and stakeholders, we also attach importance to our company values as Bimser and we work on this basis.\" \/>\n<meta property=\"og:url\" content=\"https:\/\/bimser.com\/en\/company-values\/\" \/>\n<meta property=\"og:site_name\" content=\"Bimser \u00c7\u00f6z\u00fcm\" \/>\n<meta property=\"article:publisher\" content=\"https:\/\/www.facebook.com\/bmsercozum\/\" \/>\n<meta property=\"article:modified_time\" content=\"2024-12-13T14:42:56+00:00\" \/>\n<meta property=\"og:image\" content=\"https:\/\/bimser.com\/bimser\/wp-content\/uploads\/2022\/09\/Musteri-Paydas-ve-Bimser-Ekibiyle-Sirket-Degerlerimiz-1024x639.png\" \/>\n<meta name=\"twitter:card\" content=\"summary_large_image\" \/>\n<meta name=\"twitter:title\" content=\"&quot;Our Company Values&quot; with Customers, Stakeholders and Bimser Team\" \/>\n<meta name=\"twitter:description\" content=\"In our relationship with our customers and stakeholders, we also attach importance to our company values as Bimser and we work on this basis.\" \/>\n<meta name=\"twitter:site\" content=\"@Bimser_\" \/>\n<meta name=\"twitter:label1\" content=\"Est. reading time\" \/>\n\t<meta name=\"twitter:data1\" content=\"1 minute\" \/>\n<script type=\"application\/ld+json\" class=\"yoast-schema-graph\">{\"@context\":\"https:\\\/\\\/schema.org\",\"@graph\":[{\"@type\":\"WebPage\",\"@id\":\"https:\\\/\\\/bimser.com\\\/en\\\/company-values\\\/\",\"url\":\"https:\\\/\\\/bimser.com\\\/en\\\/company-values\\\/\",\"name\":\"\\\"Our Company Values\\\" with Customers, Stakeholders and Bimser Team\",\"isPartOf\":{\"@id\":\"https:\\\/\\\/bimser.com\\\/#website\"},\"primaryImageOfPage\":{\"@id\":\"https:\\\/\\\/bimser.com\\\/en\\\/company-values\\\/#primaryimage\"},\"image\":{\"@id\":\"https:\\\/\\\/bimser.com\\\/en\\\/company-values\\\/#primaryimage\"},\"thumbnailUrl\":\"https:\\\/\\\/bimser.com\\\/wp-content\\\/uploads\\\/2022\\\/09\\\/Musteri-Paydas-ve-Bimser-Ekibiyle-Sirket-Degerlerimiz.png\",\"datePublished\":\"2021-09-28T13:07:36+00:00\",\"dateModified\":\"2024-12-13T14:42:56+00:00\",\"description\":\"In our relationship with our customers and stakeholders, we also attach importance to our company values as Bimser and...\",\"breadcrumb\":{\"@id\":\"https:\\\/\\\/bimser.com\\\/en\\\/company-values\\\/#breadcrumb\"},\"inLanguage\":\"en-US\",\"potentialAction\":[{\"@type\":\"ReadAction\",\"target\":[\"https:\\\/\\\/bimser.com\\\/en\\\/company-values\\\/\"]}]},{\"@type\":\"ImageObject\",\"inLanguage\":\"en-US\",\"@id\":\"https:\\\/\\\/bimser.com\\\/en\\\/company-values\\\/#primaryimage\",\"url\":\"https:\\\/\\\/bimser.com\\\/wp-content\\\/uploads\\\/2022\\\/09\\\/Musteri-Paydas-ve-Bimser-Ekibiyle-Sirket-Degerlerimiz.png\",\"contentUrl\":\"https:\\\/\\\/bimser.com\\\/wp-content\\\/uploads\\\/2022\\\/09\\\/Musteri-Paydas-ve-Bimser-Ekibiyle-Sirket-Degerlerimiz.png\",\"width\":2048,\"height\":1278},{\"@type\":\"BreadcrumbList\",\"@id\":\"https:\\\/\\\/bimser.com\\\/en\\\/company-values\\\/#breadcrumb\",\"itemListElement\":[{\"@type\":\"ListItem\",\"position\":1,\"name\":\"Anasayfa\",\"item\":\"https:\\\/\\\/bimser.com\\\/\"},{\"@type\":\"ListItem\",\"position\":2,\"name\":\"Company Values\"}]},{\"@type\":\"WebSite\",\"@id\":\"https:\\\/\\\/bimser.com\\\/#website\",\"url\":\"https:\\\/\\\/bimser.com\\\/\",\"name\":\"Bimser \u00c7\u00f6z\u00fcm\",\"description\":\"Dijital D\u00f6n\u00fc\u015f\u00fcmde Ak\u0131ll\u0131 \u00c7\u00f6z\u00fcmler ve \u00dcr\u00fcnler\",\"publisher\":{\"@id\":\"https:\\\/\\\/bimser.com\\\/#organization\"},\"potentialAction\":[{\"@type\":\"SearchAction\",\"target\":{\"@type\":\"EntryPoint\",\"urlTemplate\":\"https:\\\/\\\/bimser.com\\\/?s={search_term_string}\"},\"query-input\":{\"@type\":\"PropertyValueSpecification\",\"valueRequired\":true,\"valueName\":\"search_term_string\"}}],\"inLanguage\":\"en-US\"},{\"@type\":\"Organization\",\"@id\":\"https:\\\/\\\/bimser.com\\\/#organization\",\"name\":\"Bimser \u00c7\u00f6z\u00fcm\",\"alternateName\":\"Bimser Inc.\",\"url\":\"https:\\\/\\\/bimser.com\\\/\",\"logo\":{\"@type\":\"ImageObject\",\"inLanguage\":\"en-US\",\"@id\":\"https:\\\/\\\/bimser.com\\\/#\\\/schema\\\/logo\\\/image\\\/\",\"url\":\"https:\\\/\\\/bimser.com\\\/bimser\\\/wp-content\\\/uploads\\\/2021\\\/09\\\/Bimser-Logo-4-300x101-1.png\",\"contentUrl\":\"https:\\\/\\\/bimser.com\\\/bimser\\\/wp-content\\\/uploads\\\/2021\\\/09\\\/Bimser-Logo-4-300x101-1.png\",\"width\":300,\"height\":101,\"caption\":\"Bimser \u00c7\u00f6z\u00fcm\"},\"image\":{\"@id\":\"https:\\\/\\\/bimser.com\\\/#\\\/schema\\\/logo\\\/image\\\/\"},\"sameAs\":[\"https:\\\/\\\/www.facebook.com\\\/bmsercozum\\\/\",\"https:\\\/\\\/x.com\\\/Bimser_\",\"https:\\\/\\\/www.instagram.com\\\/bimsercozum\\\/\",\"https:\\\/\\\/www.linkedin.com\\\/company\\\/bimser-z-m\\\/mycompany\\\/\",\"https:\\\/\\\/www.youtube.com\\\/channel\\\/UCX_4PkXrhcp9Cweo5KTDCMQ\"]}]}<\/script>\n<!-- \/ Yoast SEO Premium plugin. -->","yoast_head_json":{"title":"\"Our Company Values\" with Customers, Stakeholders and Bimser Team","description":"In our relationship with our customers and stakeholders, we also attach importance to our company values as Bimser and...","robots":{"index":"index","follow":"follow","max-snippet":"max-snippet:-1","max-image-preview":"max-image-preview:large","max-video-preview":"max-video-preview:-1"},"canonical":"https:\/\/bimser.com\/en\/company-values\/","og_locale":"en_US","og_type":"article","og_title":"\"Our Company Values\" with Customers, Stakeholders and Bimser Team","og_description":"In our relationship with our customers and stakeholders, we also attach importance to our company values as Bimser and we work on this basis.","og_url":"https:\/\/bimser.com\/en\/company-values\/","og_site_name":"Bimser \u00c7\u00f6z\u00fcm","article_publisher":"https:\/\/www.facebook.com\/bmsercozum\/","article_modified_time":"2024-12-13T14:42:56+00:00","og_image":[{"url":"https:\/\/bimser.com\/bimser\/wp-content\/uploads\/2022\/09\/Musteri-Paydas-ve-Bimser-Ekibiyle-Sirket-Degerlerimiz-1024x639.png","type":"","width":"","height":""}],"twitter_card":"summary_large_image","twitter_title":"\"Our Company Values\" with Customers, Stakeholders and Bimser Team","twitter_description":"In our relationship with our customers and stakeholders, we also attach importance to our company values as Bimser and we work on this basis.","twitter_site":"@Bimser_","twitter_misc":{"Est. reading time":"1 minute"},"schema":{"@context":"https:\/\/schema.org","@graph":[{"@type":"WebPage","@id":"https:\/\/bimser.com\/en\/company-values\/","url":"https:\/\/bimser.com\/en\/company-values\/","name":"\"Our Company Values\" with Customers, Stakeholders and Bimser Team","isPartOf":{"@id":"https:\/\/bimser.com\/#website"},"primaryImageOfPage":{"@id":"https:\/\/bimser.com\/en\/company-values\/#primaryimage"},"image":{"@id":"https:\/\/bimser.com\/en\/company-values\/#primaryimage"},"thumbnailUrl":"https:\/\/bimser.com\/wp-content\/uploads\/2022\/09\/Musteri-Paydas-ve-Bimser-Ekibiyle-Sirket-Degerlerimiz.png","datePublished":"2021-09-28T13:07:36+00:00","dateModified":"2024-12-13T14:42:56+00:00","description":"In our relationship with our customers and stakeholders, we also attach importance to our company values as Bimser and...","breadcrumb":{"@id":"https:\/\/bimser.com\/en\/company-values\/#breadcrumb"},"inLanguage":"en-US","potentialAction":[{"@type":"ReadAction","target":["https:\/\/bimser.com\/en\/company-values\/"]}]},{"@type":"ImageObject","inLanguage":"en-US","@id":"https:\/\/bimser.com\/en\/company-values\/#primaryimage","url":"https:\/\/bimser.com\/wp-content\/uploads\/2022\/09\/Musteri-Paydas-ve-Bimser-Ekibiyle-Sirket-Degerlerimiz.png","contentUrl":"https:\/\/bimser.com\/wp-content\/uploads\/2022\/09\/Musteri-Paydas-ve-Bimser-Ekibiyle-Sirket-Degerlerimiz.png","width":2048,"height":1278},{"@type":"BreadcrumbList","@id":"https:\/\/bimser.com\/en\/company-values\/#breadcrumb","itemListElement":[{"@type":"ListItem","position":1,"name":"Anasayfa","item":"https:\/\/bimser.com\/"},{"@type":"ListItem","position":2,"name":"Company Values"}]},{"@type":"WebSite","@id":"https:\/\/bimser.com\/#website","url":"https:\/\/bimser.com\/","name":"Bimser \u00c7\u00f6z\u00fcm","description":"Dijital D\u00f6n\u00fc\u015f\u00fcmde Ak\u0131ll\u0131 \u00c7\u00f6z\u00fcmler ve \u00dcr\u00fcnler","publisher":{"@id":"https:\/\/bimser.com\/#organization"},"potentialAction":[{"@type":"SearchAction","target":{"@type":"EntryPoint","urlTemplate":"https:\/\/bimser.com\/?s={search_term_string}"},"query-input":{"@type":"PropertyValueSpecification","valueRequired":true,"valueName":"search_term_string"}}],"inLanguage":"en-US"},{"@type":"Organization","@id":"https:\/\/bimser.com\/#organization","name":"Bimser \u00c7\u00f6z\u00fcm","alternateName":"Bimser Inc.","url":"https:\/\/bimser.com\/","logo":{"@type":"ImageObject","inLanguage":"en-US","@id":"https:\/\/bimser.com\/#\/schema\/logo\/image\/","url":"https:\/\/bimser.com\/bimser\/wp-content\/uploads\/2021\/09\/Bimser-Logo-4-300x101-1.png","contentUrl":"https:\/\/bimser.com\/bimser\/wp-content\/uploads\/2021\/09\/Bimser-Logo-4-300x101-1.png","width":300,"height":101,"caption":"Bimser \u00c7\u00f6z\u00fcm"},"image":{"@id":"https:\/\/bimser.com\/#\/schema\/logo\/image\/"},"sameAs":["https:\/\/www.facebook.com\/bmsercozum\/","https:\/\/x.com\/Bimser_","https:\/\/www.instagram.com\/bimsercozum\/","https:\/\/www.linkedin.com\/company\/bimser-z-m\/mycompany\/","https:\/\/www.youtube.com\/channel\/UCX_4PkXrhcp9Cweo5KTDCMQ"]}]}},"_links":{"self":[{"href":"https:\/\/bimser.com\/en\/wp-json\/wp\/v2\/pages\/20072","targetHints":{"allow":["GET"]}}],"collection":[{"href":"https:\/\/bimser.com\/en\/wp-json\/wp\/v2\/pages"}],"about":[{"href":"https:\/\/bimser.com\/en\/wp-json\/wp\/v2\/types\/page"}],"author":[{"embeddable":true,"href":"https:\/\/bimser.com\/en\/wp-json\/wp\/v2\/users\/2"}],"replies":[{"embeddable":true,"href":"https:\/\/bimser.com\/en\/wp-json\/wp\/v2\/comments?post=20072"}],"version-history":[{"count":11,"href":"https:\/\/bimser.com\/en\/wp-json\/wp\/v2\/pages\/20072\/revisions"}],"predecessor-version":[{"id":28809,"href":"https:\/\/bimser.com\/en\/wp-json\/wp\/v2\/pages\/20072\/revisions\/28809"}],"wp:featuredmedia":[{"embeddable":true,"href":"https:\/\/bimser.com\/en\/wp-json\/wp\/v2\/media\/22943"}],"wp:attachment":[{"href":"https:\/\/bimser.com\/en\/wp-json\/wp\/v2\/media?parent=20072"}],"curies":[{"name":"wp","href":"https:\/\/api.w.org\/{rel}","templated":true}]}}