{"id":20537,"date":"2021-12-28T12:34:31","date_gmt":"2021-12-28T09:34:31","guid":{"rendered":"https:\/\/bimser.com\/guvenlik-politikasi\/"},"modified":"2024-03-20T12:01:51","modified_gmt":"2024-03-20T09:01:51","slug":"security-policy","status":"publish","type":"page","link":"https:\/\/bimser.com\/en\/security-policy\/","title":{"rendered":"Security Policy"},"content":{"rendered":"<div class=\"wpb-content-wrapper\">[vc_section full_width=&#8221;stretch_row&#8221; pix_over_visibility=&#8221;&#8221; css=&#8221;.vc_custom_1640687142222{padding-top: 20px !important;padding-bottom: 80px !important;}&#8221;][vc_row pix_particles_check=&#8221;&#8221;][vc_column]<div class=\"pix-element-div w-100 text-center\"><span class=\"pix-badge-element h6 d-inline-flex mr-1 animate-in\" data-anim-type=\"fade-in-up\" data-anim-delay=\"0\"><span class=\"badge font-weight-bold bg-primary  vc_custom_1640684330177  \" style=\" \"><span class=\"text-white\" style=\"\">BIMSER<\/span><\/span><\/span><\/div><div id=\"sliding-text-145405242\" class=\"mb-3 text-center  vc_custom_1640684374282\"><h2 class=\"mb-32 pix-sliding-headline-2 animate-in font-weight-bold secondary-font \" data-anim-type=\"pix-sliding-text\" pix-anim-delay=\"500\" data-class=\"secondary-font text-heading-default\" style=\"\"><span class=\"slide-in-container \"><span class=\"pix-sliding-item secondary-font text-heading-default\" style=\"transition-delay: 0ms;\">Security&#32;<\/span><\/span> <span class=\"slide-in-container \"><span class=\"pix-sliding-item secondary-font text-heading-default\" style=\"transition-delay: 150ms;\">Policy&#32;<\/span><\/span> <\/h2><\/div>[vc_column_text el_class=&#8221;text-just&#8221;]As a software provider, we care more about <strong>security issues<\/strong> than anything else.\nWe take measures to <strong>enhance the security of our products<\/strong> used by our Customers, Business Partners, Suppliers and our User Community and develop our products accordingly.\nEach of our developers knows the sensitivity of our company on this issue and performs <strong>software development activities<\/strong> accordingly.\nWe apply internationally recognized <strong>security standards<\/strong> and follow the open declarations of internationally recognized software communities.\nIf detected, we <strong>address vulnerabilities as a matter of priority<\/strong> and mobilize all our capabilities to fix them. We plan update activities together by communicating <strong>directly<\/strong> with our relevant <strong>stakeholders<\/strong> for the improvements made.\nIf detected, the way we disclose and respond to <strong>vulnerabilities<\/strong> to stakeholders is designed to benefit all affected parties.[\/vc_column_text][vc_empty_space height=&#8221;20px&#8221;][\/vc_column][\/vc_row][vc_row pix_particles_check=&#8221;&#8221;][vc_column]<div id=\"sliding-text-83277216\" class=\"mb-3 text-left  vc_custom_1640684430344\"><h3 class=\"mb-32 pix-sliding-headline-2 animate-in font-weight-bold secondary-font \" data-anim-type=\"pix-sliding-text\" pix-anim-delay=\"500\" data-class=\"secondary-font text-heading-default\" style=\"\"><span class=\"slide-in-container \"><span class=\"pix-sliding-item secondary-font text-heading-default\" style=\"transition-delay: 0ms;\">Policy&#32;<\/span><\/span> <span class=\"slide-in-container \"><span class=\"pix-sliding-item secondary-font text-heading-default\" style=\"transition-delay: 150ms;\">Objectives&#32;<\/span><\/span> <\/h3><\/div>[vc_column_text]<strong>Bimser<\/strong> develops highly <strong>secure software<\/strong> products for its customers.\nCorrects reported or detected vulnerabilities <strong>accurately and quickly<\/strong> in a timely manner.\nActs <strong>openly and transparently<\/strong> in reporting and correcting deficits.[\/vc_column_text][vc_empty_space height=&#8221;25px&#8221;][\/vc_column][\/vc_row][\/vc_section]<\/div>","protected":false},"excerpt":{"rendered":"[vc_section full_width=&#8221;stretch_row&#8221; pix_over_visibility=&#8221;&#8221; css=&#8221;.vc_custom_1640687142222{padding-top: 20px !important;padding-bottom: 80px !important;}&#8221;][vc_row pix_particles_check=&#8221;&#8221;][vc_column][vc_column_text el_class=&#8221;text-just&#8221;]As a software provider, we care more about security issues than anything else. We take measures to enhance the security of our products used by our Customers, Business Partners, Suppliers and&#8230;","protected":false},"author":2,"featured_media":22966,"parent":0,"menu_order":0,"comment_status":"closed","ping_status":"closed","template":"","meta":{"inline_featured_image":false,"footnotes":""},"class_list":["post-20537","page","type-page","status-publish","has-post-thumbnail","hentry"],"yoast_head":"<!-- This site is optimized with the Yoast SEO Premium plugin v19.7 (Yoast SEO v27.5) - https:\/\/yoast.com\/product\/yoast-seo-premium-wordpress\/ -->\n<title>Security Policies, Practices and Objectives - Bimser<\/title>\n<meta name=\"description\" content=\"Adheres to the Security Standards Accepted in the International Software Community and is also a member of the recognized...\" \/>\n<meta name=\"robots\" content=\"index, follow, max-snippet:-1, max-image-preview:large, max-video-preview:-1\" \/>\n<link rel=\"canonical\" href=\"https:\/\/bimser.com\/en\/security-policy\/\" \/>\n<meta property=\"og:locale\" content=\"en_US\" \/>\n<meta property=\"og:type\" content=\"article\" \/>\n<meta property=\"og:title\" content=\"Security Policies, Practices and Objectives - Bimser\" \/>\n<meta property=\"og:description\" content=\"Adheres to the Security Standards Accepted in the International Software Community and is also a member of the recognized...\" \/>\n<meta property=\"og:url\" content=\"https:\/\/bimser.com\/en\/security-policy\/\" \/>\n<meta property=\"og:site_name\" content=\"Bimser \u00c7\u00f6z\u00fcm\" \/>\n<meta property=\"article:publisher\" content=\"https:\/\/www.facebook.com\/bmsercozum\/\" \/>\n<meta property=\"article:modified_time\" content=\"2024-03-20T09:01:51+00:00\" \/>\n<meta property=\"og:image\" content=\"https:\/\/bimser.com\/wp-content\/uploads\/2022\/09\/Guvenlik-Politikalari-Uygulamalari-ve-Hedefleri-Bimser-.png\" \/>\n\t<meta property=\"og:image:width\" content=\"2048\" \/>\n\t<meta property=\"og:image:height\" content=\"1278\" \/>\n\t<meta property=\"og:image:type\" content=\"image\/png\" \/>\n<meta name=\"twitter:card\" content=\"summary_large_image\" \/>\n<meta name=\"twitter:title\" content=\"Security Policies, Practices and Objectives - Bimser\" \/>\n<meta name=\"twitter:description\" content=\"Adheres to the Security Standards Accepted in the International Software Community and is also a member of the recognized...\" \/>\n<meta name=\"twitter:site\" content=\"@Bimser_\" \/>\n<meta name=\"twitter:label1\" content=\"Est. reading time\" \/>\n\t<meta name=\"twitter:data1\" content=\"2 minutes\" \/>\n<script type=\"application\/ld+json\" class=\"yoast-schema-graph\">{\"@context\":\"https:\\\/\\\/schema.org\",\"@graph\":[{\"@type\":\"WebPage\",\"@id\":\"https:\\\/\\\/bimser.com\\\/en\\\/security-policy\\\/\",\"url\":\"https:\\\/\\\/bimser.com\\\/en\\\/security-policy\\\/\",\"name\":\"Security Policies, Practices and Objectives - Bimser\",\"isPartOf\":{\"@id\":\"https:\\\/\\\/bimser.com\\\/#website\"},\"primaryImageOfPage\":{\"@id\":\"https:\\\/\\\/bimser.com\\\/en\\\/security-policy\\\/#primaryimage\"},\"image\":{\"@id\":\"https:\\\/\\\/bimser.com\\\/en\\\/security-policy\\\/#primaryimage\"},\"thumbnailUrl\":\"https:\\\/\\\/bimser.com\\\/wp-content\\\/uploads\\\/2022\\\/09\\\/Guvenlik-Politikalari-Uygulamalari-ve-Hedefleri-Bimser-.png\",\"datePublished\":\"2021-12-28T09:34:31+00:00\",\"dateModified\":\"2024-03-20T09:01:51+00:00\",\"description\":\"Adheres to the Security Standards Accepted in the International Software Community and is also a member of the recognized...\",\"breadcrumb\":{\"@id\":\"https:\\\/\\\/bimser.com\\\/en\\\/security-policy\\\/#breadcrumb\"},\"inLanguage\":\"en-US\",\"potentialAction\":[{\"@type\":\"ReadAction\",\"target\":[\"https:\\\/\\\/bimser.com\\\/en\\\/security-policy\\\/\"]}]},{\"@type\":\"ImageObject\",\"inLanguage\":\"en-US\",\"@id\":\"https:\\\/\\\/bimser.com\\\/en\\\/security-policy\\\/#primaryimage\",\"url\":\"https:\\\/\\\/bimser.com\\\/wp-content\\\/uploads\\\/2022\\\/09\\\/Guvenlik-Politikalari-Uygulamalari-ve-Hedefleri-Bimser-.png\",\"contentUrl\":\"https:\\\/\\\/bimser.com\\\/wp-content\\\/uploads\\\/2022\\\/09\\\/Guvenlik-Politikalari-Uygulamalari-ve-Hedefleri-Bimser-.png\",\"width\":2048,\"height\":1278,\"caption\":\"Uluslararas\u0131 Yaz\u0131l\u0131m Camias\u0131nda Kabul G\u00f6rm\u00fc\u015f G\u00fcvenlik Standartlar\u0131n\u0131 Uygular Ve Yine Yaz\u0131l\u0131mda Kabul G\u00f6rm\u00fc\u015f Topluluklar\u0131n Bildirimlerini Takip Ederiz.\"},{\"@type\":\"BreadcrumbList\",\"@id\":\"https:\\\/\\\/bimser.com\\\/en\\\/security-policy\\\/#breadcrumb\",\"itemListElement\":[{\"@type\":\"ListItem\",\"position\":1,\"name\":\"Anasayfa\",\"item\":\"https:\\\/\\\/bimser.com\\\/\"},{\"@type\":\"ListItem\",\"position\":2,\"name\":\"Security Policy\"}]},{\"@type\":\"WebSite\",\"@id\":\"https:\\\/\\\/bimser.com\\\/#website\",\"url\":\"https:\\\/\\\/bimser.com\\\/\",\"name\":\"Bimser \u00c7\u00f6z\u00fcm\",\"description\":\"Dijital D\u00f6n\u00fc\u015f\u00fcmde Ak\u0131ll\u0131 \u00c7\u00f6z\u00fcmler ve \u00dcr\u00fcnler\",\"publisher\":{\"@id\":\"https:\\\/\\\/bimser.com\\\/#organization\"},\"potentialAction\":[{\"@type\":\"SearchAction\",\"target\":{\"@type\":\"EntryPoint\",\"urlTemplate\":\"https:\\\/\\\/bimser.com\\\/?s={search_term_string}\"},\"query-input\":{\"@type\":\"PropertyValueSpecification\",\"valueRequired\":true,\"valueName\":\"search_term_string\"}}],\"inLanguage\":\"en-US\"},{\"@type\":\"Organization\",\"@id\":\"https:\\\/\\\/bimser.com\\\/#organization\",\"name\":\"Bimser \u00c7\u00f6z\u00fcm\",\"alternateName\":\"Bimser Inc.\",\"url\":\"https:\\\/\\\/bimser.com\\\/\",\"logo\":{\"@type\":\"ImageObject\",\"inLanguage\":\"en-US\",\"@id\":\"https:\\\/\\\/bimser.com\\\/#\\\/schema\\\/logo\\\/image\\\/\",\"url\":\"https:\\\/\\\/bimser.com\\\/bimser\\\/wp-content\\\/uploads\\\/2021\\\/09\\\/Bimser-Logo-4-300x101-1.png\",\"contentUrl\":\"https:\\\/\\\/bimser.com\\\/bimser\\\/wp-content\\\/uploads\\\/2021\\\/09\\\/Bimser-Logo-4-300x101-1.png\",\"width\":300,\"height\":101,\"caption\":\"Bimser \u00c7\u00f6z\u00fcm\"},\"image\":{\"@id\":\"https:\\\/\\\/bimser.com\\\/#\\\/schema\\\/logo\\\/image\\\/\"},\"sameAs\":[\"https:\\\/\\\/www.facebook.com\\\/bmsercozum\\\/\",\"https:\\\/\\\/x.com\\\/Bimser_\",\"https:\\\/\\\/www.instagram.com\\\/bimsercozum\\\/\",\"https:\\\/\\\/www.linkedin.com\\\/company\\\/bimser-z-m\\\/mycompany\\\/\",\"https:\\\/\\\/www.youtube.com\\\/channel\\\/UCX_4PkXrhcp9Cweo5KTDCMQ\"]}]}<\/script>\n<!-- \/ Yoast SEO Premium plugin. -->","yoast_head_json":{"title":"Security Policies, Practices and Objectives - Bimser","description":"Adheres to the Security Standards Accepted in the International Software Community and is also a member of the recognized...","robots":{"index":"index","follow":"follow","max-snippet":"max-snippet:-1","max-image-preview":"max-image-preview:large","max-video-preview":"max-video-preview:-1"},"canonical":"https:\/\/bimser.com\/en\/security-policy\/","og_locale":"en_US","og_type":"article","og_title":"Security Policies, Practices and Objectives - Bimser","og_description":"Adheres to the Security Standards Accepted in the International Software Community and is also a member of the recognized...","og_url":"https:\/\/bimser.com\/en\/security-policy\/","og_site_name":"Bimser \u00c7\u00f6z\u00fcm","article_publisher":"https:\/\/www.facebook.com\/bmsercozum\/","article_modified_time":"2024-03-20T09:01:51+00:00","og_image":[{"width":2048,"height":1278,"url":"https:\/\/bimser.com\/wp-content\/uploads\/2022\/09\/Guvenlik-Politikalari-Uygulamalari-ve-Hedefleri-Bimser-.png","type":"image\/png"}],"twitter_card":"summary_large_image","twitter_title":"Security Policies, Practices and Objectives - Bimser","twitter_description":"Adheres to the Security Standards Accepted in the International Software Community and is also a member of the recognized...","twitter_site":"@Bimser_","twitter_misc":{"Est. reading time":"2 minutes"},"schema":{"@context":"https:\/\/schema.org","@graph":[{"@type":"WebPage","@id":"https:\/\/bimser.com\/en\/security-policy\/","url":"https:\/\/bimser.com\/en\/security-policy\/","name":"Security Policies, Practices and Objectives - Bimser","isPartOf":{"@id":"https:\/\/bimser.com\/#website"},"primaryImageOfPage":{"@id":"https:\/\/bimser.com\/en\/security-policy\/#primaryimage"},"image":{"@id":"https:\/\/bimser.com\/en\/security-policy\/#primaryimage"},"thumbnailUrl":"https:\/\/bimser.com\/wp-content\/uploads\/2022\/09\/Guvenlik-Politikalari-Uygulamalari-ve-Hedefleri-Bimser-.png","datePublished":"2021-12-28T09:34:31+00:00","dateModified":"2024-03-20T09:01:51+00:00","description":"Adheres to the Security Standards Accepted in the International Software Community and is also a member of the recognized...","breadcrumb":{"@id":"https:\/\/bimser.com\/en\/security-policy\/#breadcrumb"},"inLanguage":"en-US","potentialAction":[{"@type":"ReadAction","target":["https:\/\/bimser.com\/en\/security-policy\/"]}]},{"@type":"ImageObject","inLanguage":"en-US","@id":"https:\/\/bimser.com\/en\/security-policy\/#primaryimage","url":"https:\/\/bimser.com\/wp-content\/uploads\/2022\/09\/Guvenlik-Politikalari-Uygulamalari-ve-Hedefleri-Bimser-.png","contentUrl":"https:\/\/bimser.com\/wp-content\/uploads\/2022\/09\/Guvenlik-Politikalari-Uygulamalari-ve-Hedefleri-Bimser-.png","width":2048,"height":1278,"caption":"Uluslararas\u0131 Yaz\u0131l\u0131m Camias\u0131nda Kabul G\u00f6rm\u00fc\u015f G\u00fcvenlik Standartlar\u0131n\u0131 Uygular Ve Yine Yaz\u0131l\u0131mda Kabul G\u00f6rm\u00fc\u015f Topluluklar\u0131n Bildirimlerini Takip Ederiz."},{"@type":"BreadcrumbList","@id":"https:\/\/bimser.com\/en\/security-policy\/#breadcrumb","itemListElement":[{"@type":"ListItem","position":1,"name":"Anasayfa","item":"https:\/\/bimser.com\/"},{"@type":"ListItem","position":2,"name":"Security Policy"}]},{"@type":"WebSite","@id":"https:\/\/bimser.com\/#website","url":"https:\/\/bimser.com\/","name":"Bimser \u00c7\u00f6z\u00fcm","description":"Dijital D\u00f6n\u00fc\u015f\u00fcmde Ak\u0131ll\u0131 \u00c7\u00f6z\u00fcmler ve \u00dcr\u00fcnler","publisher":{"@id":"https:\/\/bimser.com\/#organization"},"potentialAction":[{"@type":"SearchAction","target":{"@type":"EntryPoint","urlTemplate":"https:\/\/bimser.com\/?s={search_term_string}"},"query-input":{"@type":"PropertyValueSpecification","valueRequired":true,"valueName":"search_term_string"}}],"inLanguage":"en-US"},{"@type":"Organization","@id":"https:\/\/bimser.com\/#organization","name":"Bimser \u00c7\u00f6z\u00fcm","alternateName":"Bimser Inc.","url":"https:\/\/bimser.com\/","logo":{"@type":"ImageObject","inLanguage":"en-US","@id":"https:\/\/bimser.com\/#\/schema\/logo\/image\/","url":"https:\/\/bimser.com\/bimser\/wp-content\/uploads\/2021\/09\/Bimser-Logo-4-300x101-1.png","contentUrl":"https:\/\/bimser.com\/bimser\/wp-content\/uploads\/2021\/09\/Bimser-Logo-4-300x101-1.png","width":300,"height":101,"caption":"Bimser \u00c7\u00f6z\u00fcm"},"image":{"@id":"https:\/\/bimser.com\/#\/schema\/logo\/image\/"},"sameAs":["https:\/\/www.facebook.com\/bmsercozum\/","https:\/\/x.com\/Bimser_","https:\/\/www.instagram.com\/bimsercozum\/","https:\/\/www.linkedin.com\/company\/bimser-z-m\/mycompany\/","https:\/\/www.youtube.com\/channel\/UCX_4PkXrhcp9Cweo5KTDCMQ"]}]}},"_links":{"self":[{"href":"https:\/\/bimser.com\/en\/wp-json\/wp\/v2\/pages\/20537","targetHints":{"allow":["GET"]}}],"collection":[{"href":"https:\/\/bimser.com\/en\/wp-json\/wp\/v2\/pages"}],"about":[{"href":"https:\/\/bimser.com\/en\/wp-json\/wp\/v2\/types\/page"}],"author":[{"embeddable":true,"href":"https:\/\/bimser.com\/en\/wp-json\/wp\/v2\/users\/2"}],"replies":[{"embeddable":true,"href":"https:\/\/bimser.com\/en\/wp-json\/wp\/v2\/comments?post=20537"}],"version-history":[{"count":12,"href":"https:\/\/bimser.com\/en\/wp-json\/wp\/v2\/pages\/20537\/revisions"}],"predecessor-version":[{"id":26566,"href":"https:\/\/bimser.com\/en\/wp-json\/wp\/v2\/pages\/20537\/revisions\/26566"}],"wp:featuredmedia":[{"embeddable":true,"href":"https:\/\/bimser.com\/en\/wp-json\/wp\/v2\/media\/22966"}],"wp:attachment":[{"href":"https:\/\/bimser.com\/en\/wp-json\/wp\/v2\/media?parent=20537"}],"curies":[{"name":"wp","href":"https:\/\/api.w.org\/{rel}","templated":true}]}}