{"id":21037,"date":"2022-01-05T11:31:20","date_gmt":"2022-01-05T08:31:20","guid":{"rendered":"https:\/\/bimser.com\/information-security-management-system-isms\/"},"modified":"2024-03-20T12:01:52","modified_gmt":"2024-03-20T09:01:52","slug":"information-security-management-system-isms","status":"publish","type":"page","link":"https:\/\/bimser.com\/en\/information-security-management-system-isms\/","title":{"rendered":"Information Security Management System (ISMS)"},"content":{"rendered":"<div class=\"wpb-content-wrapper\">[vc_section full_width=&#8221;stretch_row&#8221; pix_over_visibility=&#8221;&#8221; css=&#8221;.vc_custom_1638318817256{padding-top: 40px !important;padding-bottom: 80px !important;background-color: #f8f9fa !important;}&#8221;][vc_row content_placement=&#8221;middle&#8221; pix_particles_check=&#8221;&#8221; css=&#8221;.vc_custom_1637790264042{padding-top: 20px !important;padding-bottom: 20px !important;}&#8221;][vc_column content_align=&#8221;text-center&#8221;]<div class=\"pix-element-div w-100 text-center\"><span class=\"pix-badge-element h6 d-inline-flex mr-1 animate-in\" data-anim-type=\"fade-in-left\" data-anim-delay=\"600\"><span class=\"badge font-weight-bold bg-primary  vc_custom_1641211559297  \" style=\" \"><span class=\"text-white\" style=\"\">BIMSER<\/span><\/span><\/span><\/div><div id=\"el1665731730957-b401ee7d-3916\" class=\"mb-3 text-center  vc_custom_1641212545560\"><div class=\"d-inline-block\" style=\"max-width:600px;\"><h3 class=\"mb-32 pix-sliding-headline-2 animate-in font-weight-bold secondary-font \" data-anim-type=\"pix-sliding-text\" pix-anim-delay=\"500\" data-class=\"secondary-font text-heading-default\" style=\"\"><span class=\"slide-in-container \"><span class=\"pix-sliding-item secondary-font text-heading-default\" style=\"transition-delay: 0ms;\">Information&#32;<\/span><\/span> <span class=\"slide-in-container \"><span class=\"pix-sliding-item secondary-font text-heading-default\" style=\"transition-delay: 150ms;\">Security&#32;<\/span><\/span> <span class=\"slide-in-container \"><span class=\"pix-sliding-item secondary-font text-heading-default\" style=\"transition-delay: 300ms;\">Management&#32;<\/span><\/span> <span class=\"slide-in-container \"><span class=\"pix-sliding-item secondary-font text-heading-default\" style=\"transition-delay: 450ms;\">System&#32;<\/span><\/span> <span class=\"slide-in-container \"><span class=\"pix-sliding-item secondary-font text-heading-default\" style=\"transition-delay: 600ms;\">(ISMS)&#32;<\/span><\/span> <\/h3><\/div><\/div>[vc_column_text el_class=&#8221;text-just&#8221;]We can define the <strong>Information Security Management System<\/strong>as an international system that helps companies protect their financial data, intellectual property and sensitive customer information. Thanks to the<strong> Information Security Policy<\/strong>, which forms the basis of <strong>Bimser Information Security Management System<\/strong> solution, you can identify your company risks, manage or reduce your risks regarding your confidential information. You can also fulfill the necessary security measures in this direction. With <strong>Bimser ISMS<\/strong> solution, you can continuously examine and refine your information security methods that you apply not only today but also for the future.\n\n<em><strong>With the Bimser ISMS software solution, you can prevent unauthorized persons from seeing, changing and deleting information. <\/strong><\/em>[\/vc_column_text][\/vc_column][\/vc_row][vc_row content_placement=&#8221;middle&#8221; pix_particles_check=&#8221;&#8221; css=&#8221;.vc_custom_1591077939360{padding-top: 20px !important;padding-bottom: 20px !important;}&#8221;][vc_column content_align=&#8221;text-center&#8221; offset=&#8221;vc_col-md-12&#8243;]<div class=\"accordion w-100 accordion-card bg-white2 rounded-lg2 \" id=\"accordion-1591077829086-6260079b-b0ef\"><div class=\"card \">\n   <div class=\"card-header bg-white pix-mb-10 shadow-sm rounded-lg\" id=\"heading1591077829087-664dbaef-925be64c-6f6d\">\n       <button class=\"btn btn-link text-left rounded-lg bg-white\" type=\"button\" data-toggle=\"collapse\" data-target=\"#collapse1591077829087-664dbaef-925be64c-6f6d\" aria-expanded=\"true\" aria-controls=\"collapse1591077829087-664dbaef-925be64c-6f6d\" ><span class=\"d-inline-block text-gradient-primary svg-20 pix-mr-10\" ><svg class=\"pixfort-icon \" width=\"24\" height=\"24\"  data-name=\"Duotone\/pixfort-icon-plate-1\" viewBox=\"2 2 20 20\"><g fill=\"none\" fill-rule=\"evenodd\"><path fill=\"var(--pf-icon-color)\" fill-opacity=\".25\" d=\"M12,2 C6.4771525,2 2,6.4771525 2,12 C2,17.5228475 6.4771525,22 12,22 C17.5228475,22 22,17.5228475 22,12 C22,6.4771525 17.5228475,2 12,2 Z\"\/><path fill=\"var(--pf-icon-color)\" d=\"M12,4 C7.581722,4 4,7.581722 4,12 C4,16.418278 7.581722,20 12,20 C16.418278,20 20,16.418278 20,12 C20,7.581722 16.418278,4 12,4 Z M12,5 C15.8659932,5 19,8.13400675 19,12 C19,15.8659932 15.8659932,19 12,19 C8.13400675,19 5,15.8659932 5,12 C5,8.13400675 8.13400675,5 12,5 Z\"\/><\/g><\/svg><\/span><span class=\"font-weight-bold secondary-font text-heading-default\" >Information Security<\/span><\/button>\n   <\/div>\n   <div id=\"collapse1591077829087-664dbaef-925be64c-6f6d\" class=\"collapse show \" aria-labelledby=\"heading1591077829087-664dbaef-925be64c-6f6d\">\n     <div class=\"card-body\">\n         [vc_column_text el_class=&#8221;text-left text-just&#8221;]\r\n<h5>How is Information Security Provided?<\/h5>\nWe can define <strong>Information<\/strong>as an asset that, like key business and corporate assets, has value to a business and organization and therefore needs to be appropriately protected.  If you do not want your <strong>confidential or highly important information and documents<\/strong> to be stolen, lost, damaged or accessed without permission, you can benefit from<strong> Bimser&#8217;s &#8220;Information Security Management System&#8221;<\/strong> software, which plans and manages who can access your information and documents, make changes and corrections to them and transfer them outside the organization.[\/vc_column_text][vc_column_text el_class=&#8221;text-left text-just&#8221;]\r\n<h5>What is Information Security Technology?<\/h5>\nWith <strong>information security technology<\/strong>, you can ensure the security of the information, documents and data of the assets that enable the establishment of the corporate architecture infrastructure of companies and the positioning of the infrastructure; you can manage software and hardware <strong>end-to-end<\/strong> to prevent security problems that may occur.[\/vc_column_text]\n     <\/div>\n   <\/div>\n <\/div><div class=\"card \">\n   <div class=\"card-header bg-white pix-mb-10 shadow-sm rounded-lg\" id=\"heading1641213494797-08be43ee-3879\">\n       <button class=\"btn btn-link text-left rounded-lg bg-white\" type=\"button\" data-toggle=\"collapse\" data-target=\"#collapse1641213494797-08be43ee-3879\" aria-expanded=\"true\" aria-controls=\"collapse1641213494797-08be43ee-3879\" ><span class=\"d-inline-block text-gradient-primary svg-20 pix-mr-10\" ><svg class=\"pixfort-icon \" width=\"24\" height=\"24\"  data-name=\"Duotone\/pixfort-icon-plate-1\" viewBox=\"2 2 20 20\"><g fill=\"none\" fill-rule=\"evenodd\"><path fill=\"var(--pf-icon-color)\" fill-opacity=\".25\" d=\"M12,2 C6.4771525,2 2,6.4771525 2,12 C2,17.5228475 6.4771525,22 12,22 C17.5228475,22 22,17.5228475 22,12 C22,6.4771525 17.5228475,2 12,2 Z\"\/><path fill=\"var(--pf-icon-color)\" d=\"M12,4 C7.581722,4 4,7.581722 4,12 C4,16.418278 7.581722,20 12,20 C16.418278,20 20,16.418278 20,12 C20,7.581722 16.418278,4 12,4 Z M12,5 C15.8659932,5 19,8.13400675 19,12 C19,15.8659932 15.8659932,19 12,19 C8.13400675,19 5,15.8659932 5,12 C5,8.13400675 8.13400675,5 12,5 Z\"\/><\/g><\/svg><\/span><span class=\"font-weight-bold secondary-font text-heading-default\" >ISO 27001 Certificate<\/span><\/button>\n   <\/div>\n   <div id=\"collapse1641213494797-08be43ee-3879\" class=\"collapse  \" aria-labelledby=\"heading1641213494797-08be43ee-3879\">\n     <div class=\"card-body\">\n         [vc_column_text el_class=&#8221;text-left text-just&#8221;]\r\n<h5>What is ISO 27001?<\/h5>\n<strong>ISO 27001 Information Security Management System<\/strong> is a systematic approach to managing company information to keep it secure. By implementing a risk management process; includes people, processes, and information technology (IT) systems. It helps small, medium and large enterprises in various sectors <strong>to keep their information assets secure<\/strong>.[\/vc_column_text]\n     <\/div>\n   <\/div>\n <\/div><div class=\"card \">\n   <div class=\"card-header bg-white pix-mb-10 shadow-sm rounded-lg\" id=\"heading1641213576853-a4706719-728f\">\n       <button class=\"btn btn-link text-left rounded-lg bg-white\" type=\"button\" data-toggle=\"collapse\" data-target=\"#collapse1641213576853-a4706719-728f\" aria-expanded=\"true\" aria-controls=\"collapse1641213576853-a4706719-728f\" ><span class=\"d-inline-block text-gradient-primary svg-20 pix-mr-10\" ><svg class=\"pixfort-icon \" width=\"24\" height=\"24\"  data-name=\"Duotone\/pixfort-icon-plate-1\" viewBox=\"2 2 20 20\"><g fill=\"none\" fill-rule=\"evenodd\"><path fill=\"var(--pf-icon-color)\" fill-opacity=\".25\" d=\"M12,2 C6.4771525,2 2,6.4771525 2,12 C2,17.5228475 6.4771525,22 12,22 C17.5228475,22 22,17.5228475 22,12 C22,6.4771525 17.5228475,2 12,2 Z\"\/><path fill=\"var(--pf-icon-color)\" d=\"M12,4 C7.581722,4 4,7.581722 4,12 C4,16.418278 7.581722,20 12,20 C16.418278,20 20,16.418278 20,12 C20,7.581722 16.418278,4 12,4 Z M12,5 C15.8659932,5 19,8.13400675 19,12 C19,15.8659932 15.8659932,19 12,19 C8.13400675,19 5,15.8659932 5,12 C5,8.13400675 8.13400675,5 12,5 Z\"\/><\/g><\/svg><\/span><span class=\"font-weight-bold secondary-font text-heading-default\" >SOA (State of Applicability)<\/span><\/button>\n   <\/div>\n   <div id=\"collapse1641213576853-a4706719-728f\" class=\"collapse  \" aria-labelledby=\"heading1641213576853-a4706719-728f\">\n     <div class=\"card-body\">\n         [vc_column_text el_class=&#8221;text-left text-just&#8221;]\r\n<h5>What is SOA?<\/h5>\n<strong>SOA Standards<\/strong> are documented statements describing the applicable control objectives related to an organization&#8217;s <strong>Information Security Management System (ISMS)<\/strong>.\n\nThe <strong>ISO\/IEC 27001<\/strong> standard consists of <strong>main clauses and additional clauses<\/strong>. The implementation of the main articles is mandatory. Additional items are optional, the institution does not apply one or more of these items that are not suitable for it, by stating the reason. Here, the &#8220;state of applicability&#8221; document, called SOA, is prepared to indicate whether this regulation has been made, that is, whether the additional articles have been applied.[\/vc_column_text]\n     <\/div>\n   <\/div>\n <\/div><div class=\"card \">\n   <div class=\"card-header bg-white pix-mb-10 shadow-sm rounded-lg\" id=\"heading1641213615438-0f850148-5e81\">\n       <button class=\"btn btn-link text-left rounded-lg bg-white\" type=\"button\" data-toggle=\"collapse\" data-target=\"#collapse1641213615438-0f850148-5e81\" aria-expanded=\"true\" aria-controls=\"collapse1641213615438-0f850148-5e81\" ><span class=\"d-inline-block text-gradient-primary svg-20 pix-mr-10\" ><svg class=\"pixfort-icon \" width=\"24\" height=\"24\"  data-name=\"Duotone\/pixfort-icon-plate-1\" viewBox=\"2 2 20 20\"><g fill=\"none\" fill-rule=\"evenodd\"><path fill=\"var(--pf-icon-color)\" fill-opacity=\".25\" d=\"M12,2 C6.4771525,2 2,6.4771525 2,12 C2,17.5228475 6.4771525,22 12,22 C17.5228475,22 22,17.5228475 22,12 C22,6.4771525 17.5228475,2 12,2 Z\"\/><path fill=\"var(--pf-icon-color)\" d=\"M12,4 C7.581722,4 4,7.581722 4,12 C4,16.418278 7.581722,20 12,20 C16.418278,20 20,16.418278 20,12 C20,7.581722 16.418278,4 12,4 Z M12,5 C15.8659932,5 19,8.13400675 19,12 C19,15.8659932 15.8659932,19 12,19 C8.13400675,19 5,15.8659932 5,12 C5,8.13400675 8.13400675,5 12,5 Z\"\/><\/g><\/svg><\/span><span class=\"font-weight-bold secondary-font text-heading-default\" >Enterprise Risk Management<\/span><\/button>\n   <\/div>\n   <div id=\"collapse1641213615438-0f850148-5e81\" class=\"collapse  \" aria-labelledby=\"heading1641213615438-0f850148-5e81\">\n     <div class=\"card-body\">\n         [vc_column_text el_class=&#8221;text-left text-just&#8221;]\r\n<h5>Enterprise Risk Management<\/h5>\n<strong>Risk is<\/strong> the probability of not achieving a targeted outcome or incurring loss or damage within a given time interval. To minimize this possibility,<strong> risk analysis<\/strong> is used to identify<strong> security risks<\/strong>, the scale of these risks and the areas where measures need to be taken.  <strong>Bimser&#8217;s <a href=\"https:\/\/bimser.com\/en\/enterprise-risk-management\/\">Enterprise Risk Management<\/a><\/strong> is our software solution that enables the identification, supervision, elimination or minimization of uncertain events that directly affect the corporate strategies related to the mission and visions of the organization, and the actions to be taken.[\/vc_column_text][vc_column_text el_class=&#8221;text-left text-just&#8221;]\r\n<h5>What is Risk Management and Assessment?<\/h5>\nWith <strong>risk management and assessment<\/strong>, you can investigate and identify the risks in an organization, observe the effects of these risks on various stages of activity, rank these risks according to their priorities in order to protect the organization from possible damages caused by risks, and develop <strong>methods and strategies<\/strong> accordingly.[\/vc_column_text][vc_column_text el_class=&#8221;text-left text-just&#8221;]\r\n<h5>Octave Information Security Risk Methodology<\/h5>\n<strong>Octave<\/strong> is an<strong> information security risk assessment<\/strong> technique that performs asset-based risk management and provides risk-based strategic insight.[\/vc_column_text]\n     <\/div>\n   <\/div>\n <\/div><\/div>[\/vc_column][\/vc_row][\/vc_section]<\/div>","protected":false},"excerpt":{"rendered":"[vc_section full_width=&#8221;stretch_row&#8221; pix_over_visibility=&#8221;&#8221; css=&#8221;.vc_custom_1638318817256{padding-top: 40px !important;padding-bottom: 80px !important;background-color: #f8f9fa !important;}&#8221;][vc_row content_placement=&#8221;middle&#8221; pix_particles_check=&#8221;&#8221; css=&#8221;.vc_custom_1637790264042{padding-top: 20px !important;padding-bottom: 20px !important;}&#8221;][vc_column content_align=&#8221;text-center&#8221;][vc_column_text el_class=&#8221;text-just&#8221;]We can define the Information Security Management Systemas an international system that helps companies protect their financial data, intellectual property and sensitive&#8230;","protected":false},"author":2,"featured_media":23996,"parent":0,"menu_order":0,"comment_status":"closed","ping_status":"closed","template":"","meta":{"inline_featured_image":false,"footnotes":""},"class_list":["post-21037","page","type-page","status-publish","has-post-thumbnail","hentry"],"yoast_head":"<!-- This site is optimized with the Yoast SEO Premium plugin v19.7 (Yoast SEO v27.4) - https:\/\/yoast.com\/product\/yoast-seo-premium-wordpress\/ -->\n<title>Protect Information with Information Security Management System (ISMS)!<\/title>\n<meta name=\"description\" content=\"With Bimser ISMS Software Solution, You Can Prevent Unauthorized Persons from Seeing, Changing and Deleting Information...\" \/>\n<meta name=\"robots\" content=\"index, follow, max-snippet:-1, max-image-preview:large, max-video-preview:-1\" \/>\n<link rel=\"canonical\" href=\"https:\/\/bimser.com\/en\/information-security-management-system-isms\/\" \/>\n<meta property=\"og:locale\" content=\"en_US\" \/>\n<meta property=\"og:type\" content=\"article\" \/>\n<meta property=\"og:title\" content=\"Protect Information with Information Security Management System (ISMS)!\" \/>\n<meta property=\"og:description\" content=\"With Bimser ISMS Software Solution, You Can Prevent Unauthorized Persons From Seeing, Changing And Deleting Information (Information Security, ISO 27001 Certificate, SOA, Enterprise Risk Management)\" \/>\n<meta property=\"og:url\" content=\"https:\/\/bimser.com\/en\/information-security-management-system-isms\/\" \/>\n<meta property=\"og:site_name\" content=\"Bimser \u00c7\u00f6z\u00fcm\" \/>\n<meta property=\"article:publisher\" content=\"https:\/\/www.facebook.com\/bmsercozum\/\" \/>\n<meta property=\"article:modified_time\" content=\"2024-03-20T09:01:52+00:00\" \/>\n<meta property=\"og:image\" content=\"https:\/\/bimser.com\/wp-content\/uploads\/2022\/10\/Bilgi-gu\u0308venlig\u0306i-yo\u0308netim-sistemi.jpg\" \/>\n\t<meta property=\"og:image:width\" content=\"2000\" \/>\n\t<meta property=\"og:image:height\" content=\"1200\" \/>\n\t<meta property=\"og:image:type\" content=\"image\/jpeg\" \/>\n<meta name=\"twitter:card\" content=\"summary_large_image\" \/>\n<meta name=\"twitter:title\" content=\"Protect Information with Information Security Management System (ISMS)!\" \/>\n<meta name=\"twitter:description\" content=\"With Bimser ISMS Software Solution, You Can Prevent Unauthorized Persons From Seeing, Changing And Deleting Information (Information Security, ISO 27001 Certificate, SOA, Enterprise Risk Management)\" \/>\n<meta name=\"twitter:site\" content=\"@Bimser_\" \/>\n<meta name=\"twitter:label1\" content=\"Est. reading time\" \/>\n\t<meta name=\"twitter:data1\" content=\"5 minutes\" \/>\n<script type=\"application\/ld+json\" class=\"yoast-schema-graph\">{\"@context\":\"https:\\\/\\\/schema.org\",\"@graph\":[{\"@type\":\"WebPage\",\"@id\":\"https:\\\/\\\/bimser.com\\\/en\\\/information-security-management-system-isms\\\/\",\"url\":\"https:\\\/\\\/bimser.com\\\/en\\\/information-security-management-system-isms\\\/\",\"name\":\"Protect Information with Information Security Management System (ISMS)!\",\"isPartOf\":{\"@id\":\"https:\\\/\\\/bimser.com\\\/#website\"},\"primaryImageOfPage\":{\"@id\":\"https:\\\/\\\/bimser.com\\\/en\\\/information-security-management-system-isms\\\/#primaryimage\"},\"image\":{\"@id\":\"https:\\\/\\\/bimser.com\\\/en\\\/information-security-management-system-isms\\\/#primaryimage\"},\"thumbnailUrl\":\"https:\\\/\\\/bimser.com\\\/wp-content\\\/uploads\\\/2022\\\/10\\\/Bilgi-gu\u0308venlig\u0306i-yo\u0308netim-sistemi.jpg\",\"datePublished\":\"2022-01-05T08:31:20+00:00\",\"dateModified\":\"2024-03-20T09:01:52+00:00\",\"description\":\"With Bimser ISMS Software Solution, You Can Prevent Unauthorized Persons from Seeing, Changing and Deleting Information...\",\"breadcrumb\":{\"@id\":\"https:\\\/\\\/bimser.com\\\/en\\\/information-security-management-system-isms\\\/#breadcrumb\"},\"inLanguage\":\"en-US\",\"potentialAction\":[{\"@type\":\"ReadAction\",\"target\":[\"https:\\\/\\\/bimser.com\\\/en\\\/information-security-management-system-isms\\\/\"]}]},{\"@type\":\"ImageObject\",\"inLanguage\":\"en-US\",\"@id\":\"https:\\\/\\\/bimser.com\\\/en\\\/information-security-management-system-isms\\\/#primaryimage\",\"url\":\"https:\\\/\\\/bimser.com\\\/wp-content\\\/uploads\\\/2022\\\/10\\\/Bilgi-gu\u0308venlig\u0306i-yo\u0308netim-sistemi.jpg\",\"contentUrl\":\"https:\\\/\\\/bimser.com\\\/wp-content\\\/uploads\\\/2022\\\/10\\\/Bilgi-gu\u0308venlig\u0306i-yo\u0308netim-sistemi.jpg\",\"width\":2000,\"height\":1200,\"caption\":\"Bimser BGYS Yaz\u0131l\u0131m \u00c7\u00f6z\u00fcm\u00fc Ile Bilgiyi, Yetkisiz Ki\u015filerin G\u00f6rmesinin, De\u011fi\u015ftirmesinin Ve Bilgilerin Silinmesinin \u00d6n\u00fcne Ge\u00e7ebilirsiniz...\"},{\"@type\":\"BreadcrumbList\",\"@id\":\"https:\\\/\\\/bimser.com\\\/en\\\/information-security-management-system-isms\\\/#breadcrumb\",\"itemListElement\":[{\"@type\":\"ListItem\",\"position\":1,\"name\":\"Anasayfa\",\"item\":\"https:\\\/\\\/bimser.com\\\/\"},{\"@type\":\"ListItem\",\"position\":2,\"name\":\"Information Security Management System (ISMS)\"}]},{\"@type\":\"WebSite\",\"@id\":\"https:\\\/\\\/bimser.com\\\/#website\",\"url\":\"https:\\\/\\\/bimser.com\\\/\",\"name\":\"Bimser \u00c7\u00f6z\u00fcm\",\"description\":\"Dijital D\u00f6n\u00fc\u015f\u00fcmde Ak\u0131ll\u0131 \u00c7\u00f6z\u00fcmler ve \u00dcr\u00fcnler\",\"publisher\":{\"@id\":\"https:\\\/\\\/bimser.com\\\/#organization\"},\"potentialAction\":[{\"@type\":\"SearchAction\",\"target\":{\"@type\":\"EntryPoint\",\"urlTemplate\":\"https:\\\/\\\/bimser.com\\\/?s={search_term_string}\"},\"query-input\":{\"@type\":\"PropertyValueSpecification\",\"valueRequired\":true,\"valueName\":\"search_term_string\"}}],\"inLanguage\":\"en-US\"},{\"@type\":\"Organization\",\"@id\":\"https:\\\/\\\/bimser.com\\\/#organization\",\"name\":\"Bimser \u00c7\u00f6z\u00fcm\",\"alternateName\":\"Bimser Inc.\",\"url\":\"https:\\\/\\\/bimser.com\\\/\",\"logo\":{\"@type\":\"ImageObject\",\"inLanguage\":\"en-US\",\"@id\":\"https:\\\/\\\/bimser.com\\\/#\\\/schema\\\/logo\\\/image\\\/\",\"url\":\"https:\\\/\\\/bimser.com\\\/bimser\\\/wp-content\\\/uploads\\\/2021\\\/09\\\/Bimser-Logo-4-300x101-1.png\",\"contentUrl\":\"https:\\\/\\\/bimser.com\\\/bimser\\\/wp-content\\\/uploads\\\/2021\\\/09\\\/Bimser-Logo-4-300x101-1.png\",\"width\":300,\"height\":101,\"caption\":\"Bimser \u00c7\u00f6z\u00fcm\"},\"image\":{\"@id\":\"https:\\\/\\\/bimser.com\\\/#\\\/schema\\\/logo\\\/image\\\/\"},\"sameAs\":[\"https:\\\/\\\/www.facebook.com\\\/bmsercozum\\\/\",\"https:\\\/\\\/x.com\\\/Bimser_\",\"https:\\\/\\\/www.instagram.com\\\/bimsercozum\\\/\",\"https:\\\/\\\/www.linkedin.com\\\/company\\\/bimser-z-m\\\/mycompany\\\/\",\"https:\\\/\\\/www.youtube.com\\\/channel\\\/UCX_4PkXrhcp9Cweo5KTDCMQ\"]}]}<\/script>\n<!-- \/ Yoast SEO Premium plugin. -->","yoast_head_json":{"title":"Protect Information with Information Security Management System (ISMS)!","description":"With Bimser ISMS Software Solution, You Can Prevent Unauthorized Persons from Seeing, Changing and Deleting Information...","robots":{"index":"index","follow":"follow","max-snippet":"max-snippet:-1","max-image-preview":"max-image-preview:large","max-video-preview":"max-video-preview:-1"},"canonical":"https:\/\/bimser.com\/en\/information-security-management-system-isms\/","og_locale":"en_US","og_type":"article","og_title":"Protect Information with Information Security Management System (ISMS)!","og_description":"With Bimser ISMS Software Solution, You Can Prevent Unauthorized Persons From Seeing, Changing And Deleting Information (Information Security, ISO 27001 Certificate, SOA, Enterprise Risk Management)","og_url":"https:\/\/bimser.com\/en\/information-security-management-system-isms\/","og_site_name":"Bimser \u00c7\u00f6z\u00fcm","article_publisher":"https:\/\/www.facebook.com\/bmsercozum\/","article_modified_time":"2024-03-20T09:01:52+00:00","og_image":[{"width":2000,"height":1200,"url":"https:\/\/bimser.com\/wp-content\/uploads\/2022\/10\/Bilgi-gu\u0308venlig\u0306i-yo\u0308netim-sistemi.jpg","type":"image\/jpeg"}],"twitter_card":"summary_large_image","twitter_title":"Protect Information with Information Security Management System (ISMS)!","twitter_description":"With Bimser ISMS Software Solution, You Can Prevent Unauthorized Persons From Seeing, Changing And Deleting Information (Information Security, ISO 27001 Certificate, SOA, Enterprise Risk Management)","twitter_site":"@Bimser_","twitter_misc":{"Est. reading time":"5 minutes"},"schema":{"@context":"https:\/\/schema.org","@graph":[{"@type":"WebPage","@id":"https:\/\/bimser.com\/en\/information-security-management-system-isms\/","url":"https:\/\/bimser.com\/en\/information-security-management-system-isms\/","name":"Protect Information with Information Security Management System (ISMS)!","isPartOf":{"@id":"https:\/\/bimser.com\/#website"},"primaryImageOfPage":{"@id":"https:\/\/bimser.com\/en\/information-security-management-system-isms\/#primaryimage"},"image":{"@id":"https:\/\/bimser.com\/en\/information-security-management-system-isms\/#primaryimage"},"thumbnailUrl":"https:\/\/bimser.com\/wp-content\/uploads\/2022\/10\/Bilgi-gu\u0308venlig\u0306i-yo\u0308netim-sistemi.jpg","datePublished":"2022-01-05T08:31:20+00:00","dateModified":"2024-03-20T09:01:52+00:00","description":"With Bimser ISMS Software Solution, You Can Prevent Unauthorized Persons from Seeing, Changing and Deleting Information...","breadcrumb":{"@id":"https:\/\/bimser.com\/en\/information-security-management-system-isms\/#breadcrumb"},"inLanguage":"en-US","potentialAction":[{"@type":"ReadAction","target":["https:\/\/bimser.com\/en\/information-security-management-system-isms\/"]}]},{"@type":"ImageObject","inLanguage":"en-US","@id":"https:\/\/bimser.com\/en\/information-security-management-system-isms\/#primaryimage","url":"https:\/\/bimser.com\/wp-content\/uploads\/2022\/10\/Bilgi-gu\u0308venlig\u0306i-yo\u0308netim-sistemi.jpg","contentUrl":"https:\/\/bimser.com\/wp-content\/uploads\/2022\/10\/Bilgi-gu\u0308venlig\u0306i-yo\u0308netim-sistemi.jpg","width":2000,"height":1200,"caption":"Bimser BGYS Yaz\u0131l\u0131m \u00c7\u00f6z\u00fcm\u00fc Ile Bilgiyi, Yetkisiz Ki\u015filerin G\u00f6rmesinin, De\u011fi\u015ftirmesinin Ve Bilgilerin Silinmesinin \u00d6n\u00fcne Ge\u00e7ebilirsiniz..."},{"@type":"BreadcrumbList","@id":"https:\/\/bimser.com\/en\/information-security-management-system-isms\/#breadcrumb","itemListElement":[{"@type":"ListItem","position":1,"name":"Anasayfa","item":"https:\/\/bimser.com\/"},{"@type":"ListItem","position":2,"name":"Information Security Management System (ISMS)"}]},{"@type":"WebSite","@id":"https:\/\/bimser.com\/#website","url":"https:\/\/bimser.com\/","name":"Bimser \u00c7\u00f6z\u00fcm","description":"Dijital D\u00f6n\u00fc\u015f\u00fcmde Ak\u0131ll\u0131 \u00c7\u00f6z\u00fcmler ve \u00dcr\u00fcnler","publisher":{"@id":"https:\/\/bimser.com\/#organization"},"potentialAction":[{"@type":"SearchAction","target":{"@type":"EntryPoint","urlTemplate":"https:\/\/bimser.com\/?s={search_term_string}"},"query-input":{"@type":"PropertyValueSpecification","valueRequired":true,"valueName":"search_term_string"}}],"inLanguage":"en-US"},{"@type":"Organization","@id":"https:\/\/bimser.com\/#organization","name":"Bimser \u00c7\u00f6z\u00fcm","alternateName":"Bimser Inc.","url":"https:\/\/bimser.com\/","logo":{"@type":"ImageObject","inLanguage":"en-US","@id":"https:\/\/bimser.com\/#\/schema\/logo\/image\/","url":"https:\/\/bimser.com\/bimser\/wp-content\/uploads\/2021\/09\/Bimser-Logo-4-300x101-1.png","contentUrl":"https:\/\/bimser.com\/bimser\/wp-content\/uploads\/2021\/09\/Bimser-Logo-4-300x101-1.png","width":300,"height":101,"caption":"Bimser \u00c7\u00f6z\u00fcm"},"image":{"@id":"https:\/\/bimser.com\/#\/schema\/logo\/image\/"},"sameAs":["https:\/\/www.facebook.com\/bmsercozum\/","https:\/\/x.com\/Bimser_","https:\/\/www.instagram.com\/bimsercozum\/","https:\/\/www.linkedin.com\/company\/bimser-z-m\/mycompany\/","https:\/\/www.youtube.com\/channel\/UCX_4PkXrhcp9Cweo5KTDCMQ"]}]}},"_links":{"self":[{"href":"https:\/\/bimser.com\/en\/wp-json\/wp\/v2\/pages\/21037","targetHints":{"allow":["GET"]}}],"collection":[{"href":"https:\/\/bimser.com\/en\/wp-json\/wp\/v2\/pages"}],"about":[{"href":"https:\/\/bimser.com\/en\/wp-json\/wp\/v2\/types\/page"}],"author":[{"embeddable":true,"href":"https:\/\/bimser.com\/en\/wp-json\/wp\/v2\/users\/2"}],"replies":[{"embeddable":true,"href":"https:\/\/bimser.com\/en\/wp-json\/wp\/v2\/comments?post=21037"}],"version-history":[{"count":9,"href":"https:\/\/bimser.com\/en\/wp-json\/wp\/v2\/pages\/21037\/revisions"}],"predecessor-version":[{"id":26574,"href":"https:\/\/bimser.com\/en\/wp-json\/wp\/v2\/pages\/21037\/revisions\/26574"}],"wp:featuredmedia":[{"embeddable":true,"href":"https:\/\/bimser.com\/en\/wp-json\/wp\/v2\/media\/23996"}],"wp:attachment":[{"href":"https:\/\/bimser.com\/en\/wp-json\/wp\/v2\/media?parent=21037"}],"curies":[{"name":"wp","href":"https:\/\/api.w.org\/{rel}","templated":true}]}}