{"id":23083,"date":"2022-09-16T12:46:03","date_gmt":"2022-09-16T09:46:03","guid":{"rendered":"https:\/\/bimser.com\/yesil-kazanimlar\/"},"modified":"2023-09-22T17:11:47","modified_gmt":"2023-09-22T14:11:47","slug":"green-gains","status":"publish","type":"page","link":"https:\/\/bimser.com\/en\/green-gains\/","title":{"rendered":"Green Gains"},"content":{"rendered":"<div class=\"wpb-content-wrapper\">[vc_section full_width=&#8221;stretch_row&#8221; pix_over_visibility=&#8221;&#8221; css=&#8221;.vc_custom_1638326937582{padding-top: 50px !important;padding-bottom: 50px !important;}&#8221;][vc_row pix_particles_check=&#8221;&#8221;][vc_column]<div id=\"el1637096029056-3e4ad75c-7a4b\" class=\"pix-highlighted-element text-center \"><h3 class=\"pix-highlighted-items \" style=\"\" data-anim-type=\"\" data-anim-delay=\"0\"><span id=\"el1637096029056-3e4ad75c-7a4b-0\"  class=\"\"><span   class=\"pix-highlighted-text d-inline-block  pix-highlight-item font-weight-normal  font-weight-bold heading-font text-heading-default\">Green&nbsp;<\/span><span   class=\"pix-highlighted-text d-inline-block  pix-highlight-item font-weight-normal  font-weight-bold heading-font text-heading-default\">Gains&nbsp;<\/span><span   class=\"pix-highlighted-text d-inline-block  pix-highlight-item font-weight-normal  font-weight-bold heading-font text-heading-default\">with&nbsp;<\/span><span   class=\"pix-highlighted-text d-inline-block  pix-highlight-item font-weight-normal  font-weight-bold heading-font text-heading-default\"><\/span><\/span><span id=\"el1637096029056-3e4ad75c-7a4b-1\" class=\"pix-highlight-bg  animate-in\" data-anim-type=\"highlight-grow\" data-anim-delay=\"200\"><span   class=\"pix-highlighted-text d-inline-block pix-highlight-item font-weight-normal  font-weight-bold heading-font text-heading-default\">Synergy<\/span><\/span><\/h3><\/div>[vc_empty_space height=&#8221;20px&#8221;][vc_column_text el_class=&#8221;text-just&#8221;]\r\n\r\n<section class=\"av_textblock_section \">\r\n<div class=\"avia_textblock\" style=\"font-size: 17px; font-weight: 600; text-align: center;\">\r\n<p style=\"color: #2e5d35;\">See how much value you can add by rapidly improving your Enterprise large scale solution and business processes with the Content Service Platform (Synergy) and low code platform in cloud technology.<\/p>\r\n<p style=\"color: #2e5d35;\">With <span style=\"font-weight: 900; font-family: Poppins;\">Synergy<\/span> Low Code Platform, you can quickly improve business processes and add value.<\/p>\r\n\r\n<\/div>\r\n<\/section>[\/vc_column_text][\/vc_column][\/vc_row][vc_row pix_particles_check=&#8221;&#8221;][vc_column width=&#8221;1\/2&#8243;][vc_raw_html]JTNDdGFibGUlM0UlMEElMjAlMjAlMjAlMjAlM0N0ciUzRSUwQSUyMCUyMCUyMCUyMCUyMCUyMCUyMCUyMCUzQ3RkJTIwY2xhc3MlM0QlMjJncmVlbi10cmFuc2Zvcm1hdGlvbi10ZXh0JTIyJTNFJTNDc3BhbiUzRUFubnVhbCUyMERvY3VtZW50JTNDYnIlM0VWb2x1bWUlM0MlMkZzcGFuJTNFJTIwJTI4cGFnZSUyOSUzQyUyRnRkJTNFJTBBJTIwJTIwJTIwJTIwJTIwJTIwJTIwJTIwJTNDdGQlM0UlM0NpbnB1dCUyMHR5cGUlM0QlMjJ0ZXh0JTIyJTIwaWQlM0QlMjJzYXlmYS1oYWNtaSUyMiUyMHBsYWNlaG9sZGVyJTNEJTIyRW50ZXIlMjBBdmVyYWdlJTIwVmFsdWUuLi4lMjIlM0UlM0MlMkZ0ZCUzRSUwQSUyMCUyMCUyMCUyMCUyMCUyMCUyMCUyMCUzQ3RkJTNFJTNDYnV0dG9uJTIwaWQlM0QlMjJjYWxjdWxhdGUlMjIlM0VDYWxjdWxhdGUlMjAlM0NpJTIwY2xhc3MlM0QlMjJmYXMlMjBmYS1yZWN5Y2xlJTIyJTNFJTNDJTJGaSUzRSUzQyUyRmJ1dHRvbiUzRSUzQyUyRnRkJTNFJTBBJTIwJTIwJTIwJTIwJTNDJTJGdHIlM0UlMEElMjAlMjAlMjAlMjAlM0N0ciUzRSUwQSUyMCUyMCUyMCUyMCUyMCUyMCUyMCUyMCUzQ3RkJTIwY29sc3BhbiUzRCUyMjIlMjIlM0VXYXRlciUyMCUyOGx0JTI5JTIwcmVxdWlyZWQlMjBmb3IlMjB0aGUlMjBwcm9kdWN0aW9uJTIwb2YlMjAxJTIwc2hlZXQlMjBvZiUyMEE0JTNDJTJGdGQlM0UlMEElMjAlMjAlMjAlMjAlMjAlMjAlMjAlMjAlM0N0ZCUyMHN0eWxlJTNEJTIydGV4dC1hbGlnbiUzQSUyMGNlbnRlciUzQiUyMiUzRTEwJTNDJTJGdGQlM0UlMEElMjAlMjAlMjAlMjAlM0MlMkZ0ciUzRSUwQSUyMCUyMCUyMCUyMCUzQ3RyJTNFJTBBJTIwJTIwJTIwJTIwJTIwJTIwJTIwJTIwJTNDdGQlMjBjb2xzcGFuJTNEJTIyMiUyMiUzRU51bWJlciUyMG9mJTIwQTQlMjB0aGF0JTIwY2FuJTIwYmUlMjBwcm9kdWNlZCUyMGZyb20lMjAxJTIwdHJlZSUzQyUyRnRkJTNFJTBBJTIwJTIwJTIwJTIwJTIwJTIwJTIwJTIwJTNDdGQlMjBzdHlsZSUzRCUyMnRleHQtYWxpZ24lM0ElMjBjZW50ZXIlM0IlMjIlM0U2NTAwMCUzQyUyRnRkJTNFJTBBJTIwJTIwJTIwJTIwJTNDJTJGdHIlM0UlMEElMjAlMjAlMjAlMjAlM0N0ciUzRSUwQSUyMCUyMCUyMCUyMCUyMCUyMCUyMCUyMCUzQ3RkJTIwY29sc3BhbiUzRCUyMjIlMjIlM0VBNCUyMHJhdGlvJTIwb2YlMjBvcGVyYXRpb25hbCUyMHdhc3RlJTNDJTJGdGQlM0UlMEElMjAlMjAlMjAlMjAlMjAlMjAlMjAlMjAlM0N0ZCUyMHN0eWxlJTNEJTIydGV4dC1hbGlnbiUzQSUyMGNlbnRlciUzQiUyMiUzRTUwJTI1JTNDJTJGdGQlM0UlMEElMjAlMjAlMjAlMjAlM0MlMkZ0ciUzRSUwQSUyMCUyMCUyMCUyMCUzQ3RyJTNFJTBBJTIwJTIwJTIwJTIwJTIwJTIwJTIwJTIwJTNDdGQlMjBjb2xzcGFuJTNEJTIyMiUyMiUzRUFubnVhbCUyMG94eWdlbiUyMHJlcXVpcmVtZW50JTIwcHJvZHVjZWQlMjBieSUyMDElMjB0cmVlJTIwJTI4a2clMjklM0MlMkZ0ZCUzRSUwQSUyMCUyMCUyMCUyMCUyMCUyMCUyMCUyMCUzQ3RkJTIwc3R5bGUlM0QlMjJ0ZXh0LWFsaWduJTNBJTIwY2VudGVyJTNCJTIyJTNFMTE0JTNDJTJGdGQlM0UlMEElMjAlMjAlMjAlMjAlM0MlMkZ0ciUzRSUwQSUyMCUyMCUyMCUyMCUzQ3RyJTNFJTBBJTIwJTIwJTIwJTIwJTIwJTIwJTIwJTIwJTNDdGQlMjBjb2xzcGFuJTNEJTIyMiUyMiUzRUFubnVhbCUyMG94eWdlbnQlMjByZXF1aXJlbWVudCUyMG9mJTIwMSUyMHBlcnNvbiUyMCUyOGtnJTI5JTNDJTJGdGQlM0UlMEElMjAlMjAlMjAlMjAlMjAlMjAlMjAlMjAlM0N0ZCUyMHN0eWxlJTNEJTIydGV4dC1hbGlnbiUzQSUyMGNlbnRlciUzQiUyMiUzRTI4JTNDJTJGdGQlM0UlMEElMjAlMjAlMjAlMjAlM0MlMkZ0ciUzRSUwQSUyMCUyMCUyMCUyMCUzQ3RyJTNFJTBBJTIwJTIwJTIwJTIwJTIwJTIwJTIwJTIwJTNDdGQlMjBjb2xzcGFuJTNEJTIyMiUyMiUzRUFubnVhbCUyMGNhcmJvbiUyMGVtaXNzaW9uJTIwb2YlMjAxJTIwdHJlZSUyMCUyOGtnJTI5JTNDJTJGdGQlM0UlMEElMjAlMjAlMjAlMjAlMjAlMjAlMjAlMjAlM0N0ZCUyMHN0eWxlJTNEJTIydGV4dC1hbGlnbiUzQSUyMGNlbnRlciUzQiUyMiUzRTI0JTNDJTJGdGQlM0UlMEElMjAlMjAlMjAlMjAlM0MlMkZ0ciUzRSUwQSUyMCUyMCUyMCUyMCUzQ3RyJTNFJTBBJTIwJTIwJTIwJTIwJTIwJTIwJTIwJTIwJTNDdGQlMjBjb2xzcGFuJTNEJTIyMiUyMiUzRTElMjBBNCUyMGNhcmJvbiUyMGZvb3RwcmludCUyMCUyOGdyJTI5JTNDJTJGdGQlM0UlMEElMjAlMjAlMjAlMjAlMjAlMjAlMjAlMjAlM0N0ZCUyMHN0eWxlJTNEJTIydGV4dC1hbGlnbiUzQSUyMGNlbnRlciUzQiUyMiUzRTclMkM1OCUzQyUyRnRkJTNFJTBBJTIwJTIwJTIwJTIwJTNDJTJGdHIlM0UlMEElMjAlMjAlMjAlMjAlM0N0ciUzRSUwQSUyMCUyMCUyMCUyMCUyMCUyMCUyMCUyMCUzQ3RkJTIwY29sc3BhbiUzRCUyMjIlMjIlM0UxJTIwUEMlMjdzJTIwY2FyYm9uJTIwZm9vdHByaW50JTIwcGVyJTIwaG91ciUyMCUyOGdyJTI5JTNDJTJGdGQlM0UlMEElMjAlMjAlMjAlMjAlMjAlMjAlMjAlMjAlM0N0ZCUyMHN0eWxlJTNEJTIydGV4dC1hbGlnbiUzQSUyMGNlbnRlciUzQiUyMiUzRTcyJTJDOSUzQyUyRnRkJTNFJTBBJTIwJTIwJTIwJTIwJTNDJTJGdHIlM0UlMEElMjAlMjAlMjAlMjAlM0N0ciUzRSUwQSUyMCUyMCUyMCUyMCUyMCUyMCUyMCUyMCUzQ3RkJTIwY29sc3BhbiUzRCUyMjIlMjIlM0UxJTIwQTQlMjByZWFkaW5nJTIwdGltZSUyMCUyOG1pbiUyOSUzQyUyRnRkJTNFJTBBJTIwJTIwJTIwJTIwJTIwJTIwJTIwJTIwJTNDdGQlMjBzdHlsZSUzRCUyMnRleHQtYWxpZ24lM0ElMjBjZW50ZXIlM0IlMjIlM0U0JTNDJTJGdGQlM0UlMEElMjAlMjAlMjAlMjAlM0MlMkZ0ciUzRSUwQSUyMCUyMCUyMCUyMCUzQ3RyJTNFJTBBJTIwJTIwJTIwJTIwJTIwJTIwJTIwJTIwJTNDdGQlMjBjb2xzcGFuJTNEJTIyMiUyMiUzRTElMjBrbSUyMG9mJTIwdmVoaWNsZSUyMHRyYXZlbCUyMGNhcmJvbiUyMGZvb3RwcmludCUyMCUyOGtnJTI5JTNDJTJGdGQlM0UlMEElMjAlMjAlMjAlMjAlMjAlMjAlMjAlMjAlM0N0ZCUyMHN0eWxlJTNEJTIydGV4dC1hbGlnbiUzQSUyMGNlbnRlciUzQiUyMiUzRTAlMkMwMDAxOCUzQyUyRnRkJTNFJTBBJTIwJTIwJTIwJTIwJTNDJTJGdHIlM0UlMEElMjAlMjAlMjAlMjAlM0N0ciUzRSUwQSUyMCUyMCUyMCUyMCUyMCUyMCUyMCUyMCUzQ3RkJTIwY29sc3BhbiUzRCUyMjIlMjIlM0UxJTIwaG91ciUyMGZsaWdodCUyMCUyOGtnJTI5JTNDJTJGdGQlM0UlMEElMjAlMjAlMjAlMjAlMjAlMjAlMjAlMjAlM0N0ZCUyMHN0eWxlJTNEJTIydGV4dC1hbGlnbiUzQSUyMGNlbnRlciUzQiUyMiUzRTE4MiUzQyUyRnRkJTNFJTBBJTIwJTIwJTIwJTIwJTNDJTJGdHIlM0UlMEElMjAlMjAlMjAlMjAlM0N0ciUzRSUwQSUyMCUyMCUyMCUyMCUyMCUyMCUyMCUyMCUzQ3RkJTIwY29sc3BhbiUzRCUyMjIlMjIlM0UxJTIwa2clMjBvZiUyMGNvYWwlMjBidXJuaW5nJTIwJTI4a2clMjklM0MlMkZ0ZCUzRSUwQSUyMCUyMCUyMCUyMCUyMCUyMCUyMCUyMCUzQ3RkJTIwc3R5bGUlM0QlMjJ0ZXh0LWFsaWduJTNBJTIwY2VudGVyJTNCJTIyJTNFMiUyQzg3JTNDJTJGdGQlM0UlMEElMjAlMjAlMjAlMjAlM0MlMkZ0ciUzRSUwQSUzQyUyRnRhYmxlJTNF[\/vc_raw_html][\/vc_column][vc_column width=&#8221;1\/2&#8243;][vc_raw_html]JTNDdGFibGUlMjBpZCUzRCUyMm91dHB1dCUyMiUzRSUwQSUyMCUyMCUyMCUyMCUzQ3RyJTNFJTBBJTIwJTIwJTIwJTIwJTIwJTIwJTIwJTIwJTNDdGQlMjBjb2xzcGFuJTNEJTIyMiUyMiUzRSUwQSUyMCUyMCUyMCUyMCUyMCUyMCUyMCUyMCUyMCUyMCUyMCUyMCUzQ2RpdiUwQSUyMCUyMCUyMCUyMCUyMCUyMCUyMCUyMCUyMCUyMCUyMCUyMCUyMCUyMCUyMCUyMHN0eWxlJTNEJTIydGV4dC1hbGlnbiUzQSUyMGNlbnRlciUzQmNvbG9yJTNBJTIwd2hpdGUlM0JwYWRkaW5nJTNBJTIwMTAuNDU1cHglM0JiYWNrZ3JvdW5kLWltYWdlJTNBJTIwdXJsJTI4aHR0cHMlM0ElMkYlMkZiaW1zZXIuY29tJTJGYmltc2VyJTJGd3AtY29udGVudCUyRnVwbG9hZHMlMkYyMDIyJTJGMDMlMkZHcm91cC00LTEucG5nJTI5JTNCYmFja2dyb3VuZC1zaXplJTNBJTIwY292ZXIlM0Jib3JkZXItcmFkaXVzJTNBJTIwOHB4JTNCJTIyJTNFJTBBJTIwJTIwJTIwJTIwJTIwJTIwJTIwJTIwJTIwJTIwJTIwJTIwJTIwJTIwJTIwJTIwR3JlZW4lMjBHYWlucyUzQyUyRmRpdiUzRSUwQSUyMCUyMCUyMCUyMCUyMCUyMCUyMCUyMCUzQyUyRnRkJTNFJTBBJTIwJTIwJTIwJTIwJTNDJTJGdHIlM0UlMEElMjAlMjAlMjAlMjAlM0N0ciUzRSUwQSUyMCUyMCUyMCUyMCUyMCUyMCUyMCUyMCUzQ3RkJTNFT2J0YWluZWQlMjBXYXRlciUyMFNhdmluZ3MlMjAlMjh0b25zJTI5JTNDJTJGdGQlM0UlMEElMjAlMjAlMjAlMjAlMjAlMjAlMjAlMjAlM0N0ZCUzRS4uLi4uLi4uLi4uLi4uLiUzQyUyRnRkJTNFJTBBJTIwJTIwJTIwJTIwJTNDJTJGdHIlM0UlMEElMjAlMjAlMjAlMjAlM0N0ciUzRSUwQSUyMCUyMCUyMCUyMCUyMCUyMCUyMCUyMCUzQ3RkJTNFTnVtYmVyJTIwb2YlMjBUcmVlcyUyMFRoYXQlMjBXaWxsJTIwTm90JTIwQmUlMjBDdXQlM0MlMkZ0ZCUzRSUwQSUyMCUyMCUyMCUyMCUyMCUyMCUyMCUyMCUzQ3RkJTNFLi4uLi4uLi4uLi4uLi4uJTNDJTJGdGQlM0UlMEElMjAlMjAlMjAlMjAlM0MlMkZ0ciUzRSUwQSUyMCUyMCUyMCUyMCUzQ3RyJTNFJTBBJTIwJTIwJTIwJTIwJTIwJTIwJTIwJTIwJTNDdGQlM0VXYXN0ZSUyMEE0JTIwU2F2aW5ncyUzQyUyRnRkJTNFJTBBJTIwJTIwJTIwJTIwJTIwJTIwJTIwJTIwJTNDdGQlM0UuLi4uLi4uLi4uLi4uLi4lM0MlMkZ0ZCUzRSUwQSUyMCUyMCUyMCUyMCUzQyUyRnRyJTNFJTBBJTIwJTIwJTIwJTIwJTNDdHIlM0UlMEElMjAlMjAlMjAlMjAlMjAlMjAlMjAlMjAlM0N0ZCUzRU94eWdlbiUyMFNhdmluZ3MlMjAlMjhrZyUyOSUzQyUyRnRkJTNFJTBBJTIwJTIwJTIwJTIwJTIwJTIwJTIwJTIwJTNDdGQlM0UuLi4uLi4uLi4uLi4uLi4lM0MlMkZ0ZCUzRSUwQSUyMCUyMCUyMCUyMCUzQyUyRnRyJTNFJTBBJTIwJTIwJTIwJTIwJTNDdHIlM0UlMEElMjAlMjAlMjAlMjAlMjAlMjAlMjAlMjAlM0N0ZCUzRU51bWJlciUyMG9mJTIwUGVvcGxlJTIwV2hvc2UlMjBBbm51YWwlMjBPeHlnZW4lMjBOZWVkcyUyMGFyZSUyME1ldCUzQyUyRnRkJTNFJTBBJTIwJTIwJTIwJTIwJTIwJTIwJTIwJTIwJTNDdGQlM0UuLi4uLi4uLi4uLi4uLi4lM0MlMkZ0ZCUzRSUwQSUyMCUyMCUyMCUyMCUzQyUyRnRyJTNFJTBBJTIwJTIwJTIwJTIwJTNDdHIlM0UlMEElMjAlMjAlMjAlMjAlMjAlMjAlMjAlMjAlM0N0ZCUzRUFubnVhbCUyMENhcmJvbiUyMEFic29ycHRpb24lMjAlMjhrZyUyMENPMiUyOSUzQyUyRnRkJTNFJTBBJTIwJTIwJTIwJTIwJTIwJTIwJTIwJTIwJTNDdGQlM0UuLi4uLi4uLi4uLi4uLi4lM0MlMkZ0ZCUzRSUwQSUyMCUyMCUyMCUyMCUzQyUyRnRyJTNFJTBBJTIwJTIwJTIwJTIwJTNDdHIlM0UlMEElMjAlMjAlMjAlMjAlMjAlMjAlMjAlMjAlM0N0ZCUzRU5ldCUyMENhcmJvbiUyMEZvb3RwcmludCUyMFNhdmluZ3MlMjAlMjhrZyUyMENPMiUyOSUzQyUyRnRkJTNFJTBBJTIwJTIwJTIwJTIwJTIwJTIwJTIwJTIwJTNDdGQlM0UuLi4uLi4uLi4uLi4uLi4lM0MlMkZ0ZCUzRSUwQSUyMCUyMCUyMCUyMCUzQyUyRnRyJTNFJTBBJTIwJTIwJTIwJTIwJTNDdHIlM0UlMEElMjAlMjAlMjAlMjAlMjAlMjAlMjAlMjAlM0N0ZCUzRURpc3RhbmNlJTIwVHJhdmVsZWQlMjBieSUyMGElMjBWZWhpY2xlJTIwJTI4a20lMjklM0MlMkZ0ZCUzRSUwQSUyMCUyMCUyMCUyMCUyMCUyMCUyMCUyMCUzQ3RkJTNFLi4uLi4uLi4uLi4uLi4uJTNDJTJGdGQlM0UlMEElMjAlMjAlMjAlMjAlM0MlMkZ0ciUzRSUwQSUyMCUyMCUyMCUyMCUzQ3RyJTNFJTBBJTIwJTIwJTIwJTIwJTIwJTIwJTIwJTIwJTNDdGQlM0VGbGlnaHQlMjBKb3VybmV5JTIwJTI4aG91cnMlMjklM0MlMkZ0ZCUzRSUwQSUyMCUyMCUyMCUyMCUyMCUyMCUyMCUyMCUzQ3RkJTNFLi4uLi4uLi4uLi4uLi4uJTNDJTJGdGQlM0UlMEElMjAlMjAlMjAlMjAlM0MlMkZ0ciUzRSUwQSUyMCUyMCUyMCUyMCUzQ3RyJTNFJTBBJTIwJTIwJTIwJTIwJTIwJTIwJTIwJTIwJTNDdGQlM0VDb2FsJTIwQ29uc3VtcHRpb24lMjAlMjhrZyUyOSUzQyUyRnRkJTNFJTBBJTIwJTIwJTIwJTIwJTIwJTIwJTIwJTIwJTNDdGQlM0UuLi4uLi4uLi4uLi4uLi4lM0MlMkZ0ZCUzRSUwQSUyMCUyMCUyMCUyMCUzQyUyRnRyJTNFJTBBJTNDJTJGdGFibGUlM0U=[\/vc_raw_html][\/vc_column][\/vc_row][\/vc_section][vc_row pix_particles_check=&#8221;&#8221;][vc_column][vc_raw_js]JTNDc2NyaXB0JTNFJTBBJTIwJTIwJTIwJTIwJTI4ZnVuY3Rpb24lMjAlMjglMjklMjAlN0IlMEElMjAlMjAlMjAlMjAlMjAlMjAlMjAlMjBmdW5jdGlvbiUyMGZvcm1hdE51bWJlciUyOG51bWJlciUyOSUyMCU3QiUwQSUyMCUyMCUyMCUyMCUyMCUyMCUyMCUyMCUyMCUyMCUyMCUyMGNvbnN0JTIwZm9ybWF0dGVkTnVtYmVyJTIwJTNEJTIwJTI4bnVtYmVyJTIwJTIxJTNEJTNEJTIwTmFOJTIwJTI2JTI2JTIwbnVtYmVyJTIwJTIxJTNEJTNEJTIwdW5kZWZpbmVkJTI5JTNGbmV3JTIwSW50bC5OdW1iZXJGb3JtYXQlMjglMjkuZm9ybWF0JTI4bnVtYmVyJTI5JTNBJTIyJTIyJTNCJTBBJTIwJTIwJTIwJTIwJTIwJTIwJTIwJTIwJTIwJTIwJTIwJTIwcmV0dXJuJTIwZm9ybWF0dGVkTnVtYmVyJTNCJTBBJTIwJTIwJTIwJTIwJTIwJTIwJTIwJTIwJTdEJTBBJTIwJTIwJTIwJTIwJTIwJTIwJTIwJTIwZnVuY3Rpb24lMjBPdXRwdXQlMjhyZXMlMjklN0IlMEElMjAlMjAlMjAlMjAlMjAlMjAlMjAlMjAlMjAlMjAlMjAlMjBjb25zdCUyMG91dHB1dENlbGxzJTIwJTNEJTIwalF1ZXJ5JTI4JTI3JTIzb3V0cHV0JTI3JTI5LmZpbmQlMjglMjd0ciUyMHRkJTNBbnRoLWNoaWxkJTI4MiUyOSUyNyUyOS50b0FycmF5JTI4JTI5JTNCJTBBJTIwJTIwJTIwJTIwJTIwJTIwJTIwJTIwJTIwJTIwJTIwJTIwZm9yJTIwJTI4dmFyJTIwaSUyMCUzRCUyMDAlM0IlMjBpJTIwJTNDJTIwb3V0cHV0Q2VsbHMubGVuZ3RoJTNCJTIwaSUyQiUyQiUyOSUyMCU3QiUwQSUyMCUyMCUyMCUyMCUyMCUyMCUyMCUyMCUyMCUyMCUyMCUyMCUyMCUyMCUyMCUyMGpRdWVyeSUyOG91dHB1dENlbGxzJTVCaSU1RCUyOS5odG1sJTI4Zm9ybWF0TnVtYmVyJTI4cmVzJTVCaSU1RCUyOSUyOSUzQiUwQSUyMCUyMCUyMCUyMCUyMCUyMCUyMCUyMCUyMCUyMCUyMCUyMCU3RCUwQSUyMCUyMCUyMCUyMCUyMCUyMCUyMCUyMCU3RCUwQSUyMCUyMCUyMCUyMCUyMCUyMCUyMCUyMGpRdWVyeSUyOCUyNyUyM3NheWZhLWhhY21pJTI3JTI5LmNoYW5nZSUyOCUyOCUyOSUzRCUzRSU3QiUwQSUyMCUyMCUyMCUyMCUyMCUyMCUyMCUyMCUyMCUyMCUyMCUyME91dHB1dCUyOCU1QiU1RCUyOSUzQiUwQSUyMCUyMCUyMCUyMCUyMCUyMCUyMCUyMCU3RCUyOSUzQiUwQSUyMCUyMCUyMCUyMCUyMCUyMCUyMCUyMGpRdWVyeSUyOCUyNyUyM2NhbGN1bGF0ZSUyNyUyOS5jbGljayUyOGZ1bmN0aW9uJTIwJTI4JTI5JTIwJTdCJTBBJTIwJTIwJTIwJTIwJTIwJTIwJTIwJTIwJTIwJTIwJTIwJTIwY29uc3QlMjBpbnB1dCUyMCUzRCUyMHBhcnNlRmxvYXQlMjhqUXVlcnklMjglMjclMjNzYXlmYS1oYWNtaSUyNyUyOS52YWwlMjglMjklMjklM0IlMEElMjAlMjAlMjAlMjAlMjAlMjAlMjAlMjAlMjAlMjAlMjAlMjBpZiUyOCUyMSUyOGlucHV0JTIwJTNFJTNEJTIwMSUyOSUyOSU3QiUwQSUyMCUyMCUyMCUyMCUyMCUyMCUyMCUyMCUyMCUyMCUyMCUyMCUyMCUyMCUyMCUyMHJldHVybiUzQiUwQSUyMCUyMCUyMCUyMCUyMCUyMCUyMCUyMCUyMCUyMCUyMCUyMCU3RCUwQSUyMCUyMCUyMCUyMCUyMCUyMCUyMCUyMCUyMCUyMCUyMCUyMGNvbnN0JTIwYW5udWFsU2F2aW5nJTIwJTNEJTIwMC42NzUlMjAlMkElMjBpbnB1dCUzQiUwQSUyMCUyMCUyMCUyMCUyMCUyMCUyMCUyMCUyMCUyMCUyMCUyMGNvbnN0JTIwY2FyYm9uRm9vdFByaW50JTIwJTNEJTIwJTI4YW5udWFsU2F2aW5nJTIwJTJBJTIwNy41OCUyMCUyRiUyMDEwMDAlMjklMjAtJTIwJTI4JTI4JTI4JTI4YW5udWFsU2F2aW5nJTIwJTJBJTIwNCUyOSUyMCUyRiUyMDYwJTI5JTIwJTJBJTIwNzIuOSUyOSUyMCUyRiUyMDEwMDAlMjklM0IlMEElMjAlMjAlMjAlMjAlMjAlMjAlMjAlMjAlMjAlMjAlMjAlMjBjb25zdCUyMHJlc3VsdHMlMjAlM0QlMjAlNUIlMEElMjAlMjAlMjAlMjAlMjAlMjAlMjAlMjAlMjAlMjAlMjAlMjAlMjAlMjAlMjAlMjBhbm51YWxTYXZpbmclMjAlMkYlMjAxMDAlMkMlMEElMjAlMjAlMjAlMjAlMjAlMjAlMjAlMjAlMjAlMjAlMjAlMjAlMjAlMjAlMjAlMjBhbm51YWxTYXZpbmclMjAlMkYlMjA2NTAwMCUyQyUwQSUyMCUyMCUyMCUyMCUyMCUyMCUyMCUyMCUyMCUyMCUyMCUyMCUyMCUyMCUyMCUyMGFubnVhbFNhdmluZyUyMCUyQSUyMDAuNSUyQyUwQSUyMCUyMCUyMCUyMCUyMCUyMCUyMCUyMCUyMCUyMCUyMCUyMCUyMCUyMCUyMCUyMCUyOGFubnVhbFNhdmluZyUyMCUyRiUyMDY1MDAwJTI5JTIwJTJBJTIwMTE0JTJDJTBBJTIwJTIwJTIwJTIwJTIwJTIwJTIwJTIwJTIwJTIwJTIwJTIwJTIwJTIwJTIwJTIwJTI4JTI4YW5udWFsU2F2aW5nJTIwJTJGJTIwNjUwMDAlMjklMjAlMkElMjAxMTQlMjklMjAlMkYlMjAyOCUyQyUwQSUyMCUyMCUyMCUyMCUyMCUyMCUyMCUyMCUyMCUyMCUyMCUyMCUyMCUyMCUyMCUyMCUyOGFubnVhbFNhdmluZyUyMCUyRiUyMDY1MDAwJTI5JTIwJTJBJTIwMjQlMkMlMEElMjAlMjAlMjAlMjAlMjAlMjAlMjAlMjAlMjAlMjAlMjAlMjAlMjAlMjAlMjAlMjBjYXJib25Gb290UHJpbnQlMkMlMEElMjAlMjAlMjAlMjAlMjAlMjAlMjAlMjAlMjAlMjAlMjAlMjAlMjAlMjAlMjAlMjBjYXJib25Gb290UHJpbnQlMjAlMkYlMjAwLjAwMDE4JTIwJTJGJTIwMTAwMCUyQyUwQSUyMCUyMCUyMCUyMCUyMCUyMCUyMCUyMCUyMCUyMCUyMCUyMCUyMCUyMCUyMCUyMGNhcmJvbkZvb3RQcmludCUyMCUyRiUyMDE4MiUyQyUwQSUyMCUyMCUyMCUyMCUyMCUyMCUyMCUyMCUyMCUyMCUyMCUyMCUyMCUyMCUyMCUyMGNhcmJvbkZvb3RQcmludCUyMCUyRiUyMDIuODclMkMlMEElMjAlMjAlMjAlMjAlMjAlMjAlMjAlMjAlMjAlMjAlMjAlMjAlNUQlM0IlMEElMEElMjAlMjAlMjAlMjAlMjAlMjAlMjAlMjAlMjAlMjAlMjAlMjBPdXRwdXQlMjhyZXN1bHRzJTI5JTNCJTBBJTIwJTIwJTIwJTIwJTIwJTIwJTIwJTIwJTdEJTI5JTNCJTBBJTIwJTIwJTIwJTIwJTdEJTI5JTI4JTI5JTNCJTBBJTNDJTJGc2NyaXB0JTNF[\/vc_raw_js][\/vc_column][\/vc_row]<\/div>","protected":false},"excerpt":{"rendered":"[vc_section full_width=&#8221;stretch_row&#8221; pix_over_visibility=&#8221;&#8221; css=&#8221;.vc_custom_1638326937582{padding-top: 50px !important;padding-bottom: 50px !important;}&#8221;][vc_row pix_particles_check=&#8221;&#8221;][vc_column][vc_empty_space height=&#8221;20px&#8221;][vc_column_text el_class=&#8221;text-just&#8221;] See how much value you can add by rapidly improving your Enterprise large scale solution and business processes with the Content Service Platform (Synergy) and low code platform in&#8230;","protected":false},"author":2,"featured_media":24102,"parent":0,"menu_order":0,"comment_status":"closed","ping_status":"closed","template":"","meta":{"inline_featured_image":false,"footnotes":""},"class_list":["post-23083","page","type-page","status-publish","has-post-thumbnail","hentry"],"yoast_head":"<!-- This site is optimized with the Yoast SEO Premium plugin v19.7 (Yoast SEO v27.4) - https:\/\/yoast.com\/product\/yoast-seo-premium-wordpress\/ -->\n<title>Green Gains - Bimser \u00c7\u00f6z\u00fcm<\/title>\n<meta name=\"robots\" content=\"index, follow, max-snippet:-1, max-image-preview:large, max-video-preview:-1\" \/>\n<link rel=\"canonical\" href=\"https:\/\/bimser.com\/en\/green-gains\/\" \/>\n<meta property=\"og:locale\" content=\"en_US\" \/>\n<meta property=\"og:type\" content=\"article\" \/>\n<meta property=\"og:title\" content=\"Green Gains\" \/>\n<meta property=\"og:description\" content=\"[vc_section full_width=&#8221;stretch_row&#8221; pix_over_visibility=&#8221;&#8221; css=&#8221;.vc_custom_1638326937582{padding-top: 50px !important;padding-bottom: 50px !important;}&#8221;][vc_row pix_particles_check=&#8221;&#8221;][vc_column][vc_empty_space height=&#8221;20px&#8221;][vc_column_text el_class=&#8221;text-just&#8221;] See how much value you can add by rapidly improving your Enterprise large scale solution and business processes with the Content Service Platform (Synergy) and low code platform in...\" \/>\n<meta property=\"og:url\" content=\"https:\/\/bimser.com\/en\/green-gains\/\" \/>\n<meta property=\"og:site_name\" content=\"Bimser \u00c7\u00f6z\u00fcm\" \/>\n<meta property=\"article:publisher\" content=\"https:\/\/www.facebook.com\/bmsercozum\/\" \/>\n<meta property=\"article:modified_time\" content=\"2023-09-22T14:11:47+00:00\" \/>\n<meta property=\"og:image\" content=\"https:\/\/bimser.com\/wp-content\/uploads\/2022\/10\/Yes\u0327il-kazanimlar.jpg\" \/>\n\t<meta property=\"og:image:width\" content=\"2000\" \/>\n\t<meta property=\"og:image:height\" content=\"1200\" \/>\n\t<meta property=\"og:image:type\" content=\"image\/jpeg\" \/>\n<meta name=\"twitter:card\" content=\"summary_large_image\" \/>\n<meta name=\"twitter:site\" content=\"@Bimser_\" \/>\n<meta name=\"twitter:label1\" content=\"Est. reading time\" \/>\n\t<meta name=\"twitter:data1\" content=\"1 minute\" \/>\n<script type=\"application\/ld+json\" class=\"yoast-schema-graph\">{\"@context\":\"https:\\\/\\\/schema.org\",\"@graph\":[{\"@type\":\"WebPage\",\"@id\":\"https:\\\/\\\/bimser.com\\\/en\\\/green-gains\\\/\",\"url\":\"https:\\\/\\\/bimser.com\\\/en\\\/green-gains\\\/\",\"name\":\"Green Gains - Bimser \u00c7\u00f6z\u00fcm\",\"isPartOf\":{\"@id\":\"https:\\\/\\\/bimser.com\\\/#website\"},\"primaryImageOfPage\":{\"@id\":\"https:\\\/\\\/bimser.com\\\/en\\\/green-gains\\\/#primaryimage\"},\"image\":{\"@id\":\"https:\\\/\\\/bimser.com\\\/en\\\/green-gains\\\/#primaryimage\"},\"thumbnailUrl\":\"https:\\\/\\\/bimser.com\\\/wp-content\\\/uploads\\\/2022\\\/10\\\/Yes\u0327il-kazanimlar.jpg\",\"datePublished\":\"2022-09-16T09:46:03+00:00\",\"dateModified\":\"2023-09-22T14:11:47+00:00\",\"breadcrumb\":{\"@id\":\"https:\\\/\\\/bimser.com\\\/en\\\/green-gains\\\/#breadcrumb\"},\"inLanguage\":\"en-US\",\"potentialAction\":[{\"@type\":\"ReadAction\",\"target\":[\"https:\\\/\\\/bimser.com\\\/en\\\/green-gains\\\/\"]}]},{\"@type\":\"ImageObject\",\"inLanguage\":\"en-US\",\"@id\":\"https:\\\/\\\/bimser.com\\\/en\\\/green-gains\\\/#primaryimage\",\"url\":\"https:\\\/\\\/bimser.com\\\/wp-content\\\/uploads\\\/2022\\\/10\\\/Yes\u0327il-kazanimlar.jpg\",\"contentUrl\":\"https:\\\/\\\/bimser.com\\\/wp-content\\\/uploads\\\/2022\\\/10\\\/Yes\u0327il-kazanimlar.jpg\",\"width\":2000,\"height\":1200,\"caption\":\"Bulut Teknolojisinde \u0130\u00e7erik Y\u00f6netim Sistemi (CSP) Ve Low Code Platformu Ile Kurumsal B\u00fcy\u00fck \u00d6l\u00e7ekli \u00c7\u00f6z\u00fcm Ve I\u015f S\u00fcre\u00e7lerinizi...\"},{\"@type\":\"BreadcrumbList\",\"@id\":\"https:\\\/\\\/bimser.com\\\/en\\\/green-gains\\\/#breadcrumb\",\"itemListElement\":[{\"@type\":\"ListItem\",\"position\":1,\"name\":\"Anasayfa\",\"item\":\"https:\\\/\\\/bimser.com\\\/\"},{\"@type\":\"ListItem\",\"position\":2,\"name\":\"Green Gains\"}]},{\"@type\":\"WebSite\",\"@id\":\"https:\\\/\\\/bimser.com\\\/#website\",\"url\":\"https:\\\/\\\/bimser.com\\\/\",\"name\":\"Bimser \u00c7\u00f6z\u00fcm\",\"description\":\"Dijital D\u00f6n\u00fc\u015f\u00fcmde Ak\u0131ll\u0131 \u00c7\u00f6z\u00fcmler ve \u00dcr\u00fcnler\",\"publisher\":{\"@id\":\"https:\\\/\\\/bimser.com\\\/#organization\"},\"potentialAction\":[{\"@type\":\"SearchAction\",\"target\":{\"@type\":\"EntryPoint\",\"urlTemplate\":\"https:\\\/\\\/bimser.com\\\/?s={search_term_string}\"},\"query-input\":{\"@type\":\"PropertyValueSpecification\",\"valueRequired\":true,\"valueName\":\"search_term_string\"}}],\"inLanguage\":\"en-US\"},{\"@type\":\"Organization\",\"@id\":\"https:\\\/\\\/bimser.com\\\/#organization\",\"name\":\"Bimser \u00c7\u00f6z\u00fcm\",\"alternateName\":\"Bimser Inc.\",\"url\":\"https:\\\/\\\/bimser.com\\\/\",\"logo\":{\"@type\":\"ImageObject\",\"inLanguage\":\"en-US\",\"@id\":\"https:\\\/\\\/bimser.com\\\/#\\\/schema\\\/logo\\\/image\\\/\",\"url\":\"https:\\\/\\\/bimser.com\\\/bimser\\\/wp-content\\\/uploads\\\/2021\\\/09\\\/Bimser-Logo-4-300x101-1.png\",\"contentUrl\":\"https:\\\/\\\/bimser.com\\\/bimser\\\/wp-content\\\/uploads\\\/2021\\\/09\\\/Bimser-Logo-4-300x101-1.png\",\"width\":300,\"height\":101,\"caption\":\"Bimser \u00c7\u00f6z\u00fcm\"},\"image\":{\"@id\":\"https:\\\/\\\/bimser.com\\\/#\\\/schema\\\/logo\\\/image\\\/\"},\"sameAs\":[\"https:\\\/\\\/www.facebook.com\\\/bmsercozum\\\/\",\"https:\\\/\\\/x.com\\\/Bimser_\",\"https:\\\/\\\/www.instagram.com\\\/bimsercozum\\\/\",\"https:\\\/\\\/www.linkedin.com\\\/company\\\/bimser-z-m\\\/mycompany\\\/\",\"https:\\\/\\\/www.youtube.com\\\/channel\\\/UCX_4PkXrhcp9Cweo5KTDCMQ\"]}]}<\/script>\n<!-- \/ Yoast SEO Premium plugin. -->","yoast_head_json":{"title":"Green Gains - Bimser \u00c7\u00f6z\u00fcm","robots":{"index":"index","follow":"follow","max-snippet":"max-snippet:-1","max-image-preview":"max-image-preview:large","max-video-preview":"max-video-preview:-1"},"canonical":"https:\/\/bimser.com\/en\/green-gains\/","og_locale":"en_US","og_type":"article","og_title":"Green Gains","og_description":"[vc_section full_width=&#8221;stretch_row&#8221; pix_over_visibility=&#8221;&#8221; css=&#8221;.vc_custom_1638326937582{padding-top: 50px !important;padding-bottom: 50px !important;}&#8221;][vc_row pix_particles_check=&#8221;&#8221;][vc_column][vc_empty_space height=&#8221;20px&#8221;][vc_column_text el_class=&#8221;text-just&#8221;] See how much value you can add by rapidly improving your Enterprise large scale solution and business processes with the Content Service Platform (Synergy) and low code platform in...","og_url":"https:\/\/bimser.com\/en\/green-gains\/","og_site_name":"Bimser \u00c7\u00f6z\u00fcm","article_publisher":"https:\/\/www.facebook.com\/bmsercozum\/","article_modified_time":"2023-09-22T14:11:47+00:00","og_image":[{"width":2000,"height":1200,"url":"https:\/\/bimser.com\/wp-content\/uploads\/2022\/10\/Yes\u0327il-kazanimlar.jpg","type":"image\/jpeg"}],"twitter_card":"summary_large_image","twitter_site":"@Bimser_","twitter_misc":{"Est. reading time":"1 minute"},"schema":{"@context":"https:\/\/schema.org","@graph":[{"@type":"WebPage","@id":"https:\/\/bimser.com\/en\/green-gains\/","url":"https:\/\/bimser.com\/en\/green-gains\/","name":"Green Gains - Bimser \u00c7\u00f6z\u00fcm","isPartOf":{"@id":"https:\/\/bimser.com\/#website"},"primaryImageOfPage":{"@id":"https:\/\/bimser.com\/en\/green-gains\/#primaryimage"},"image":{"@id":"https:\/\/bimser.com\/en\/green-gains\/#primaryimage"},"thumbnailUrl":"https:\/\/bimser.com\/wp-content\/uploads\/2022\/10\/Yes\u0327il-kazanimlar.jpg","datePublished":"2022-09-16T09:46:03+00:00","dateModified":"2023-09-22T14:11:47+00:00","breadcrumb":{"@id":"https:\/\/bimser.com\/en\/green-gains\/#breadcrumb"},"inLanguage":"en-US","potentialAction":[{"@type":"ReadAction","target":["https:\/\/bimser.com\/en\/green-gains\/"]}]},{"@type":"ImageObject","inLanguage":"en-US","@id":"https:\/\/bimser.com\/en\/green-gains\/#primaryimage","url":"https:\/\/bimser.com\/wp-content\/uploads\/2022\/10\/Yes\u0327il-kazanimlar.jpg","contentUrl":"https:\/\/bimser.com\/wp-content\/uploads\/2022\/10\/Yes\u0327il-kazanimlar.jpg","width":2000,"height":1200,"caption":"Bulut Teknolojisinde \u0130\u00e7erik Y\u00f6netim Sistemi (CSP) Ve Low Code Platformu Ile Kurumsal B\u00fcy\u00fck \u00d6l\u00e7ekli \u00c7\u00f6z\u00fcm Ve I\u015f S\u00fcre\u00e7lerinizi..."},{"@type":"BreadcrumbList","@id":"https:\/\/bimser.com\/en\/green-gains\/#breadcrumb","itemListElement":[{"@type":"ListItem","position":1,"name":"Anasayfa","item":"https:\/\/bimser.com\/"},{"@type":"ListItem","position":2,"name":"Green Gains"}]},{"@type":"WebSite","@id":"https:\/\/bimser.com\/#website","url":"https:\/\/bimser.com\/","name":"Bimser \u00c7\u00f6z\u00fcm","description":"Dijital D\u00f6n\u00fc\u015f\u00fcmde Ak\u0131ll\u0131 \u00c7\u00f6z\u00fcmler ve \u00dcr\u00fcnler","publisher":{"@id":"https:\/\/bimser.com\/#organization"},"potentialAction":[{"@type":"SearchAction","target":{"@type":"EntryPoint","urlTemplate":"https:\/\/bimser.com\/?s={search_term_string}"},"query-input":{"@type":"PropertyValueSpecification","valueRequired":true,"valueName":"search_term_string"}}],"inLanguage":"en-US"},{"@type":"Organization","@id":"https:\/\/bimser.com\/#organization","name":"Bimser \u00c7\u00f6z\u00fcm","alternateName":"Bimser Inc.","url":"https:\/\/bimser.com\/","logo":{"@type":"ImageObject","inLanguage":"en-US","@id":"https:\/\/bimser.com\/#\/schema\/logo\/image\/","url":"https:\/\/bimser.com\/bimser\/wp-content\/uploads\/2021\/09\/Bimser-Logo-4-300x101-1.png","contentUrl":"https:\/\/bimser.com\/bimser\/wp-content\/uploads\/2021\/09\/Bimser-Logo-4-300x101-1.png","width":300,"height":101,"caption":"Bimser \u00c7\u00f6z\u00fcm"},"image":{"@id":"https:\/\/bimser.com\/#\/schema\/logo\/image\/"},"sameAs":["https:\/\/www.facebook.com\/bmsercozum\/","https:\/\/x.com\/Bimser_","https:\/\/www.instagram.com\/bimsercozum\/","https:\/\/www.linkedin.com\/company\/bimser-z-m\/mycompany\/","https:\/\/www.youtube.com\/channel\/UCX_4PkXrhcp9Cweo5KTDCMQ"]}]}},"_links":{"self":[{"href":"https:\/\/bimser.com\/en\/wp-json\/wp\/v2\/pages\/23083","targetHints":{"allow":["GET"]}}],"collection":[{"href":"https:\/\/bimser.com\/en\/wp-json\/wp\/v2\/pages"}],"about":[{"href":"https:\/\/bimser.com\/en\/wp-json\/wp\/v2\/types\/page"}],"author":[{"embeddable":true,"href":"https:\/\/bimser.com\/en\/wp-json\/wp\/v2\/users\/2"}],"replies":[{"embeddable":true,"href":"https:\/\/bimser.com\/en\/wp-json\/wp\/v2\/comments?post=23083"}],"version-history":[{"count":11,"href":"https:\/\/bimser.com\/en\/wp-json\/wp\/v2\/pages\/23083\/revisions"}],"predecessor-version":[{"id":25317,"href":"https:\/\/bimser.com\/en\/wp-json\/wp\/v2\/pages\/23083\/revisions\/25317"}],"wp:featuredmedia":[{"embeddable":true,"href":"https:\/\/bimser.com\/en\/wp-json\/wp\/v2\/media\/24102"}],"wp:attachment":[{"href":"https:\/\/bimser.com\/en\/wp-json\/wp\/v2\/media?parent=23083"}],"curies":[{"name":"wp","href":"https:\/\/api.w.org\/{rel}","templated":true}]}}