{"id":25047,"date":"2022-12-02T14:14:48","date_gmt":"2022-12-02T11:14:48","guid":{"rendered":"https:\/\/bimser.com\/dunyada-bimser\/"},"modified":"2023-07-24T13:40:55","modified_gmt":"2023-07-24T10:40:55","slug":"bimser-in-the-world","status":"publish","type":"page","link":"https:\/\/bimser.com\/en\/bimser-in-the-world\/","title":{"rendered":"Bimser In The World"},"content":{"rendered":"<div class=\"wpb-content-wrapper\">[vc_row full_width=&#8221;stretch_row_content_no_spaces&#8221; pix_particles_check=&#8221;&#8221;][vc_column][vc_column_text]<div class='sim-main-content ' role='main' id='mainContent'>\n\t\t\t\t\t\t<div id='super-inter-active-map-block'>\n\t\t\t\t\t\t\t<div class='sim_maps_blcok' >\n                                 <div id='sim_interactive_map2' class='sim_map_area'><\/div>\n\t\t\t\t\t\t\t<\/div>\n\t\t\t\t\t\t<\/div>\n\t\t\t\t\t<\/div><style>\n#sim_interactive_map2 { margin-left: 0%; }#sim_interactive_map2 path:hover { fill: #343650 !important;}<\/style><style>#super-inter-active-map-block path{ stroke-width: 1px}#super-inter-active-map-block path:hover {\n\t\t\tstroke-width: 1px !important;\n\t\t}<\/style>[\/vc_column_text][\/vc_column][\/vc_row][vc_section full_width=&#8221;stretch_row&#8221; pix_over_visibility=&#8221;&#8221; css=&#8221;.vc_custom_1638326937582{padding-top: 50px !important;padding-bottom: 50px !important;}&#8221;][vc_row pix_particles_check=&#8221;&#8221;][vc_column]<div class=\"pix-content-box card      vc_custom_1670019035441    rounded-10 shadow-sm shadow-hover fly-sm bg- w-100  \"   ><div class=\"\" style=\"z-index:30;position:relative;\"><div class=\"clients row   vc_custom_1670019095042\"><div class=\"d-none d-md-block clearfix w-100 col-12\"><\/div><div class=\"col-md col-12 -6 fly-sm text-center client2 d-inline-block2 d-inline-flex client\"><div class=\"py-3 d-inline-block align-self-center w-100\" title=\"\"><img loading=\"lazy\" decoding=\"async\" src=\"https:\/\/bimser.com\/wp-content\/uploads\/2022\/12\/Burger_King_logo.svg.png\" srcset=\"https:\/\/bimser.com\/wp-content\/uploads\/2022\/12\/Burger_King_logo.svg.png 150w, https:\/\/bimser.com\/wp-content\/uploads\/2022\/12\/Burger_King_logo.svg-75x75.png 75w\" sizes=\"auto, (max-width: 150px) 100vw, 150px\" width=\"150\" height=\"150\" class=\"animate-in\" alt=\"\" data-anim-type=\"fade-in-up\" data-anim-delay=\"300\"><\/div><\/div><div class=\"col-md col-12 -6 fly-sm text-center client2 d-inline-block2 d-inline-flex client\"><div class=\"py-3 d-inline-block align-self-center w-100\" title=\"\"><img loading=\"lazy\" decoding=\"async\" src=\"https:\/\/bimser.com\/wp-content\/uploads\/2022\/12\/Nissan_logo.png\" srcset=\"https:\/\/bimser.com\/wp-content\/uploads\/2022\/12\/Nissan_logo.png 150w, https:\/\/bimser.com\/wp-content\/uploads\/2022\/12\/Nissan_logo-75x75.png 75w\" sizes=\"auto, (max-width: 150px) 100vw, 150px\" width=\"150\" height=\"150\" class=\"animate-in\" alt=\"\" data-anim-type=\"fade-in-up\" data-anim-delay=\"300\"><\/div><\/div><div class=\"col-md col-12 -6 fly-sm text-center client2 d-inline-block2 d-inline-flex client\"><div class=\"py-3 d-inline-block align-self-center w-100\" title=\"\"><img loading=\"lazy\" decoding=\"async\" src=\"https:\/\/bimser.com\/wp-content\/uploads\/2022\/12\/1280px-Henkel-Logo.svg.png\" srcset=\"https:\/\/bimser.com\/wp-content\/uploads\/2022\/12\/1280px-Henkel-Logo.svg.png 150w, https:\/\/bimser.com\/wp-content\/uploads\/2022\/12\/1280px-Henkel-Logo.svg-75x75.png 75w\" sizes=\"auto, (max-width: 150px) 100vw, 150px\" width=\"150\" height=\"150\" class=\"animate-in\" alt=\"\" data-anim-type=\"fade-in-up\" data-anim-delay=\"300\"><\/div><\/div><div class=\"col-md col-12 -6 fly-sm text-center client2 d-inline-block2 d-inline-flex client\"><div class=\"py-3 d-inline-block align-self-center w-100\" title=\"\"><img loading=\"lazy\" decoding=\"async\" src=\"https:\/\/bimser.com\/wp-content\/uploads\/2022\/12\/Little-Caesars-Logo.png\" srcset=\"https:\/\/bimser.com\/wp-content\/uploads\/2022\/12\/Little-Caesars-Logo.png 150w, https:\/\/bimser.com\/wp-content\/uploads\/2022\/12\/Little-Caesars-Logo-75x75.png 75w\" sizes=\"auto, (max-width: 150px) 100vw, 150px\" width=\"150\" height=\"150\" class=\"animate-in\" alt=\"\" data-anim-type=\"fade-in-up\" data-anim-delay=\"300\"><\/div><\/div><div class=\"col-md col-12 -6 fly-sm text-center client2 d-inline-block2 d-inline-flex client\"><div class=\"py-3 d-inline-block align-self-center w-100\" title=\"\"><img loading=\"lazy\" decoding=\"async\" src=\"https:\/\/bimser.com\/wp-content\/uploads\/2022\/12\/Starbucks-Logo-HD.png\" srcset=\"https:\/\/bimser.com\/wp-content\/uploads\/2022\/12\/Starbucks-Logo-HD.png 150w, https:\/\/bimser.com\/wp-content\/uploads\/2022\/12\/Starbucks-Logo-HD-75x75.png 75w\" sizes=\"auto, (max-width: 150px) 100vw, 150px\" width=\"150\" height=\"150\" class=\"animate-in\" alt=\"\" data-anim-type=\"fade-in-up\" data-anim-delay=\"300\"><\/div><\/div><div class=\"col-md col-12 -6 fly-sm text-center client2 d-inline-block2 d-inline-flex client\"><div class=\"py-3 d-inline-block align-self-center w-100\" title=\"\"><img loading=\"lazy\" decoding=\"async\" src=\"https:\/\/bimser.com\/wp-content\/uploads\/2022\/12\/Socar_logo.png\" srcset=\"https:\/\/bimser.com\/wp-content\/uploads\/2022\/12\/Socar_logo.png 150w, https:\/\/bimser.com\/wp-content\/uploads\/2022\/12\/Socar_logo-75x75.png 75w\" sizes=\"auto, (max-width: 150px) 100vw, 150px\" width=\"150\" height=\"150\" class=\"animate-in\" alt=\"\" data-anim-type=\"fade-in-up\" data-anim-delay=\"300\"><\/div><\/div><\/div>\n<\/div><\/div>[\/vc_column][\/vc_row][\/vc_section][vc_section full_width=&#8221;stretch_row&#8221; pix_over_visibility=&#8221;&#8221; top_divider_select=&#8221;dynamic&#8221; top_moving_divider_color=&#8221;%5B%7B%22d_gradient%22%3A%221%22%2C%22d_color_1%22%3A%22%235d5d6c%22%2C%22d_color_2%22%3A%22%231a1a6b%22%7D%2C%7B%22d_gradient%22%3A%221%22%2C%22d_color_1%22%3A%22%231e73be%22%2C%22d_color_2%22%3A%22%2310007f%22%7D%2C%7B%22d_gradient%22%3A%221%22%2C%22d_color_1%22%3A%22%23dd3333%22%2C%22d_color_2%22%3A%22%23dd9933%22%7D%2C%7B%22d_gradient%22%3A%22%22%2C%22d_color_1%22%3A%22%23f8f9fa%22%2C%22d_color_2%22%3A%22%23f8f9fa%22%7D%5D&#8221; t_divider_in_front=&#8221;true&#8221; t_flip_h=&#8221;true&#8221; el_class=&#8221;bimser-global&#8221;][vc_row full_width=&#8221;stretch_row&#8221; pix_particles_check=&#8221;&#8221; css=&#8221;.vc_custom_1670018173281{margin-top: 30px !important;background-color: #ffffff !important;}&#8221;][vc_column css=&#8221;.vc_custom_1670018182189{margin-top: 120px !important;}&#8221;]<div id=\"el1637095266240-70d6fd71-0add\" class=\"pix-highlighted-element text-center \"><h3 class=\"pix-highlighted-items \" style=\"\" data-anim-type=\"\" data-anim-delay=\"0\"><span id=\"el1637095266240-70d6fd71-0add-0\" class=\"pix-highlight-bg  animate-in\" data-anim-type=\"highlight-grow\" data-anim-delay=\"200\"><span   class=\"pix-highlighted-text d-inline-block pix-highlight-item font-weight-normal  font-weight-bold heading-font text-heading-default\">Bimser&nbsp;<\/span><span   class=\"pix-highlighted-text d-inline-block pix-highlight-item font-weight-normal  font-weight-bold heading-font text-heading-default\"><\/span><\/span><span id=\"el1637095266240-70d6fd71-0add-1\"  class=\"\"><span   class=\"pix-highlighted-text d-inline-block  pix-highlight-item font-weight-normal  font-weight-bold heading-font text-heading-default\">in&nbsp;<\/span><span   class=\"pix-highlighted-text d-inline-block  pix-highlight-item font-weight-normal  font-weight-bold heading-font text-heading-default\">Numbers<\/span><\/span><\/h3><\/div>[vc_empty_space height=&#8221;40px&#8221;][vc_row_inner][vc_column_inner width=&#8221;1\/4&#8243;]<div class=\"pix_numbers animate-math \"><div><h1 class=\"align-self-center text-center display-1\"><span class=\"number-title font-weight-bold text-body-default\" style=\"\"><\/span><span class=\"number-title number font-weight-bold text-body-default\" style=\"\" data-duration=\"2000\" data-to=\"79\">0<\/span><span class=\"number-title font-weight-bold text-body-default\" style=\"\">+<\/span><\/h1><\/div><div class=\"w-100 text-center\"><h3 class=\"number-content mt-0 text-red secondary-font\" style=\"\">Activity in the Country<\/h3><\/div><\/div>\n[\/vc_column_inner][vc_column_inner width=&#8221;1\/4&#8243;]<div class=\"pix_numbers animate-math \"><div><h1 class=\"align-self-center text-center display-2\"><span class=\"number-title font-weight-bold text-body-default\" style=\"\"><\/span><span class=\"number-title number font-weight-bold text-body-default\" style=\"\" data-duration=\"2000\" data-to=\"1\">0<\/span><span class=\"number-title font-weight-bold text-body-default\" style=\"\">M+<\/span><\/h1><\/div><div class=\"w-100 text-center\"><h3 class=\"number-content mt-0 text-purple secondary-font\" style=\"\">Licensed User<\/h3><\/div><\/div>\n[\/vc_column_inner][vc_column_inner width=&#8221;1\/4&#8243;]<div class=\"pix_numbers animate-math \"><div><h1 class=\"align-self-center text-center display-3\"><span class=\"number-title font-weight-bold text-gradient-primary text-gradient-primary-initial\" style=\"\"><\/span><span class=\"number-title number font-weight-bold text-gradient-primary text-gradient-primary-initial\" style=\"\" data-duration=\"2000\" data-to=\"60\">0<\/span><span class=\"number-title font-weight-bold text-gradient-primary text-gradient-primary-initial\" style=\"\">+<\/span><\/h1><\/div><div class=\"w-100 text-center\"><h3 class=\"number-content mt-0 text-blue secondary-font\" style=\"\">Solution Partner<\/h3><\/div><\/div>\n[\/vc_column_inner][vc_column_inner width=&#8221;1\/4&#8243;]<div class=\"pix_numbers animate-math \"><div><h1 class=\"align-self-center text-center display-4\"><span class=\"number-title font-weight-bold text-gradient-primary text-gradient-primary-initial\" style=\"\"><\/span><span class=\"number-title number font-weight-bold text-gradient-primary text-gradient-primary-initial\" style=\"\" data-duration=\"2000\" data-to=\"225\">0<\/span><span class=\"number-title font-weight-bold text-gradient-primary text-gradient-primary-initial\" style=\"\"><\/span><\/h1><\/div><div class=\"w-100 text-center\"><h3 class=\"number-content mt-0 text-green secondary-font\" style=\"\">Worker<\/h3><\/div><\/div>\n[\/vc_column_inner][\/vc_row_inner][vc_empty_space height=&#8221;60px&#8221;]<div id=\"el1637096029056-3e4ad75c-7a4b\" class=\"pix-highlighted-element text-left \"><div class=\"pix-highlighted-items \" style=\"font-size:16px;\" data-anim-type=\"\" data-anim-delay=\"0\"><span id=\"el1637096029056-3e4ad75c-7a4b-0\" class=\"pix-highlight-bg  animate-in\" data-anim-type=\"highlight-grow\" data-anim-delay=\"200\"><span   class=\"pix-highlighted-text d-inline-block pix-highlight-item font-weight-normal  font-weight-bold heading-font text-heading-default\">Bimser<\/span><\/span><span id=\"el1637096029056-3e4ad75c-7a4b-1\"  class=\"\"><span   class=\"pix-highlighted-text d-inline-block  pix-highlight-item font-weight-normal  font-weight-bold heading-font text-heading-default\">In&nbsp;<\/span><span   class=\"pix-highlighted-text d-inline-block  pix-highlight-item font-weight-normal  font-weight-bold heading-font text-heading-default\">The&nbsp;<\/span><span   class=\"pix-highlighted-text d-inline-block  pix-highlight-item font-weight-normal  font-weight-bold heading-font text-heading-default\">World<\/span><\/span><\/div><\/div>[vc_empty_space height=&#8221;25px&#8221;][vc_row_inner][vc_column_inner width=&#8221;1\/6&#8243;][vc_wp_text]Germany\r\nUnited States of America\r\nAustria\r\nAzerbaijan\r\nBahrain\r\nBelgium\r\nUnited Arab Emirates\r\nUnited Kingdom\r\nBosnia and Herzegovina\r\nBrazil\r\nBritish Virgin Islands\r\nBulgaria\r\nAlgeria[\/vc_wp_text][\/vc_column_inner][vc_column_inner width=&#8221;1\/6&#8243;][vc_wp_text]Czech Republic\r\nChinese\r\nDenmark\r\nIndonesia\r\nEstonia\r\nEthiopia\r\nPhilippines\r\nFinland\r\nFrance\r\nGhana\r\nSouth Africa\r\nGeorgia\r\nCroatia[\/vc_wp_text][\/vc_column_inner][vc_column_inner width=&#8221;1\/6&#8243;][vc_wp_text]India\r\nHolland\r\nHong Kong\r\nIraq\r\nIranian\r\nIreland\r\nSpain\r\nIsrael\r\nSweden\r\nSwitzerland\r\nItaly\r\nJapan\r\nCanada[\/vc_wp_text][\/vc_column_inner][vc_column_inner width=&#8221;1\/6&#8243;][vc_wp_text]Qatar\r\nKazakhistan\r\nKenya\r\nCyprus\r\nKyrgyz Republic\r\nTRNC\r\nColombia\r\nKuwait\r\nNorthern Cyprus Republic of Turkey\r\nLatvia\r\nLithuania\r\nLebanon\r\nLuxembourg[\/vc_wp_text][\/vc_column_inner][vc_column_inner width=&#8221;1\/6&#8243;][vc_wp_text]Hungary\r\nMalaysia\r\nMexican\r\nEgypt\r\nNorway\r\nUzbekistan\r\nPakistan\r\nPoland\r\nPortugal\r\nRomania\r\nRussia\r\nSerbia\r\nSingapore[\/vc_wp_text][\/vc_column_inner][vc_column_inner width=&#8221;1\/6&#8243;][vc_wp_text]Slovakia\r\nSlovenia\r\nSudan\r\nSaudi Arabia\r\nThailand\r\nTaiwan\r\nTunisia\r\nTurkey\r\nTurkmenistan\r\nUkraine\r\nOman\r\nJordan\r\nGreece\r\nZambia[\/vc_wp_text][\/vc_column_inner][\/vc_row_inner][vc_empty_space height=&#8221;40px&#8221;][\/vc_column][\/vc_row][\/vc_section]<\/div>","protected":false},"excerpt":{"rendered":"[vc_row full_width=&#8221;stretch_row_content_no_spaces&#8221; pix_particles_check=&#8221;&#8221;][vc_column][vc_column_text] [\/vc_column_text][\/vc_column][\/vc_row][vc_section full_width=&#8221;stretch_row&#8221; pix_over_visibility=&#8221;&#8221; css=&#8221;.vc_custom_1638326937582{padding-top: 50px !important;padding-bottom: 50px !important;}&#8221;][vc_row pix_particles_check=&#8221;&#8221;][vc_column][\/vc_column][\/vc_row][\/vc_section][vc_section full_width=&#8221;stretch_row&#8221; pix_over_visibility=&#8221;&#8221; top_divider_select=&#8221;dynamic&#8221; top_moving_divider_color=&#8221;%5B%7B%22d_gradient%22%3A%221%22%2C%22d_color_1%22%3A%22%235d5d6c%22%2C%22d_color_2%22%3A%22%231a1a6b%22%7D%2C%7B%22d_gradient%22%3A%221%22%2C%22d_color_1%22%3A%22%231e73be%22%2C%22d_color_2%22%3A%22%2310007f%22%7D%2C%7B%22d_gradient%22%3A%221%22%2C%22d_color_1%22%3A%22%23dd3333%22%2C%22d_color_2%22%3A%22%23dd9933%22%7D%2C%7B%22d_gradient%22%3A%22%22%2C%22d_color_1%22%3A%22%23f8f9fa%22%2C%22d_color_2%22%3A%22%23f8f9fa%22%7D%5D&#8221; t_divider_in_front=&#8221;true&#8221; t_flip_h=&#8221;true&#8221; el_class=&#8221;bimser-global&#8221;][vc_row full_width=&#8221;stretch_row&#8221; pix_particles_check=&#8221;&#8221; css=&#8221;.vc_custom_1670018173281{margin-top: 30px !important;background-color: #ffffff !important;}&#8221;][vc_column css=&#8221;.vc_custom_1670018182189{margin-top: 120px !important;}&#8221;][vc_empty_space height=&#8221;40px&#8221;][vc_row_inner][vc_column_inner width=&#8221;1\/4&#8243;][\/vc_column_inner][vc_column_inner width=&#8221;1\/4&#8243;][\/vc_column_inner][vc_column_inner width=&#8221;1\/4&#8243;][\/vc_column_inner][vc_column_inner width=&#8221;1\/4&#8243;][\/vc_column_inner][\/vc_row_inner][vc_empty_space height=&#8221;60px&#8221;][vc_empty_space height=&#8221;25px&#8221;][vc_row_inner][vc_column_inner width=&#8221;1\/6&#8243;][vc_wp_text]Germany United States of&#8230;","protected":false},"author":2,"featured_media":0,"parent":0,"menu_order":0,"comment_status":"closed","ping_status":"closed","template":"","meta":{"inline_featured_image":false,"footnotes":""},"class_list":["post-25047","page","type-page","status-publish","hentry"],"yoast_head":"<!-- This site is optimized with the Yoast SEO Premium plugin v19.7 (Yoast SEO v27.4) - https:\/\/yoast.com\/product\/yoast-seo-premium-wordpress\/ -->\n<title>Bimser In The World - Bimser \u00c7\u00f6z\u00fcm<\/title>\n<meta name=\"robots\" content=\"index, follow, max-snippet:-1, max-image-preview:large, max-video-preview:-1\" \/>\n<link rel=\"canonical\" href=\"https:\/\/bimser.com\/en\/bimser-in-the-world\/\" \/>\n<meta property=\"og:locale\" content=\"en_US\" \/>\n<meta property=\"og:type\" content=\"article\" \/>\n<meta property=\"og:title\" content=\"Bimser In The World\" \/>\n<meta property=\"og:description\" content=\"[vc_row full_width=&#8221;stretch_row_content_no_spaces&#8221; pix_particles_check=&#8221;&#8221;][vc_column][vc_column_text] [\/vc_column_text][\/vc_column][\/vc_row][vc_section full_width=&#8221;stretch_row&#8221; pix_over_visibility=&#8221;&#8221; css=&#8221;.vc_custom_1638326937582{padding-top: 50px !important;padding-bottom: 50px !important;}&#8221;][vc_row pix_particles_check=&#8221;&#8221;][vc_column][\/vc_column][\/vc_row][\/vc_section][vc_section full_width=&#8221;stretch_row&#8221; pix_over_visibility=&#8221;&#8221; top_divider_select=&#8221;dynamic&#8221; top_moving_divider_color=&#8221;%5B%7B%22d_gradient%22%3A%221%22%2C%22d_color_1%22%3A%22%235d5d6c%22%2C%22d_color_2%22%3A%22%231a1a6b%22%7D%2C%7B%22d_gradient%22%3A%221%22%2C%22d_color_1%22%3A%22%231e73be%22%2C%22d_color_2%22%3A%22%2310007f%22%7D%2C%7B%22d_gradient%22%3A%221%22%2C%22d_color_1%22%3A%22%23dd3333%22%2C%22d_color_2%22%3A%22%23dd9933%22%7D%2C%7B%22d_gradient%22%3A%22%22%2C%22d_color_1%22%3A%22%23f8f9fa%22%2C%22d_color_2%22%3A%22%23f8f9fa%22%7D%5D&#8221; t_divider_in_front=&#8221;true&#8221; t_flip_h=&#8221;true&#8221; el_class=&#8221;bimser-global&#8221;][vc_row full_width=&#8221;stretch_row&#8221; pix_particles_check=&#8221;&#8221; css=&#8221;.vc_custom_1670018173281{margin-top: 30px !important;background-color: #ffffff !important;}&#8221;][vc_column css=&#8221;.vc_custom_1670018182189{margin-top: 120px !important;}&#8221;][vc_empty_space height=&#8221;40px&#8221;][vc_row_inner][vc_column_inner width=&#8221;1\/4&#8243;][\/vc_column_inner][vc_column_inner width=&#8221;1\/4&#8243;][\/vc_column_inner][vc_column_inner width=&#8221;1\/4&#8243;][\/vc_column_inner][vc_column_inner width=&#8221;1\/4&#8243;][\/vc_column_inner][\/vc_row_inner][vc_empty_space height=&#8221;60px&#8221;][vc_empty_space height=&#8221;25px&#8221;][vc_row_inner][vc_column_inner width=&#8221;1\/6&#8243;][vc_wp_text]Germany United States of...\" \/>\n<meta property=\"og:url\" content=\"https:\/\/bimser.com\/en\/bimser-in-the-world\/\" \/>\n<meta property=\"og:site_name\" content=\"Bimser \u00c7\u00f6z\u00fcm\" \/>\n<meta property=\"article:publisher\" content=\"https:\/\/www.facebook.com\/bmsercozum\/\" \/>\n<meta property=\"article:modified_time\" content=\"2023-07-24T10:40:55+00:00\" \/>\n<meta name=\"twitter:card\" content=\"summary_large_image\" \/>\n<meta name=\"twitter:site\" content=\"@Bimser_\" \/>\n<meta name=\"twitter:label1\" content=\"Est. reading time\" \/>\n\t<meta name=\"twitter:data1\" content=\"2 minutes\" \/>\n<script type=\"application\/ld+json\" class=\"yoast-schema-graph\">{\"@context\":\"https:\\\/\\\/schema.org\",\"@graph\":[{\"@type\":\"WebPage\",\"@id\":\"https:\\\/\\\/bimser.com\\\/en\\\/bimser-in-the-world\\\/\",\"url\":\"https:\\\/\\\/bimser.com\\\/en\\\/bimser-in-the-world\\\/\",\"name\":\"Bimser In The World - Bimser \u00c7\u00f6z\u00fcm\",\"isPartOf\":{\"@id\":\"https:\\\/\\\/bimser.com\\\/#website\"},\"datePublished\":\"2022-12-02T11:14:48+00:00\",\"dateModified\":\"2023-07-24T10:40:55+00:00\",\"breadcrumb\":{\"@id\":\"https:\\\/\\\/bimser.com\\\/en\\\/bimser-in-the-world\\\/#breadcrumb\"},\"inLanguage\":\"en-US\",\"potentialAction\":[{\"@type\":\"ReadAction\",\"target\":[\"https:\\\/\\\/bimser.com\\\/en\\\/bimser-in-the-world\\\/\"]}]},{\"@type\":\"BreadcrumbList\",\"@id\":\"https:\\\/\\\/bimser.com\\\/en\\\/bimser-in-the-world\\\/#breadcrumb\",\"itemListElement\":[{\"@type\":\"ListItem\",\"position\":1,\"name\":\"Anasayfa\",\"item\":\"https:\\\/\\\/bimser.com\\\/\"},{\"@type\":\"ListItem\",\"position\":2,\"name\":\"Bimser In The World\"}]},{\"@type\":\"WebSite\",\"@id\":\"https:\\\/\\\/bimser.com\\\/#website\",\"url\":\"https:\\\/\\\/bimser.com\\\/\",\"name\":\"Bimser \u00c7\u00f6z\u00fcm\",\"description\":\"Dijital D\u00f6n\u00fc\u015f\u00fcmde Ak\u0131ll\u0131 \u00c7\u00f6z\u00fcmler ve \u00dcr\u00fcnler\",\"publisher\":{\"@id\":\"https:\\\/\\\/bimser.com\\\/#organization\"},\"potentialAction\":[{\"@type\":\"SearchAction\",\"target\":{\"@type\":\"EntryPoint\",\"urlTemplate\":\"https:\\\/\\\/bimser.com\\\/?s={search_term_string}\"},\"query-input\":{\"@type\":\"PropertyValueSpecification\",\"valueRequired\":true,\"valueName\":\"search_term_string\"}}],\"inLanguage\":\"en-US\"},{\"@type\":\"Organization\",\"@id\":\"https:\\\/\\\/bimser.com\\\/#organization\",\"name\":\"Bimser \u00c7\u00f6z\u00fcm\",\"alternateName\":\"Bimser Inc.\",\"url\":\"https:\\\/\\\/bimser.com\\\/\",\"logo\":{\"@type\":\"ImageObject\",\"inLanguage\":\"en-US\",\"@id\":\"https:\\\/\\\/bimser.com\\\/#\\\/schema\\\/logo\\\/image\\\/\",\"url\":\"https:\\\/\\\/bimser.com\\\/bimser\\\/wp-content\\\/uploads\\\/2021\\\/09\\\/Bimser-Logo-4-300x101-1.png\",\"contentUrl\":\"https:\\\/\\\/bimser.com\\\/bimser\\\/wp-content\\\/uploads\\\/2021\\\/09\\\/Bimser-Logo-4-300x101-1.png\",\"width\":300,\"height\":101,\"caption\":\"Bimser \u00c7\u00f6z\u00fcm\"},\"image\":{\"@id\":\"https:\\\/\\\/bimser.com\\\/#\\\/schema\\\/logo\\\/image\\\/\"},\"sameAs\":[\"https:\\\/\\\/www.facebook.com\\\/bmsercozum\\\/\",\"https:\\\/\\\/x.com\\\/Bimser_\",\"https:\\\/\\\/www.instagram.com\\\/bimsercozum\\\/\",\"https:\\\/\\\/www.linkedin.com\\\/company\\\/bimser-z-m\\\/mycompany\\\/\",\"https:\\\/\\\/www.youtube.com\\\/channel\\\/UCX_4PkXrhcp9Cweo5KTDCMQ\"]}]}<\/script>\n<!-- \/ Yoast SEO Premium plugin. -->","yoast_head_json":{"title":"Bimser In The World - Bimser \u00c7\u00f6z\u00fcm","robots":{"index":"index","follow":"follow","max-snippet":"max-snippet:-1","max-image-preview":"max-image-preview:large","max-video-preview":"max-video-preview:-1"},"canonical":"https:\/\/bimser.com\/en\/bimser-in-the-world\/","og_locale":"en_US","og_type":"article","og_title":"Bimser In The World","og_description":"[vc_row full_width=&#8221;stretch_row_content_no_spaces&#8221; pix_particles_check=&#8221;&#8221;][vc_column][vc_column_text] [\/vc_column_text][\/vc_column][\/vc_row][vc_section full_width=&#8221;stretch_row&#8221; pix_over_visibility=&#8221;&#8221; css=&#8221;.vc_custom_1638326937582{padding-top: 50px !important;padding-bottom: 50px !important;}&#8221;][vc_row pix_particles_check=&#8221;&#8221;][vc_column][\/vc_column][\/vc_row][\/vc_section][vc_section full_width=&#8221;stretch_row&#8221; pix_over_visibility=&#8221;&#8221; top_divider_select=&#8221;dynamic&#8221; top_moving_divider_color=&#8221;%5B%7B%22d_gradient%22%3A%221%22%2C%22d_color_1%22%3A%22%235d5d6c%22%2C%22d_color_2%22%3A%22%231a1a6b%22%7D%2C%7B%22d_gradient%22%3A%221%22%2C%22d_color_1%22%3A%22%231e73be%22%2C%22d_color_2%22%3A%22%2310007f%22%7D%2C%7B%22d_gradient%22%3A%221%22%2C%22d_color_1%22%3A%22%23dd3333%22%2C%22d_color_2%22%3A%22%23dd9933%22%7D%2C%7B%22d_gradient%22%3A%22%22%2C%22d_color_1%22%3A%22%23f8f9fa%22%2C%22d_color_2%22%3A%22%23f8f9fa%22%7D%5D&#8221; t_divider_in_front=&#8221;true&#8221; t_flip_h=&#8221;true&#8221; el_class=&#8221;bimser-global&#8221;][vc_row full_width=&#8221;stretch_row&#8221; pix_particles_check=&#8221;&#8221; css=&#8221;.vc_custom_1670018173281{margin-top: 30px !important;background-color: #ffffff !important;}&#8221;][vc_column css=&#8221;.vc_custom_1670018182189{margin-top: 120px !important;}&#8221;][vc_empty_space height=&#8221;40px&#8221;][vc_row_inner][vc_column_inner width=&#8221;1\/4&#8243;][\/vc_column_inner][vc_column_inner width=&#8221;1\/4&#8243;][\/vc_column_inner][vc_column_inner width=&#8221;1\/4&#8243;][\/vc_column_inner][vc_column_inner width=&#8221;1\/4&#8243;][\/vc_column_inner][\/vc_row_inner][vc_empty_space height=&#8221;60px&#8221;][vc_empty_space height=&#8221;25px&#8221;][vc_row_inner][vc_column_inner width=&#8221;1\/6&#8243;][vc_wp_text]Germany United States of...","og_url":"https:\/\/bimser.com\/en\/bimser-in-the-world\/","og_site_name":"Bimser \u00c7\u00f6z\u00fcm","article_publisher":"https:\/\/www.facebook.com\/bmsercozum\/","article_modified_time":"2023-07-24T10:40:55+00:00","twitter_card":"summary_large_image","twitter_site":"@Bimser_","twitter_misc":{"Est. reading time":"2 minutes"},"schema":{"@context":"https:\/\/schema.org","@graph":[{"@type":"WebPage","@id":"https:\/\/bimser.com\/en\/bimser-in-the-world\/","url":"https:\/\/bimser.com\/en\/bimser-in-the-world\/","name":"Bimser In The World - Bimser \u00c7\u00f6z\u00fcm","isPartOf":{"@id":"https:\/\/bimser.com\/#website"},"datePublished":"2022-12-02T11:14:48+00:00","dateModified":"2023-07-24T10:40:55+00:00","breadcrumb":{"@id":"https:\/\/bimser.com\/en\/bimser-in-the-world\/#breadcrumb"},"inLanguage":"en-US","potentialAction":[{"@type":"ReadAction","target":["https:\/\/bimser.com\/en\/bimser-in-the-world\/"]}]},{"@type":"BreadcrumbList","@id":"https:\/\/bimser.com\/en\/bimser-in-the-world\/#breadcrumb","itemListElement":[{"@type":"ListItem","position":1,"name":"Anasayfa","item":"https:\/\/bimser.com\/"},{"@type":"ListItem","position":2,"name":"Bimser In The World"}]},{"@type":"WebSite","@id":"https:\/\/bimser.com\/#website","url":"https:\/\/bimser.com\/","name":"Bimser \u00c7\u00f6z\u00fcm","description":"Dijital D\u00f6n\u00fc\u015f\u00fcmde Ak\u0131ll\u0131 \u00c7\u00f6z\u00fcmler ve \u00dcr\u00fcnler","publisher":{"@id":"https:\/\/bimser.com\/#organization"},"potentialAction":[{"@type":"SearchAction","target":{"@type":"EntryPoint","urlTemplate":"https:\/\/bimser.com\/?s={search_term_string}"},"query-input":{"@type":"PropertyValueSpecification","valueRequired":true,"valueName":"search_term_string"}}],"inLanguage":"en-US"},{"@type":"Organization","@id":"https:\/\/bimser.com\/#organization","name":"Bimser \u00c7\u00f6z\u00fcm","alternateName":"Bimser Inc.","url":"https:\/\/bimser.com\/","logo":{"@type":"ImageObject","inLanguage":"en-US","@id":"https:\/\/bimser.com\/#\/schema\/logo\/image\/","url":"https:\/\/bimser.com\/bimser\/wp-content\/uploads\/2021\/09\/Bimser-Logo-4-300x101-1.png","contentUrl":"https:\/\/bimser.com\/bimser\/wp-content\/uploads\/2021\/09\/Bimser-Logo-4-300x101-1.png","width":300,"height":101,"caption":"Bimser \u00c7\u00f6z\u00fcm"},"image":{"@id":"https:\/\/bimser.com\/#\/schema\/logo\/image\/"},"sameAs":["https:\/\/www.facebook.com\/bmsercozum\/","https:\/\/x.com\/Bimser_","https:\/\/www.instagram.com\/bimsercozum\/","https:\/\/www.linkedin.com\/company\/bimser-z-m\/mycompany\/","https:\/\/www.youtube.com\/channel\/UCX_4PkXrhcp9Cweo5KTDCMQ"]}]}},"_links":{"self":[{"href":"https:\/\/bimser.com\/en\/wp-json\/wp\/v2\/pages\/25047","targetHints":{"allow":["GET"]}}],"collection":[{"href":"https:\/\/bimser.com\/en\/wp-json\/wp\/v2\/pages"}],"about":[{"href":"https:\/\/bimser.com\/en\/wp-json\/wp\/v2\/types\/page"}],"author":[{"embeddable":true,"href":"https:\/\/bimser.com\/en\/wp-json\/wp\/v2\/users\/2"}],"replies":[{"embeddable":true,"href":"https:\/\/bimser.com\/en\/wp-json\/wp\/v2\/comments?post=25047"}],"version-history":[{"count":4,"href":"https:\/\/bimser.com\/en\/wp-json\/wp\/v2\/pages\/25047\/revisions"}],"predecessor-version":[{"id":25051,"href":"https:\/\/bimser.com\/en\/wp-json\/wp\/v2\/pages\/25047\/revisions\/25051"}],"wp:attachment":[{"href":"https:\/\/bimser.com\/en\/wp-json\/wp\/v2\/media?parent=25047"}],"curies":[{"name":"wp","href":"https:\/\/api.w.org\/{rel}","templated":true}]}}