{"id":30460,"date":"2026-03-09T03:40:30","date_gmt":"2026-03-09T00:40:30","guid":{"rendered":"https:\/\/bimser.com\/?page_id=30460"},"modified":"2026-03-11T19:31:50","modified_gmt":"2026-03-11T16:31:50","slug":"synergy-ai-apps","status":"publish","type":"page","link":"https:\/\/bimser.com\/en\/synergy-ai-apps\/","title":{"rendered":"Synergy AI Apps"},"content":{"rendered":"","protected":false},"excerpt":{"rendered":"","protected":false},"author":2,"featured_media":27647,"parent":0,"menu_order":0,"comment_status":"closed","ping_status":"closed","template":"page-synergy-apps.php","meta":{"inline_featured_image":false,"footnotes":""},"class_list":["post-30460","page","type-page","status-publish","has-post-thumbnail","hentry"],"yoast_head":"<!-- This site is optimized with the Yoast SEO Premium plugin v19.7 (Yoast SEO v27.3) - https:\/\/yoast.com\/product\/yoast-seo-premium-wordpress\/ -->\n<title>Synergy AI Apps \u2013 Ready-to-Use Business Apps | Bimser<\/title>\n<meta name=\"description\" content=\"Launch HR, Legal, and Finance apps in days with Synergy AI Low Code Platform. Pre-built workflows for leave, expense, invoice, and contract management.\" \/>\n<meta name=\"robots\" content=\"index, follow, max-snippet:-1, max-image-preview:large, max-video-preview:-1\" \/>\n<link rel=\"canonical\" href=\"https:\/\/bimser.com\/en\/synergy-ai-apps\/\" \/>\n<meta property=\"og:locale\" content=\"en_US\" \/>\n<meta property=\"og:type\" content=\"article\" \/>\n<meta property=\"og:title\" content=\"Bimser - Meet the Powerful Integrated Management System with QDMS!\" \/>\n<meta property=\"og:description\" content=\"QDMS is a business-friendly management system solution developed for the realization of targeted quality in integrated management systems.\" \/>\n<meta property=\"og:url\" content=\"https:\/\/bimser.com\/en\/synergy-ai-apps\/\" \/>\n<meta property=\"og:site_name\" content=\"Bimser \u00c7\u00f6z\u00fcm\" \/>\n<meta property=\"article:publisher\" content=\"https:\/\/www.facebook.com\/bmsercozum\/\" \/>\n<meta property=\"article:modified_time\" content=\"2026-03-11T16:31:50+00:00\" \/>\n<meta property=\"og:image\" content=\"https:\/\/bimser.com\/bimser\/wp-content\/uploads\/2022\/09\/QDMS-ile-Guclu-Entegre-Yonetim-Sistemi-ile-Tanisin-1024x639.png\" \/>\n<meta name=\"twitter:card\" content=\"summary_large_image\" \/>\n<meta name=\"twitter:title\" content=\"Bimser - Meet the Powerful Integrated Management System with QDMS!\" \/>\n<meta name=\"twitter:description\" content=\"QDMS is a business-friendly management system solution developed for the realization of targeted quality in integrated management systems.\" \/>\n<meta name=\"twitter:site\" content=\"@Bimser_\" \/>\n<meta name=\"twitter:label1\" content=\"Est. reading time\" \/>\n\t<meta name=\"twitter:data1\" content=\"1 minute\" \/>\n<script type=\"application\/ld+json\" class=\"yoast-schema-graph\">{\"@context\":\"https:\\\/\\\/schema.org\",\"@graph\":[{\"@type\":\"WebPage\",\"@id\":\"https:\\\/\\\/bimser.com\\\/en\\\/synergy-ai-apps\\\/\",\"url\":\"https:\\\/\\\/bimser.com\\\/en\\\/synergy-ai-apps\\\/\",\"name\":\"Synergy AI Apps \u2013 Ready-to-Use Business Apps | Bimser\",\"isPartOf\":{\"@id\":\"https:\\\/\\\/bimser.com\\\/#website\"},\"primaryImageOfPage\":{\"@id\":\"https:\\\/\\\/bimser.com\\\/en\\\/synergy-ai-apps\\\/#primaryimage\"},\"image\":{\"@id\":\"https:\\\/\\\/bimser.com\\\/en\\\/synergy-ai-apps\\\/#primaryimage\"},\"thumbnailUrl\":\"https:\\\/\\\/bimser.com\\\/wp-content\\\/uploads\\\/2024\\\/04\\\/QGRC-Moduller.jpg\",\"datePublished\":\"2026-03-09T00:40:30+00:00\",\"dateModified\":\"2026-03-11T16:31:50+00:00\",\"description\":\"Launch HR, Legal, and Finance apps in days with Synergy AI Low Code Platform. Pre-built workflows for leave, expense, invoice, and contract management.\",\"breadcrumb\":{\"@id\":\"https:\\\/\\\/bimser.com\\\/en\\\/synergy-ai-apps\\\/#breadcrumb\"},\"inLanguage\":\"en-US\",\"potentialAction\":[{\"@type\":\"ReadAction\",\"target\":[\"https:\\\/\\\/bimser.com\\\/en\\\/synergy-ai-apps\\\/\"]}]},{\"@type\":\"ImageObject\",\"inLanguage\":\"en-US\",\"@id\":\"https:\\\/\\\/bimser.com\\\/en\\\/synergy-ai-apps\\\/#primaryimage\",\"url\":\"https:\\\/\\\/bimser.com\\\/wp-content\\\/uploads\\\/2024\\\/04\\\/QGRC-Moduller.jpg\",\"contentUrl\":\"https:\\\/\\\/bimser.com\\\/wp-content\\\/uploads\\\/2024\\\/04\\\/QGRC-Moduller.jpg\",\"width\":1000,\"height\":589},{\"@type\":\"BreadcrumbList\",\"@id\":\"https:\\\/\\\/bimser.com\\\/en\\\/synergy-ai-apps\\\/#breadcrumb\",\"itemListElement\":[{\"@type\":\"ListItem\",\"position\":1,\"name\":\"Anasayfa\",\"item\":\"https:\\\/\\\/bimser.com\\\/\"},{\"@type\":\"ListItem\",\"position\":2,\"name\":\"Synergy AI Apps\"}]},{\"@type\":\"WebSite\",\"@id\":\"https:\\\/\\\/bimser.com\\\/#website\",\"url\":\"https:\\\/\\\/bimser.com\\\/\",\"name\":\"Bimser \u00c7\u00f6z\u00fcm\",\"description\":\"Dijital D\u00f6n\u00fc\u015f\u00fcmde Ak\u0131ll\u0131 \u00c7\u00f6z\u00fcmler ve \u00dcr\u00fcnler\",\"publisher\":{\"@id\":\"https:\\\/\\\/bimser.com\\\/#organization\"},\"potentialAction\":[{\"@type\":\"SearchAction\",\"target\":{\"@type\":\"EntryPoint\",\"urlTemplate\":\"https:\\\/\\\/bimser.com\\\/?s={search_term_string}\"},\"query-input\":{\"@type\":\"PropertyValueSpecification\",\"valueRequired\":true,\"valueName\":\"search_term_string\"}}],\"inLanguage\":\"en-US\"},{\"@type\":\"Organization\",\"@id\":\"https:\\\/\\\/bimser.com\\\/#organization\",\"name\":\"Bimser \u00c7\u00f6z\u00fcm\",\"alternateName\":\"Bimser Inc.\",\"url\":\"https:\\\/\\\/bimser.com\\\/\",\"logo\":{\"@type\":\"ImageObject\",\"inLanguage\":\"en-US\",\"@id\":\"https:\\\/\\\/bimser.com\\\/#\\\/schema\\\/logo\\\/image\\\/\",\"url\":\"https:\\\/\\\/bimser.com\\\/bimser\\\/wp-content\\\/uploads\\\/2021\\\/09\\\/Bimser-Logo-4-300x101-1.png\",\"contentUrl\":\"https:\\\/\\\/bimser.com\\\/bimser\\\/wp-content\\\/uploads\\\/2021\\\/09\\\/Bimser-Logo-4-300x101-1.png\",\"width\":300,\"height\":101,\"caption\":\"Bimser \u00c7\u00f6z\u00fcm\"},\"image\":{\"@id\":\"https:\\\/\\\/bimser.com\\\/#\\\/schema\\\/logo\\\/image\\\/\"},\"sameAs\":[\"https:\\\/\\\/www.facebook.com\\\/bmsercozum\\\/\",\"https:\\\/\\\/x.com\\\/Bimser_\",\"https:\\\/\\\/www.instagram.com\\\/bimsercozum\\\/\",\"https:\\\/\\\/www.linkedin.com\\\/company\\\/bimser-z-m\\\/mycompany\\\/\",\"https:\\\/\\\/www.youtube.com\\\/channel\\\/UCX_4PkXrhcp9Cweo5KTDCMQ\"]}]}<\/script>\n<!-- \/ Yoast SEO Premium plugin. -->","yoast_head_json":{"title":"Synergy AI Apps \u2013 Ready-to-Use Business Apps | Bimser","description":"Launch HR, Legal, and Finance apps in days with Synergy AI Low Code Platform. Pre-built workflows for leave, expense, invoice, and contract management.","robots":{"index":"index","follow":"follow","max-snippet":"max-snippet:-1","max-image-preview":"max-image-preview:large","max-video-preview":"max-video-preview:-1"},"canonical":"https:\/\/bimser.com\/en\/synergy-ai-apps\/","og_locale":"en_US","og_type":"article","og_title":"Bimser - Meet the Powerful Integrated Management System with QDMS!","og_description":"QDMS is a business-friendly management system solution developed for the realization of targeted quality in integrated management systems.","og_url":"https:\/\/bimser.com\/en\/synergy-ai-apps\/","og_site_name":"Bimser \u00c7\u00f6z\u00fcm","article_publisher":"https:\/\/www.facebook.com\/bmsercozum\/","article_modified_time":"2026-03-11T16:31:50+00:00","og_image":[{"url":"https:\/\/bimser.com\/bimser\/wp-content\/uploads\/2022\/09\/QDMS-ile-Guclu-Entegre-Yonetim-Sistemi-ile-Tanisin-1024x639.png","type":"","width":"","height":""}],"twitter_card":"summary_large_image","twitter_title":"Bimser - Meet the Powerful Integrated Management System with QDMS!","twitter_description":"QDMS is a business-friendly management system solution developed for the realization of targeted quality in integrated management systems.","twitter_site":"@Bimser_","twitter_misc":{"Est. reading time":"1 minute"},"schema":{"@context":"https:\/\/schema.org","@graph":[{"@type":"WebPage","@id":"https:\/\/bimser.com\/en\/synergy-ai-apps\/","url":"https:\/\/bimser.com\/en\/synergy-ai-apps\/","name":"Synergy AI Apps \u2013 Ready-to-Use Business Apps | Bimser","isPartOf":{"@id":"https:\/\/bimser.com\/#website"},"primaryImageOfPage":{"@id":"https:\/\/bimser.com\/en\/synergy-ai-apps\/#primaryimage"},"image":{"@id":"https:\/\/bimser.com\/en\/synergy-ai-apps\/#primaryimage"},"thumbnailUrl":"https:\/\/bimser.com\/wp-content\/uploads\/2024\/04\/QGRC-Moduller.jpg","datePublished":"2026-03-09T00:40:30+00:00","dateModified":"2026-03-11T16:31:50+00:00","description":"Launch HR, Legal, and Finance apps in days with Synergy AI Low Code Platform. Pre-built workflows for leave, expense, invoice, and contract management.","breadcrumb":{"@id":"https:\/\/bimser.com\/en\/synergy-ai-apps\/#breadcrumb"},"inLanguage":"en-US","potentialAction":[{"@type":"ReadAction","target":["https:\/\/bimser.com\/en\/synergy-ai-apps\/"]}]},{"@type":"ImageObject","inLanguage":"en-US","@id":"https:\/\/bimser.com\/en\/synergy-ai-apps\/#primaryimage","url":"https:\/\/bimser.com\/wp-content\/uploads\/2024\/04\/QGRC-Moduller.jpg","contentUrl":"https:\/\/bimser.com\/wp-content\/uploads\/2024\/04\/QGRC-Moduller.jpg","width":1000,"height":589},{"@type":"BreadcrumbList","@id":"https:\/\/bimser.com\/en\/synergy-ai-apps\/#breadcrumb","itemListElement":[{"@type":"ListItem","position":1,"name":"Anasayfa","item":"https:\/\/bimser.com\/"},{"@type":"ListItem","position":2,"name":"Synergy AI Apps"}]},{"@type":"WebSite","@id":"https:\/\/bimser.com\/#website","url":"https:\/\/bimser.com\/","name":"Bimser \u00c7\u00f6z\u00fcm","description":"Dijital D\u00f6n\u00fc\u015f\u00fcmde Ak\u0131ll\u0131 \u00c7\u00f6z\u00fcmler ve \u00dcr\u00fcnler","publisher":{"@id":"https:\/\/bimser.com\/#organization"},"potentialAction":[{"@type":"SearchAction","target":{"@type":"EntryPoint","urlTemplate":"https:\/\/bimser.com\/?s={search_term_string}"},"query-input":{"@type":"PropertyValueSpecification","valueRequired":true,"valueName":"search_term_string"}}],"inLanguage":"en-US"},{"@type":"Organization","@id":"https:\/\/bimser.com\/#organization","name":"Bimser \u00c7\u00f6z\u00fcm","alternateName":"Bimser Inc.","url":"https:\/\/bimser.com\/","logo":{"@type":"ImageObject","inLanguage":"en-US","@id":"https:\/\/bimser.com\/#\/schema\/logo\/image\/","url":"https:\/\/bimser.com\/bimser\/wp-content\/uploads\/2021\/09\/Bimser-Logo-4-300x101-1.png","contentUrl":"https:\/\/bimser.com\/bimser\/wp-content\/uploads\/2021\/09\/Bimser-Logo-4-300x101-1.png","width":300,"height":101,"caption":"Bimser \u00c7\u00f6z\u00fcm"},"image":{"@id":"https:\/\/bimser.com\/#\/schema\/logo\/image\/"},"sameAs":["https:\/\/www.facebook.com\/bmsercozum\/","https:\/\/x.com\/Bimser_","https:\/\/www.instagram.com\/bimsercozum\/","https:\/\/www.linkedin.com\/company\/bimser-z-m\/mycompany\/","https:\/\/www.youtube.com\/channel\/UCX_4PkXrhcp9Cweo5KTDCMQ"]}]}},"_links":{"self":[{"href":"https:\/\/bimser.com\/en\/wp-json\/wp\/v2\/pages\/30460","targetHints":{"allow":["GET"]}}],"collection":[{"href":"https:\/\/bimser.com\/en\/wp-json\/wp\/v2\/pages"}],"about":[{"href":"https:\/\/bimser.com\/en\/wp-json\/wp\/v2\/types\/page"}],"author":[{"embeddable":true,"href":"https:\/\/bimser.com\/en\/wp-json\/wp\/v2\/users\/2"}],"replies":[{"embeddable":true,"href":"https:\/\/bimser.com\/en\/wp-json\/wp\/v2\/comments?post=30460"}],"version-history":[{"count":5,"href":"https:\/\/bimser.com\/en\/wp-json\/wp\/v2\/pages\/30460\/revisions"}],"predecessor-version":[{"id":30468,"href":"https:\/\/bimser.com\/en\/wp-json\/wp\/v2\/pages\/30460\/revisions\/30468"}],"wp:featuredmedia":[{"embeddable":true,"href":"https:\/\/bimser.com\/en\/wp-json\/wp\/v2\/media\/27647"}],"wp:attachment":[{"href":"https:\/\/bimser.com\/en\/wp-json\/wp\/v2\/media?parent=30460"}],"curies":[{"name":"wp","href":"https:\/\/api.w.org\/{rel}","templated":true}]}}